{"id":971,"date":"2025-02-03T19:40:14","date_gmt":"2025-02-03T19:40:14","guid":{"rendered":"https:\/\/royaldoor.com.ar\/home\/?post_type=product&#038;p=971"},"modified":"2025-02-03T19:43:36","modified_gmt":"2025-02-03T19:43:36","slug":"sillon-giro","status":"publish","type":"product","link":"https:\/\/royaldoor.com.ar\/home\/producto\/sillon-giro\/","title":{"rendered":"Sill\u00f3n Giro"},"content":{"rendered":"<p>SILLA GIRO GIRATORIA<br \/>\n_______________________________________________________<\/p>\n<p>GARANT\u00cdA POR 6 MESES | Todos los medios de pago | Factura A y B<br \/>\n_______________________________________________________<\/p>\n<p>Especificaciones T\u00e9cnicas:<\/p>\n<p>\u2022 Material del Asiento: Tela<br \/>\n\u2022 Material de los Apoyabrazos: PVC<br \/>\n\u2022 Material del Respaldo: Red negro<br \/>\n\u2022 Altura Ajustable: 91,5 cm \u2013 99,5 cm<br \/>\n\u2022 Peso Recomendado del Usuario: Hasta 120 kg<\/p>\n","protected":false},"excerpt":{"rendered":"<p>SILLA GIRO GIRATORIA _______________________________________________________ GARANT\u00cdA POR 6 MESES | Todos los medios de pago | Factura A y B _______________________________________________________ Especificaciones T\u00e9cnicas: \u2022 Material del Asiento: Tela \u2022 Material de los Apoyabrazos: PVC \u2022 Material del Respaldo: Red negro \u2022 Altura Ajustable: 91,5 cm \u2013 99,5 cm \u2022 Peso Recomendado del Usuario: Hasta 120 kg<\/p>\n","protected":false},"featured_media":976,"template":"","meta":{"_joinchat":{"telephone":"+542204923665","message_text":"\u00a1Env\u00edenos su consulta y con gusto le responderemos!","message_send":"\u00a1Hola!\nEstoy en la p\u00e1gina de Royal Door y me gustar\u00eda obtener m\u00e1s informaci\u00f3n sobre {PRODUCT} por favor."}},"yoast_head":"<!-- This site is optimized with the Yoast SEO plugin v22.7 - https:\/\/yoast.com\/wordpress\/plugins\/seo\/ -->\n<title>Sill\u00f3n Giro - RoyalDoor<\/title>\n<meta name=\"description\" content=\"Sill\u00f3n Giro - Respaldo Mesh - Apoyo lumbar - Base Cromada\" \/>\n<meta name=\"robots\" content=\"index, follow, max-snippet:-1, max-image-preview:large, max-video-preview:-1\" \/>\n<link rel=\"canonical\" href=\"https:\/\/royaldoor.com.ar\/home\/producto\/sillon-giro\/\" \/>\n<meta property=\"og:locale\" content=\"es_ES\" \/>\n<meta property=\"og:type\" content=\"article\" \/>\n<meta property=\"og:title\" content=\"Sill\u00f3n Giro - RoyalDoor\" \/>\n<meta property=\"og:description\" content=\"Sill\u00f3n Giro - Respaldo Mesh - Apoyo lumbar - Base Cromada\" \/>\n<meta property=\"og:url\" content=\"https:\/\/royaldoor.com.ar\/home\/producto\/sillon-giro\/\" \/>\n<meta property=\"og:site_name\" content=\"RoyalDoor\" \/>\n<meta property=\"article:modified_time\" content=\"2025-02-03T19:43:36+00:00\" \/>\n<meta property=\"og:image\" content=\"https:\/\/royaldoor.com.ar\/home\/wp-content\/uploads\/WhatsApp-Image-2025-02-03-at-4.42.57-PM.jpeg\" \/>\n\t<meta property=\"og:image:width\" content=\"1080\" \/>\n\t<meta property=\"og:image:height\" content=\"1080\" \/>\n\t<meta property=\"og:image:type\" content=\"image\/jpeg\" \/>\n<meta name=\"twitter:card\" content=\"summary_large_image\" \/>\n<meta name=\"twitter:label1\" content=\"Tiempo de lectura\" \/>\n\t<meta name=\"twitter:data1\" content=\"1 minuto\" \/>\n<script type=\"application\/ld+json\" class=\"yoast-schema-graph\">{\"@context\":\"https:\/\/schema.org\",\"@graph\":[{\"@type\":\"WebPage\",\"@id\":\"https:\/\/royaldoor.com.ar\/home\/producto\/sillon-giro\/\",\"url\":\"https:\/\/royaldoor.com.ar\/home\/producto\/sillon-giro\/\",\"name\":\"Sill\u00f3n Giro - RoyalDoor\",\"isPartOf\":{\"@id\":\"https:\/\/royaldoor.com.ar\/home\/#website\"},\"primaryImageOfPage\":{\"@id\":\"https:\/\/royaldoor.com.ar\/home\/producto\/sillon-giro\/#primaryimage\"},\"image\":{\"@id\":\"https:\/\/royaldoor.com.ar\/home\/producto\/sillon-giro\/#primaryimage\"},\"thumbnailUrl\":\"https:\/\/royaldoor.com.ar\/home\/wp-content\/uploads\/WhatsApp-Image-2025-02-03-at-4.42.57-PM.jpeg\",\"datePublished\":\"2025-02-03T19:40:14+00:00\",\"dateModified\":\"2025-02-03T19:43:36+00:00\",\"description\":\"Sill\u00f3n Giro - Respaldo Mesh - Apoyo lumbar - Base Cromada\",\"breadcrumb\":{\"@id\":\"https:\/\/royaldoor.com.ar\/home\/producto\/sillon-giro\/#breadcrumb\"},\"inLanguage\":\"es\",\"potentialAction\":[{\"@type\":\"ReadAction\",\"target\":[\"https:\/\/royaldoor.com.ar\/home\/producto\/sillon-giro\/\"]}]},{\"@type\":\"ImageObject\",\"inLanguage\":\"es\",\"@id\":\"https:\/\/royaldoor.com.ar\/home\/producto\/sillon-giro\/#primaryimage\",\"url\":\"https:\/\/royaldoor.com.ar\/home\/wp-content\/uploads\/WhatsApp-Image-2025-02-03-at-4.42.57-PM.jpeg\",\"contentUrl\":\"https:\/\/royaldoor.com.ar\/home\/wp-content\/uploads\/WhatsApp-Image-2025-02-03-at-4.42.57-PM.jpeg\",\"width\":1080,\"height\":1080},{\"@type\":\"BreadcrumbList\",\"@id\":\"https:\/\/royaldoor.com.ar\/home\/producto\/sillon-giro\/#breadcrumb\",\"itemListElement\":[{\"@type\":\"ListItem\",\"position\":1,\"name\":\"Portada\",\"item\":\"https:\/\/royaldoor.com.ar\/home\/\"},{\"@type\":\"ListItem\",\"position\":2,\"name\":\"Productos\",\"item\":\"https:\/\/royaldoor.com.ar\/home\/productos\/\"},{\"@type\":\"ListItem\",\"position\":3,\"name\":\"Sill\u00f3n Giro\"}]},{\"@type\":\"WebSite\",\"@id\":\"https:\/\/royaldoor.com.ar\/home\/#website\",\"url\":\"https:\/\/royaldoor.com.ar\/home\/\",\"name\":\"RoyalDoor\",\"description\":\"F\u00e1brica de muebles\",\"potentialAction\":[{\"@type\":\"SearchAction\",\"target\":{\"@type\":\"EntryPoint\",\"urlTemplate\":\"https:\/\/royaldoor.com.ar\/home\/?s={search_term_string}\"},\"query-input\":\"required name=search_term_string\"}],\"inLanguage\":\"es\"}]}<\/script>\n<!-- \/ Yoast SEO plugin. -->","yoast_head_json":{"title":"Sill\u00f3n Giro - RoyalDoor","description":"Sill\u00f3n Giro - Respaldo Mesh - Apoyo lumbar - Base Cromada","robots":{"index":"index","follow":"follow","max-snippet":"max-snippet:-1","max-image-preview":"max-image-preview:large","max-video-preview":"max-video-preview:-1"},"canonical":"https:\/\/royaldoor.com.ar\/home\/producto\/sillon-giro\/","og_locale":"es_ES","og_type":"article","og_title":"Sill\u00f3n Giro - RoyalDoor","og_description":"Sill\u00f3n Giro - Respaldo Mesh - Apoyo lumbar - Base Cromada","og_url":"https:\/\/royaldoor.com.ar\/home\/producto\/sillon-giro\/","og_site_name":"RoyalDoor","article_modified_time":"2025-02-03T19:43:36+00:00","og_image":[{"width":1080,"height":1080,"url":"https:\/\/royaldoor.com.ar\/home\/wp-content\/uploads\/WhatsApp-Image-2025-02-03-at-4.42.57-PM.jpeg","type":"image\/jpeg"}],"twitter_card":"summary_large_image","twitter_misc":{"Tiempo de lectura":"1 minuto"},"schema":{"@context":"https:\/\/schema.org","@graph":[{"@type":"WebPage","@id":"https:\/\/royaldoor.com.ar\/home\/producto\/sillon-giro\/","url":"https:\/\/royaldoor.com.ar\/home\/producto\/sillon-giro\/","name":"Sill\u00f3n Giro - RoyalDoor","isPartOf":{"@id":"https:\/\/royaldoor.com.ar\/home\/#website"},"primaryImageOfPage":{"@id":"https:\/\/royaldoor.com.ar\/home\/producto\/sillon-giro\/#primaryimage"},"image":{"@id":"https:\/\/royaldoor.com.ar\/home\/producto\/sillon-giro\/#primaryimage"},"thumbnailUrl":"https:\/\/royaldoor.com.ar\/home\/wp-content\/uploads\/WhatsApp-Image-2025-02-03-at-4.42.57-PM.jpeg","datePublished":"2025-02-03T19:40:14+00:00","dateModified":"2025-02-03T19:43:36+00:00","description":"Sill\u00f3n Giro - Respaldo Mesh - Apoyo lumbar - Base Cromada","breadcrumb":{"@id":"https:\/\/royaldoor.com.ar\/home\/producto\/sillon-giro\/#breadcrumb"},"inLanguage":"es","potentialAction":[{"@type":"ReadAction","target":["https:\/\/royaldoor.com.ar\/home\/producto\/sillon-giro\/"]}]},{"@type":"ImageObject","inLanguage":"es","@id":"https:\/\/royaldoor.com.ar\/home\/producto\/sillon-giro\/#primaryimage","url":"https:\/\/royaldoor.com.ar\/home\/wp-content\/uploads\/WhatsApp-Image-2025-02-03-at-4.42.57-PM.jpeg","contentUrl":"https:\/\/royaldoor.com.ar\/home\/wp-content\/uploads\/WhatsApp-Image-2025-02-03-at-4.42.57-PM.jpeg","width":1080,"height":1080},{"@type":"BreadcrumbList","@id":"https:\/\/royaldoor.com.ar\/home\/producto\/sillon-giro\/#breadcrumb","itemListElement":[{"@type":"ListItem","position":1,"name":"Portada","item":"https:\/\/royaldoor.com.ar\/home\/"},{"@type":"ListItem","position":2,"name":"Productos","item":"https:\/\/royaldoor.com.ar\/home\/productos\/"},{"@type":"ListItem","position":3,"name":"Sill\u00f3n Giro"}]},{"@type":"WebSite","@id":"https:\/\/royaldoor.com.ar\/home\/#website","url":"https:\/\/royaldoor.com.ar\/home\/","name":"RoyalDoor","description":"F\u00e1brica de muebles","potentialAction":[{"@type":"SearchAction","target":{"@type":"EntryPoint","urlTemplate":"https:\/\/royaldoor.com.ar\/home\/?s={search_term_string}"},"query-input":"required name=search_term_string"}],"inLanguage":"es"}]}},"_links":{"self":[{"href":"https:\/\/royaldoor.com.ar\/home\/wp-json\/wp\/v2\/product\/971"}],"collection":[{"href":"https:\/\/royaldoor.com.ar\/home\/wp-json\/wp\/v2\/product"}],"about":[{"href":"https:\/\/royaldoor.com.ar\/home\/wp-json\/wp\/v2\/types\/product"}],"wp:featuredmedia":[{"embeddable":true,"href":"https:\/\/royaldoor.com.ar\/home\/wp-json\/wp\/v2\/media\/976"}],"wp:attachment":[{"href":"https:\/\/royaldoor.com.ar\/home\/wp-json\/wp\/v2\/media?parent=971"}],"curies":[{"name":"wp","href":"https:\/\/api.w.org\/{rel}","templated":true}]}}