{"id":722,"date":"2024-01-29T17:40:23","date_gmt":"2024-01-29T17:40:23","guid":{"rendered":"https:\/\/royaldoor.com.ar\/home\/?post_type=product&#038;p=722"},"modified":"2024-01-29T17:42:33","modified_gmt":"2024-01-29T17:42:33","slug":"mesa-gerencial-moderna-de-reuniones","status":"publish","type":"product","link":"https:\/\/royaldoor.com.ar\/home\/producto\/mesa-gerencial-moderna-de-reuniones\/","title":{"rendered":"Mesa Gerencial Moderna de Reuniones"},"content":{"rendered":"<p>Mesa Gerencial Moderna de Reuniones<\/p>\n<p>_______________________________________________________<\/p>\n<p>GARANT\u00cdA POR 6 MESES | Todos los medios de pago | Factura A y B<br \/>\n_______________________________________________________<\/p>\n<p>ESPECIFICACIONES T\u00c9CNICAS:<br \/>\n\u2013 Construido en base de hierro reforzado 40&#215;40 mm y tapa de melamina de 18 mm de alta calidad. Incluye dos cajas de conexi\u00f3n el\u00e9ctrica met\u00e1licas.<br \/>\n\u2013 Base color Negro, Blanco o Gris.<br \/>\n\u2013 Tapa Blanca, Negra, Haya, Gris Claro o Wengue.<br \/>\n\u2013 Medidas:<br \/>\nAncho: 280 cm<br \/>\nLargo: 80 cm<br \/>\nAlto: 75 cm<\/p>\n<p>\u2013 Fabricante Directo.<\/p>\n<p>______________________________________________________<\/p>\n<p>*ENV\u00cdOS: PROPIOS A TRAV\u00c9S DE NUESTRA FLOTA DE CAMIONES.<\/p>\n<p>*RETIRA: DE LUNES A VIERNES DE 8 A 5 PM POR PONTEVEDRA, MERLO.<\/p>\n","protected":false},"excerpt":{"rendered":"<p>Mesa Gerencial Moderna de Reuniones _______________________________________________________ GARANT\u00cdA POR 6 MESES | Todos los medios de pago | Factura A y B _______________________________________________________ ESPECIFICACIONES T\u00c9CNICAS: \u2013 Construido en base de hierro reforzado 40&#215;40 mm y tapa de melamina de 18 mm de alta calidad. Incluye dos cajas de conexi\u00f3n el\u00e9ctrica met\u00e1licas. \u2013 Base color Negro, Blanco [&#8230;]\n","protected":false},"featured_media":723,"template":"","meta":{"_joinchat":{"telephone":"+542204923665","message_text":"\u00a1Env\u00edenos su consulta y con gusto le responderemos!","message_send":"\u00a1Hola!\nEstoy en la p\u00e1gina de Royal Door y me gustar\u00eda obtener m\u00e1s informaci\u00f3n sobre {PRODUCT} por favor."}},"yoast_head":"<!-- This site is optimized with the Yoast SEO plugin v22.7 - https:\/\/yoast.com\/wordpress\/plugins\/seo\/ -->\n<title>Mesa Gerencial Moderna de Reuniones - RoyalDoor<\/title>\n<meta name=\"description\" content=\"Royal Door SRL - Fabricante de Muebles\" \/>\n<meta name=\"robots\" content=\"index, follow, max-snippet:-1, max-image-preview:large, max-video-preview:-1\" \/>\n<link rel=\"canonical\" href=\"https:\/\/royaldoor.com.ar\/home\/producto\/mesa-gerencial-moderna-de-reuniones\/\" \/>\n<meta property=\"og:locale\" content=\"es_ES\" \/>\n<meta property=\"og:type\" content=\"article\" \/>\n<meta property=\"og:title\" content=\"Mesa Gerencial Moderna de Reuniones - RoyalDoor\" \/>\n<meta property=\"og:description\" content=\"Royal Door SRL - Fabricante de Muebles\" \/>\n<meta property=\"og:url\" content=\"https:\/\/royaldoor.com.ar\/home\/producto\/mesa-gerencial-moderna-de-reuniones\/\" \/>\n<meta property=\"og:site_name\" content=\"RoyalDoor\" \/>\n<meta property=\"article:modified_time\" content=\"2024-01-29T17:42:33+00:00\" \/>\n<meta property=\"og:image\" content=\"https:\/\/royaldoor.com.ar\/home\/wp-content\/uploads\/WhatsApp-Image-2024-01-16-at-11.12.47.jpeg\" \/>\n\t<meta property=\"og:image:width\" content=\"1080\" \/>\n\t<meta property=\"og:image:height\" content=\"1080\" \/>\n\t<meta property=\"og:image:type\" content=\"image\/jpeg\" \/>\n<meta name=\"twitter:card\" content=\"summary_large_image\" \/>\n<script type=\"application\/ld+json\" class=\"yoast-schema-graph\">{\"@context\":\"https:\/\/schema.org\",\"@graph\":[{\"@type\":\"WebPage\",\"@id\":\"https:\/\/royaldoor.com.ar\/home\/producto\/mesa-gerencial-moderna-de-reuniones\/\",\"url\":\"https:\/\/royaldoor.com.ar\/home\/producto\/mesa-gerencial-moderna-de-reuniones\/\",\"name\":\"Mesa Gerencial Moderna de Reuniones - RoyalDoor\",\"isPartOf\":{\"@id\":\"https:\/\/royaldoor.com.ar\/home\/#website\"},\"primaryImageOfPage\":{\"@id\":\"https:\/\/royaldoor.com.ar\/home\/producto\/mesa-gerencial-moderna-de-reuniones\/#primaryimage\"},\"image\":{\"@id\":\"https:\/\/royaldoor.com.ar\/home\/producto\/mesa-gerencial-moderna-de-reuniones\/#primaryimage\"},\"thumbnailUrl\":\"https:\/\/royaldoor.com.ar\/home\/wp-content\/uploads\/WhatsApp-Image-2024-01-16-at-11.12.47.jpeg\",\"datePublished\":\"2024-01-29T17:40:23+00:00\",\"dateModified\":\"2024-01-29T17:42:33+00:00\",\"description\":\"Royal Door SRL - Fabricante de Muebles\",\"breadcrumb\":{\"@id\":\"https:\/\/royaldoor.com.ar\/home\/producto\/mesa-gerencial-moderna-de-reuniones\/#breadcrumb\"},\"inLanguage\":\"es\",\"potentialAction\":[{\"@type\":\"ReadAction\",\"target\":[\"https:\/\/royaldoor.com.ar\/home\/producto\/mesa-gerencial-moderna-de-reuniones\/\"]}]},{\"@type\":\"ImageObject\",\"inLanguage\":\"es\",\"@id\":\"https:\/\/royaldoor.com.ar\/home\/producto\/mesa-gerencial-moderna-de-reuniones\/#primaryimage\",\"url\":\"https:\/\/royaldoor.com.ar\/home\/wp-content\/uploads\/WhatsApp-Image-2024-01-16-at-11.12.47.jpeg\",\"contentUrl\":\"https:\/\/royaldoor.com.ar\/home\/wp-content\/uploads\/WhatsApp-Image-2024-01-16-at-11.12.47.jpeg\",\"width\":1080,\"height\":1080},{\"@type\":\"BreadcrumbList\",\"@id\":\"https:\/\/royaldoor.com.ar\/home\/producto\/mesa-gerencial-moderna-de-reuniones\/#breadcrumb\",\"itemListElement\":[{\"@type\":\"ListItem\",\"position\":1,\"name\":\"Portada\",\"item\":\"https:\/\/royaldoor.com.ar\/home\/\"},{\"@type\":\"ListItem\",\"position\":2,\"name\":\"Productos\",\"item\":\"https:\/\/royaldoor.com.ar\/home\/productos\/\"},{\"@type\":\"ListItem\",\"position\":3,\"name\":\"Mesa Gerencial Moderna de Reuniones\"}]},{\"@type\":\"WebSite\",\"@id\":\"https:\/\/royaldoor.com.ar\/home\/#website\",\"url\":\"https:\/\/royaldoor.com.ar\/home\/\",\"name\":\"RoyalDoor\",\"description\":\"F\u00e1brica de muebles\",\"potentialAction\":[{\"@type\":\"SearchAction\",\"target\":{\"@type\":\"EntryPoint\",\"urlTemplate\":\"https:\/\/royaldoor.com.ar\/home\/?s={search_term_string}\"},\"query-input\":\"required name=search_term_string\"}],\"inLanguage\":\"es\"}]}<\/script>\n<!-- \/ Yoast SEO plugin. -->","yoast_head_json":{"title":"Mesa Gerencial Moderna de Reuniones - RoyalDoor","description":"Royal Door SRL - Fabricante de Muebles","robots":{"index":"index","follow":"follow","max-snippet":"max-snippet:-1","max-image-preview":"max-image-preview:large","max-video-preview":"max-video-preview:-1"},"canonical":"https:\/\/royaldoor.com.ar\/home\/producto\/mesa-gerencial-moderna-de-reuniones\/","og_locale":"es_ES","og_type":"article","og_title":"Mesa Gerencial Moderna de Reuniones - RoyalDoor","og_description":"Royal Door SRL - Fabricante de Muebles","og_url":"https:\/\/royaldoor.com.ar\/home\/producto\/mesa-gerencial-moderna-de-reuniones\/","og_site_name":"RoyalDoor","article_modified_time":"2024-01-29T17:42:33+00:00","og_image":[{"width":1080,"height":1080,"url":"https:\/\/royaldoor.com.ar\/home\/wp-content\/uploads\/WhatsApp-Image-2024-01-16-at-11.12.47.jpeg","type":"image\/jpeg"}],"twitter_card":"summary_large_image","schema":{"@context":"https:\/\/schema.org","@graph":[{"@type":"WebPage","@id":"https:\/\/royaldoor.com.ar\/home\/producto\/mesa-gerencial-moderna-de-reuniones\/","url":"https:\/\/royaldoor.com.ar\/home\/producto\/mesa-gerencial-moderna-de-reuniones\/","name":"Mesa Gerencial Moderna de Reuniones - RoyalDoor","isPartOf":{"@id":"https:\/\/royaldoor.com.ar\/home\/#website"},"primaryImageOfPage":{"@id":"https:\/\/royaldoor.com.ar\/home\/producto\/mesa-gerencial-moderna-de-reuniones\/#primaryimage"},"image":{"@id":"https:\/\/royaldoor.com.ar\/home\/producto\/mesa-gerencial-moderna-de-reuniones\/#primaryimage"},"thumbnailUrl":"https:\/\/royaldoor.com.ar\/home\/wp-content\/uploads\/WhatsApp-Image-2024-01-16-at-11.12.47.jpeg","datePublished":"2024-01-29T17:40:23+00:00","dateModified":"2024-01-29T17:42:33+00:00","description":"Royal Door SRL - Fabricante de Muebles","breadcrumb":{"@id":"https:\/\/royaldoor.com.ar\/home\/producto\/mesa-gerencial-moderna-de-reuniones\/#breadcrumb"},"inLanguage":"es","potentialAction":[{"@type":"ReadAction","target":["https:\/\/royaldoor.com.ar\/home\/producto\/mesa-gerencial-moderna-de-reuniones\/"]}]},{"@type":"ImageObject","inLanguage":"es","@id":"https:\/\/royaldoor.com.ar\/home\/producto\/mesa-gerencial-moderna-de-reuniones\/#primaryimage","url":"https:\/\/royaldoor.com.ar\/home\/wp-content\/uploads\/WhatsApp-Image-2024-01-16-at-11.12.47.jpeg","contentUrl":"https:\/\/royaldoor.com.ar\/home\/wp-content\/uploads\/WhatsApp-Image-2024-01-16-at-11.12.47.jpeg","width":1080,"height":1080},{"@type":"BreadcrumbList","@id":"https:\/\/royaldoor.com.ar\/home\/producto\/mesa-gerencial-moderna-de-reuniones\/#breadcrumb","itemListElement":[{"@type":"ListItem","position":1,"name":"Portada","item":"https:\/\/royaldoor.com.ar\/home\/"},{"@type":"ListItem","position":2,"name":"Productos","item":"https:\/\/royaldoor.com.ar\/home\/productos\/"},{"@type":"ListItem","position":3,"name":"Mesa Gerencial Moderna de Reuniones"}]},{"@type":"WebSite","@id":"https:\/\/royaldoor.com.ar\/home\/#website","url":"https:\/\/royaldoor.com.ar\/home\/","name":"RoyalDoor","description":"F\u00e1brica de muebles","potentialAction":[{"@type":"SearchAction","target":{"@type":"EntryPoint","urlTemplate":"https:\/\/royaldoor.com.ar\/home\/?s={search_term_string}"},"query-input":"required name=search_term_string"}],"inLanguage":"es"}]}},"_links":{"self":[{"href":"https:\/\/royaldoor.com.ar\/home\/wp-json\/wp\/v2\/product\/722"}],"collection":[{"href":"https:\/\/royaldoor.com.ar\/home\/wp-json\/wp\/v2\/product"}],"about":[{"href":"https:\/\/royaldoor.com.ar\/home\/wp-json\/wp\/v2\/types\/product"}],"wp:featuredmedia":[{"embeddable":true,"href":"https:\/\/royaldoor.com.ar\/home\/wp-json\/wp\/v2\/media\/723"}],"wp:attachment":[{"href":"https:\/\/royaldoor.com.ar\/home\/wp-json\/wp\/v2\/media?parent=722"}],"curies":[{"name":"wp","href":"https:\/\/api.w.org\/{rel}","templated":true}]}}