{"id":680,"date":"2021-09-21T12:58:52","date_gmt":"2021-09-21T12:58:52","guid":{"rendered":"https:\/\/royaldoor.com.ar\/home\/?post_type=product&#038;p=680"},"modified":"2024-02-06T12:29:38","modified_gmt":"2024-02-06T12:29:38","slug":"mesa-para-silla-de-ruedas","status":"publish","type":"product","link":"https:\/\/royaldoor.com.ar\/home\/producto\/mesa-para-silla-de-ruedas\/","title":{"rendered":"Mesa Grupal para silla de ruedas"},"content":{"rendered":"<p>MESA GRUPAL PARA SILLAS DE RUEDAS<br \/>\n_______________________________________________________<\/p>\n<p>GARANT\u00cdA POR 6 MESES | Todos los medios de pago | Factura A y B<br \/>\n_______________________________________________________<\/p>\n<p>ESPECIFICACIONES T\u00c9CNICAS:<br \/>\n\u2013 Mesa grupal adaptada para silla de ruedas.<br \/>\n\u2013 Ca\u00f1o reforzado 1 1\/2&#8243; (pulgadas)<br \/>\n\u2013 Pintada con pintura epoxi termoconvertible horneada a 220 grados.<br \/>\n\u2013 Medidas:<br \/>\nAncho: 120 cm<br \/>\nAlto: 120 cm<br \/>\nLargo: 78 cm<br \/>\n\u2013 Tapa melamina de 18 mm con escotadura en sus cuatro lados, enchapada en formica y cantos lustrados.<br \/>\nEntre las dos camas: 70 cm<br \/>\n\u2013 Viene en Negro, Blanco, Rojo, Azul o Gris.<br \/>\n\u2013 Fabricante directo<\/p>\n<p>______________________________________________________<\/p>\n<p>*ENV\u00cdOS: PROPIOS A TRAV\u00c9S DE NUESTRA FLOTA DE CAMIONES.<\/p>\n<p>*RETIRA: DE LUNES A VIERNES DE 8 A 5 PM POR PONTEVEDRA, MERLO.<\/p>\n","protected":false},"excerpt":{"rendered":"<p>MESA GRUPAL PARA SILLAS DE RUEDAS _______________________________________________________ GARANT\u00cdA POR 6 MESES | Todos los medios de pago | Factura A y B _______________________________________________________ ESPECIFICACIONES T\u00c9CNICAS: \u2013 Mesa grupal adaptada para silla de ruedas. \u2013 Ca\u00f1o reforzado 1 1\/2&#8243; (pulgadas) \u2013 Pintada con pintura epoxi termoconvertible horneada a 220 grados. \u2013 Medidas: Ancho: 120 cm Alto: [&#8230;]\n","protected":false},"featured_media":679,"template":"","meta":{"_joinchat":{"telephone":"+542204923665","message_text":"\u00a1Env\u00edenos su consulta y con gusto le responderemos!","message_send":"\u00a1Hola!\nEstoy en la p\u00e1gina de Royal Door y me gustar\u00eda obtener m\u00e1s informaci\u00f3n sobre {PRODUCT} por favor."}},"yoast_head":"<!-- This site is optimized with the Yoast SEO plugin v22.7 - https:\/\/yoast.com\/wordpress\/plugins\/seo\/ -->\n<title>Mesa Grupal para silla de ruedas - RoyalDoor<\/title>\n<meta name=\"description\" content=\"Mesa para silla de ruedas - con 4 escotaduras para trabajo en forma grupal. De alta calidad.\" \/>\n<meta name=\"robots\" content=\"index, follow, max-snippet:-1, max-image-preview:large, max-video-preview:-1\" \/>\n<link rel=\"canonical\" href=\"https:\/\/royaldoor.com.ar\/home\/producto\/mesa-para-silla-de-ruedas\/\" \/>\n<meta property=\"og:locale\" content=\"es_ES\" \/>\n<meta property=\"og:type\" content=\"article\" \/>\n<meta property=\"og:title\" content=\"Mesa Grupal para silla de ruedas - RoyalDoor\" \/>\n<meta property=\"og:description\" content=\"Mesa para silla de ruedas - con 4 escotaduras para trabajo en forma grupal. De alta calidad.\" \/>\n<meta property=\"og:url\" content=\"https:\/\/royaldoor.com.ar\/home\/producto\/mesa-para-silla-de-ruedas\/\" \/>\n<meta property=\"og:site_name\" content=\"RoyalDoor\" \/>\n<meta property=\"article:modified_time\" content=\"2024-02-06T12:29:38+00:00\" \/>\n<meta property=\"og:image\" content=\"https:\/\/royaldoor.com.ar\/home\/wp-content\/uploads\/mesa-grupal-con-escotadura-y-ruedas-300x300-e1632229206590.jpg\" \/>\n\t<meta property=\"og:image:width\" content=\"300\" \/>\n\t<meta property=\"og:image:height\" content=\"274\" \/>\n\t<meta property=\"og:image:type\" content=\"image\/jpeg\" \/>\n<meta name=\"twitter:card\" content=\"summary_large_image\" \/>\n<meta name=\"twitter:label1\" content=\"Tiempo de lectura\" \/>\n\t<meta name=\"twitter:data1\" content=\"1 minuto\" \/>\n<script type=\"application\/ld+json\" class=\"yoast-schema-graph\">{\"@context\":\"https:\/\/schema.org\",\"@graph\":[{\"@type\":\"WebPage\",\"@id\":\"https:\/\/royaldoor.com.ar\/home\/producto\/mesa-para-silla-de-ruedas\/\",\"url\":\"https:\/\/royaldoor.com.ar\/home\/producto\/mesa-para-silla-de-ruedas\/\",\"name\":\"Mesa Grupal para silla de ruedas - RoyalDoor\",\"isPartOf\":{\"@id\":\"https:\/\/royaldoor.com.ar\/home\/#website\"},\"primaryImageOfPage\":{\"@id\":\"https:\/\/royaldoor.com.ar\/home\/producto\/mesa-para-silla-de-ruedas\/#primaryimage\"},\"image\":{\"@id\":\"https:\/\/royaldoor.com.ar\/home\/producto\/mesa-para-silla-de-ruedas\/#primaryimage\"},\"thumbnailUrl\":\"https:\/\/royaldoor.com.ar\/home\/wp-content\/uploads\/mesa-grupal-con-escotadura-y-ruedas-300x300-e1632229206590.jpg\",\"datePublished\":\"2021-09-21T12:58:52+00:00\",\"dateModified\":\"2024-02-06T12:29:38+00:00\",\"description\":\"Mesa para silla de ruedas - con 4 escotaduras para trabajo en forma grupal. De alta calidad.\",\"breadcrumb\":{\"@id\":\"https:\/\/royaldoor.com.ar\/home\/producto\/mesa-para-silla-de-ruedas\/#breadcrumb\"},\"inLanguage\":\"es\",\"potentialAction\":[{\"@type\":\"ReadAction\",\"target\":[\"https:\/\/royaldoor.com.ar\/home\/producto\/mesa-para-silla-de-ruedas\/\"]}]},{\"@type\":\"ImageObject\",\"inLanguage\":\"es\",\"@id\":\"https:\/\/royaldoor.com.ar\/home\/producto\/mesa-para-silla-de-ruedas\/#primaryimage\",\"url\":\"https:\/\/royaldoor.com.ar\/home\/wp-content\/uploads\/mesa-grupal-con-escotadura-y-ruedas-300x300-e1632229206590.jpg\",\"contentUrl\":\"https:\/\/royaldoor.com.ar\/home\/wp-content\/uploads\/mesa-grupal-con-escotadura-y-ruedas-300x300-e1632229206590.jpg\",\"width\":300,\"height\":274},{\"@type\":\"BreadcrumbList\",\"@id\":\"https:\/\/royaldoor.com.ar\/home\/producto\/mesa-para-silla-de-ruedas\/#breadcrumb\",\"itemListElement\":[{\"@type\":\"ListItem\",\"position\":1,\"name\":\"Portada\",\"item\":\"https:\/\/royaldoor.com.ar\/home\/\"},{\"@type\":\"ListItem\",\"position\":2,\"name\":\"Productos\",\"item\":\"https:\/\/royaldoor.com.ar\/home\/productos\/\"},{\"@type\":\"ListItem\",\"position\":3,\"name\":\"Mesa Grupal para silla de ruedas\"}]},{\"@type\":\"WebSite\",\"@id\":\"https:\/\/royaldoor.com.ar\/home\/#website\",\"url\":\"https:\/\/royaldoor.com.ar\/home\/\",\"name\":\"RoyalDoor\",\"description\":\"F\u00e1brica de muebles\",\"potentialAction\":[{\"@type\":\"SearchAction\",\"target\":{\"@type\":\"EntryPoint\",\"urlTemplate\":\"https:\/\/royaldoor.com.ar\/home\/?s={search_term_string}\"},\"query-input\":\"required name=search_term_string\"}],\"inLanguage\":\"es\"}]}<\/script>\n<!-- \/ Yoast SEO plugin. -->","yoast_head_json":{"title":"Mesa Grupal para silla de ruedas - RoyalDoor","description":"Mesa para silla de ruedas - con 4 escotaduras para trabajo en forma grupal. De alta calidad.","robots":{"index":"index","follow":"follow","max-snippet":"max-snippet:-1","max-image-preview":"max-image-preview:large","max-video-preview":"max-video-preview:-1"},"canonical":"https:\/\/royaldoor.com.ar\/home\/producto\/mesa-para-silla-de-ruedas\/","og_locale":"es_ES","og_type":"article","og_title":"Mesa Grupal para silla de ruedas - RoyalDoor","og_description":"Mesa para silla de ruedas - con 4 escotaduras para trabajo en forma grupal. De alta calidad.","og_url":"https:\/\/royaldoor.com.ar\/home\/producto\/mesa-para-silla-de-ruedas\/","og_site_name":"RoyalDoor","article_modified_time":"2024-02-06T12:29:38+00:00","og_image":[{"width":300,"height":274,"url":"https:\/\/royaldoor.com.ar\/home\/wp-content\/uploads\/mesa-grupal-con-escotadura-y-ruedas-300x300-e1632229206590.jpg","type":"image\/jpeg"}],"twitter_card":"summary_large_image","twitter_misc":{"Tiempo de lectura":"1 minuto"},"schema":{"@context":"https:\/\/schema.org","@graph":[{"@type":"WebPage","@id":"https:\/\/royaldoor.com.ar\/home\/producto\/mesa-para-silla-de-ruedas\/","url":"https:\/\/royaldoor.com.ar\/home\/producto\/mesa-para-silla-de-ruedas\/","name":"Mesa Grupal para silla de ruedas - RoyalDoor","isPartOf":{"@id":"https:\/\/royaldoor.com.ar\/home\/#website"},"primaryImageOfPage":{"@id":"https:\/\/royaldoor.com.ar\/home\/producto\/mesa-para-silla-de-ruedas\/#primaryimage"},"image":{"@id":"https:\/\/royaldoor.com.ar\/home\/producto\/mesa-para-silla-de-ruedas\/#primaryimage"},"thumbnailUrl":"https:\/\/royaldoor.com.ar\/home\/wp-content\/uploads\/mesa-grupal-con-escotadura-y-ruedas-300x300-e1632229206590.jpg","datePublished":"2021-09-21T12:58:52+00:00","dateModified":"2024-02-06T12:29:38+00:00","description":"Mesa para silla de ruedas - con 4 escotaduras para trabajo en forma grupal. De alta calidad.","breadcrumb":{"@id":"https:\/\/royaldoor.com.ar\/home\/producto\/mesa-para-silla-de-ruedas\/#breadcrumb"},"inLanguage":"es","potentialAction":[{"@type":"ReadAction","target":["https:\/\/royaldoor.com.ar\/home\/producto\/mesa-para-silla-de-ruedas\/"]}]},{"@type":"ImageObject","inLanguage":"es","@id":"https:\/\/royaldoor.com.ar\/home\/producto\/mesa-para-silla-de-ruedas\/#primaryimage","url":"https:\/\/royaldoor.com.ar\/home\/wp-content\/uploads\/mesa-grupal-con-escotadura-y-ruedas-300x300-e1632229206590.jpg","contentUrl":"https:\/\/royaldoor.com.ar\/home\/wp-content\/uploads\/mesa-grupal-con-escotadura-y-ruedas-300x300-e1632229206590.jpg","width":300,"height":274},{"@type":"BreadcrumbList","@id":"https:\/\/royaldoor.com.ar\/home\/producto\/mesa-para-silla-de-ruedas\/#breadcrumb","itemListElement":[{"@type":"ListItem","position":1,"name":"Portada","item":"https:\/\/royaldoor.com.ar\/home\/"},{"@type":"ListItem","position":2,"name":"Productos","item":"https:\/\/royaldoor.com.ar\/home\/productos\/"},{"@type":"ListItem","position":3,"name":"Mesa Grupal para silla de ruedas"}]},{"@type":"WebSite","@id":"https:\/\/royaldoor.com.ar\/home\/#website","url":"https:\/\/royaldoor.com.ar\/home\/","name":"RoyalDoor","description":"F\u00e1brica de muebles","potentialAction":[{"@type":"SearchAction","target":{"@type":"EntryPoint","urlTemplate":"https:\/\/royaldoor.com.ar\/home\/?s={search_term_string}"},"query-input":"required name=search_term_string"}],"inLanguage":"es"}]}},"_links":{"self":[{"href":"https:\/\/royaldoor.com.ar\/home\/wp-json\/wp\/v2\/product\/680"}],"collection":[{"href":"https:\/\/royaldoor.com.ar\/home\/wp-json\/wp\/v2\/product"}],"about":[{"href":"https:\/\/royaldoor.com.ar\/home\/wp-json\/wp\/v2\/types\/product"}],"wp:featuredmedia":[{"embeddable":true,"href":"https:\/\/royaldoor.com.ar\/home\/wp-json\/wp\/v2\/media\/679"}],"wp:attachment":[{"href":"https:\/\/royaldoor.com.ar\/home\/wp-json\/wp\/v2\/media?parent=680"}],"curies":[{"name":"wp","href":"https:\/\/api.w.org\/{rel}","templated":true}]}}