{"id":674,"date":"2021-09-21T12:39:27","date_gmt":"2021-09-21T12:39:27","guid":{"rendered":"https:\/\/royaldoor.com.ar\/home\/?post_type=product&#038;p=674"},"modified":"2024-02-06T14:18:08","modified_gmt":"2024-02-06T14:18:08","slug":"pupitre-fijo-para-silla-de-ruedas","status":"publish","type":"product","link":"https:\/\/royaldoor.com.ar\/home\/producto\/pupitre-fijo-para-silla-de-ruedas\/","title":{"rendered":"Pupitre Fijo con Escotadura para silla de ruedas"},"content":{"rendered":"<p>PUPITRE ESPECIAL MULTI-REGULABLE PARA SILLAS DE RUEDAS<br \/>\n_______________________________________________________<\/p>\n<p>GARANT\u00cdA POR 6 MESES | Todos los medios de pago | Factura A y B<br \/>\n_______________________________________________________<\/p>\n<p>ESPECIFICACIONES T\u00c9CNICAS:<br \/>\n\u2013 Mesa pupitre fijo de adaptaci\u00f3n para silla de ruedas<br \/>\n\u2013 Ca\u00f1o reforzado 1 1\/2&#8243; (pulgadas)<br \/>\n\u2013 Pintada con pintura epoxi termoconvertible horneada a 220 grados.<br \/>\n\u2013 Medidas:<br \/>\nAncho: 70 cm<br \/>\nAlto: 75 cm<br \/>\nLargo: 60 cm<br \/>\n\u2013 Tapa melamina de 18 mm con escotadura en sus cuatro lados, enchapada en formica y cantos lustrados.<br \/>\n\u2013 Viene en Negro, Blanco, Rojo, Azul o Gris.<br \/>\n\u2013 Fabricante directo<\/p>\n<p>______________________________________________________<\/p>\n<p>*ENV\u00cdOS: PROPIOS A TRAV\u00c9S DE NUESTRA FLOTA DE CAMIONES.<\/p>\n<p>*RETIRA: DE LUNES A VIERNES DE 8 A 5 PM POR PONTEVEDRA, MERLO.<\/p>\n","protected":false},"excerpt":{"rendered":"<p>PUPITRE ESPECIAL MULTI-REGULABLE PARA SILLAS DE RUEDAS _______________________________________________________ GARANT\u00cdA POR 6 MESES | Todos los medios de pago | Factura A y B _______________________________________________________ ESPECIFICACIONES T\u00c9CNICAS: \u2013 Mesa pupitre fijo de adaptaci\u00f3n para silla de ruedas \u2013 Ca\u00f1o reforzado 1 1\/2&#8243; (pulgadas) \u2013 Pintada con pintura epoxi termoconvertible horneada a 220 grados. \u2013 Medidas: Ancho: [&#8230;]\n","protected":false},"featured_media":675,"template":"","meta":{"_joinchat":{"telephone":"+542204923665","message_text":"\u00a1Env\u00edenos su consulta y con gusto le responderemos!","message_send":"\u00a1Hola!\nEstoy en la p\u00e1gina de Royal Door y me gustar\u00eda obtener m\u00e1s informaci\u00f3n sobre {PRODUCT} por favor."}},"yoast_head":"<!-- This site is optimized with the Yoast SEO plugin v22.7 - https:\/\/yoast.com\/wordpress\/plugins\/seo\/ -->\n<title>Pupitre Fijo con Escotadura para silla de ruedas - RoyalDoor<\/title>\n<meta name=\"description\" content=\"Mesa pupitre fijo de adaptaci\u00f3n para silla de ruedas. Colegios especiales. Royal Door SRL\" \/>\n<meta name=\"robots\" content=\"index, follow, max-snippet:-1, max-image-preview:large, max-video-preview:-1\" \/>\n<link rel=\"canonical\" href=\"https:\/\/royaldoor.com.ar\/home\/producto\/pupitre-fijo-para-silla-de-ruedas\/\" \/>\n<meta property=\"og:locale\" content=\"es_ES\" \/>\n<meta property=\"og:type\" content=\"article\" \/>\n<meta property=\"og:title\" content=\"Pupitre Fijo con Escotadura para silla de ruedas - RoyalDoor\" \/>\n<meta property=\"og:description\" content=\"Mesa pupitre fijo de adaptaci\u00f3n para silla de ruedas. Colegios especiales. Royal Door SRL\" \/>\n<meta property=\"og:url\" content=\"https:\/\/royaldoor.com.ar\/home\/producto\/pupitre-fijo-para-silla-de-ruedas\/\" \/>\n<meta property=\"og:site_name\" content=\"RoyalDoor\" \/>\n<meta property=\"article:modified_time\" content=\"2024-02-06T14:18:08+00:00\" \/>\n<meta property=\"og:image\" content=\"https:\/\/royaldoor.com.ar\/home\/wp-content\/uploads\/pupitre-fijo-con-escotadura-beige-300x300.jpg\" \/>\n\t<meta property=\"og:image:width\" content=\"300\" \/>\n\t<meta property=\"og:image:height\" content=\"308\" \/>\n\t<meta property=\"og:image:type\" content=\"image\/jpeg\" \/>\n<meta name=\"twitter:card\" content=\"summary_large_image\" \/>\n<meta name=\"twitter:label1\" content=\"Tiempo de lectura\" \/>\n\t<meta name=\"twitter:data1\" content=\"1 minuto\" \/>\n<script type=\"application\/ld+json\" class=\"yoast-schema-graph\">{\"@context\":\"https:\/\/schema.org\",\"@graph\":[{\"@type\":\"WebPage\",\"@id\":\"https:\/\/royaldoor.com.ar\/home\/producto\/pupitre-fijo-para-silla-de-ruedas\/\",\"url\":\"https:\/\/royaldoor.com.ar\/home\/producto\/pupitre-fijo-para-silla-de-ruedas\/\",\"name\":\"Pupitre Fijo con Escotadura para silla de ruedas - RoyalDoor\",\"isPartOf\":{\"@id\":\"https:\/\/royaldoor.com.ar\/home\/#website\"},\"primaryImageOfPage\":{\"@id\":\"https:\/\/royaldoor.com.ar\/home\/producto\/pupitre-fijo-para-silla-de-ruedas\/#primaryimage\"},\"image\":{\"@id\":\"https:\/\/royaldoor.com.ar\/home\/producto\/pupitre-fijo-para-silla-de-ruedas\/#primaryimage\"},\"thumbnailUrl\":\"https:\/\/royaldoor.com.ar\/home\/wp-content\/uploads\/pupitre-fijo-con-escotadura-beige-300x300.jpg\",\"datePublished\":\"2021-09-21T12:39:27+00:00\",\"dateModified\":\"2024-02-06T14:18:08+00:00\",\"description\":\"Mesa pupitre fijo de adaptaci\u00f3n para silla de ruedas. Colegios especiales. Royal Door SRL\",\"breadcrumb\":{\"@id\":\"https:\/\/royaldoor.com.ar\/home\/producto\/pupitre-fijo-para-silla-de-ruedas\/#breadcrumb\"},\"inLanguage\":\"es\",\"potentialAction\":[{\"@type\":\"ReadAction\",\"target\":[\"https:\/\/royaldoor.com.ar\/home\/producto\/pupitre-fijo-para-silla-de-ruedas\/\"]}]},{\"@type\":\"ImageObject\",\"inLanguage\":\"es\",\"@id\":\"https:\/\/royaldoor.com.ar\/home\/producto\/pupitre-fijo-para-silla-de-ruedas\/#primaryimage\",\"url\":\"https:\/\/royaldoor.com.ar\/home\/wp-content\/uploads\/pupitre-fijo-con-escotadura-beige-300x300.jpg\",\"contentUrl\":\"https:\/\/royaldoor.com.ar\/home\/wp-content\/uploads\/pupitre-fijo-con-escotadura-beige-300x300.jpg\",\"width\":300,\"height\":308},{\"@type\":\"BreadcrumbList\",\"@id\":\"https:\/\/royaldoor.com.ar\/home\/producto\/pupitre-fijo-para-silla-de-ruedas\/#breadcrumb\",\"itemListElement\":[{\"@type\":\"ListItem\",\"position\":1,\"name\":\"Portada\",\"item\":\"https:\/\/royaldoor.com.ar\/home\/\"},{\"@type\":\"ListItem\",\"position\":2,\"name\":\"Productos\",\"item\":\"https:\/\/royaldoor.com.ar\/home\/productos\/\"},{\"@type\":\"ListItem\",\"position\":3,\"name\":\"Pupitre Fijo con Escotadura para silla de ruedas\"}]},{\"@type\":\"WebSite\",\"@id\":\"https:\/\/royaldoor.com.ar\/home\/#website\",\"url\":\"https:\/\/royaldoor.com.ar\/home\/\",\"name\":\"RoyalDoor\",\"description\":\"F\u00e1brica de muebles\",\"potentialAction\":[{\"@type\":\"SearchAction\",\"target\":{\"@type\":\"EntryPoint\",\"urlTemplate\":\"https:\/\/royaldoor.com.ar\/home\/?s={search_term_string}\"},\"query-input\":\"required name=search_term_string\"}],\"inLanguage\":\"es\"}]}<\/script>\n<!-- \/ Yoast SEO plugin. -->","yoast_head_json":{"title":"Pupitre Fijo con Escotadura para silla de ruedas - RoyalDoor","description":"Mesa pupitre fijo de adaptaci\u00f3n para silla de ruedas. Colegios especiales. Royal Door SRL","robots":{"index":"index","follow":"follow","max-snippet":"max-snippet:-1","max-image-preview":"max-image-preview:large","max-video-preview":"max-video-preview:-1"},"canonical":"https:\/\/royaldoor.com.ar\/home\/producto\/pupitre-fijo-para-silla-de-ruedas\/","og_locale":"es_ES","og_type":"article","og_title":"Pupitre Fijo con Escotadura para silla de ruedas - RoyalDoor","og_description":"Mesa pupitre fijo de adaptaci\u00f3n para silla de ruedas. Colegios especiales. Royal Door SRL","og_url":"https:\/\/royaldoor.com.ar\/home\/producto\/pupitre-fijo-para-silla-de-ruedas\/","og_site_name":"RoyalDoor","article_modified_time":"2024-02-06T14:18:08+00:00","og_image":[{"width":300,"height":308,"url":"https:\/\/royaldoor.com.ar\/home\/wp-content\/uploads\/pupitre-fijo-con-escotadura-beige-300x300.jpg","type":"image\/jpeg"}],"twitter_card":"summary_large_image","twitter_misc":{"Tiempo de lectura":"1 minuto"},"schema":{"@context":"https:\/\/schema.org","@graph":[{"@type":"WebPage","@id":"https:\/\/royaldoor.com.ar\/home\/producto\/pupitre-fijo-para-silla-de-ruedas\/","url":"https:\/\/royaldoor.com.ar\/home\/producto\/pupitre-fijo-para-silla-de-ruedas\/","name":"Pupitre Fijo con Escotadura para silla de ruedas - RoyalDoor","isPartOf":{"@id":"https:\/\/royaldoor.com.ar\/home\/#website"},"primaryImageOfPage":{"@id":"https:\/\/royaldoor.com.ar\/home\/producto\/pupitre-fijo-para-silla-de-ruedas\/#primaryimage"},"image":{"@id":"https:\/\/royaldoor.com.ar\/home\/producto\/pupitre-fijo-para-silla-de-ruedas\/#primaryimage"},"thumbnailUrl":"https:\/\/royaldoor.com.ar\/home\/wp-content\/uploads\/pupitre-fijo-con-escotadura-beige-300x300.jpg","datePublished":"2021-09-21T12:39:27+00:00","dateModified":"2024-02-06T14:18:08+00:00","description":"Mesa pupitre fijo de adaptaci\u00f3n para silla de ruedas. Colegios especiales. Royal Door SRL","breadcrumb":{"@id":"https:\/\/royaldoor.com.ar\/home\/producto\/pupitre-fijo-para-silla-de-ruedas\/#breadcrumb"},"inLanguage":"es","potentialAction":[{"@type":"ReadAction","target":["https:\/\/royaldoor.com.ar\/home\/producto\/pupitre-fijo-para-silla-de-ruedas\/"]}]},{"@type":"ImageObject","inLanguage":"es","@id":"https:\/\/royaldoor.com.ar\/home\/producto\/pupitre-fijo-para-silla-de-ruedas\/#primaryimage","url":"https:\/\/royaldoor.com.ar\/home\/wp-content\/uploads\/pupitre-fijo-con-escotadura-beige-300x300.jpg","contentUrl":"https:\/\/royaldoor.com.ar\/home\/wp-content\/uploads\/pupitre-fijo-con-escotadura-beige-300x300.jpg","width":300,"height":308},{"@type":"BreadcrumbList","@id":"https:\/\/royaldoor.com.ar\/home\/producto\/pupitre-fijo-para-silla-de-ruedas\/#breadcrumb","itemListElement":[{"@type":"ListItem","position":1,"name":"Portada","item":"https:\/\/royaldoor.com.ar\/home\/"},{"@type":"ListItem","position":2,"name":"Productos","item":"https:\/\/royaldoor.com.ar\/home\/productos\/"},{"@type":"ListItem","position":3,"name":"Pupitre Fijo con Escotadura para silla de ruedas"}]},{"@type":"WebSite","@id":"https:\/\/royaldoor.com.ar\/home\/#website","url":"https:\/\/royaldoor.com.ar\/home\/","name":"RoyalDoor","description":"F\u00e1brica de muebles","potentialAction":[{"@type":"SearchAction","target":{"@type":"EntryPoint","urlTemplate":"https:\/\/royaldoor.com.ar\/home\/?s={search_term_string}"},"query-input":"required name=search_term_string"}],"inLanguage":"es"}]}},"_links":{"self":[{"href":"https:\/\/royaldoor.com.ar\/home\/wp-json\/wp\/v2\/product\/674"}],"collection":[{"href":"https:\/\/royaldoor.com.ar\/home\/wp-json\/wp\/v2\/product"}],"about":[{"href":"https:\/\/royaldoor.com.ar\/home\/wp-json\/wp\/v2\/types\/product"}],"wp:featuredmedia":[{"embeddable":true,"href":"https:\/\/royaldoor.com.ar\/home\/wp-json\/wp\/v2\/media\/675"}],"wp:attachment":[{"href":"https:\/\/royaldoor.com.ar\/home\/wp-json\/wp\/v2\/media?parent=674"}],"curies":[{"name":"wp","href":"https:\/\/api.w.org\/{rel}","templated":true}]}}