{"id":620,"date":"2020-03-30T14:19:10","date_gmt":"2020-03-30T14:19:10","guid":{"rendered":"https:\/\/royaldoor.com.ar\/home\/?post_type=product&#038;p=620"},"modified":"2024-01-29T14:22:57","modified_gmt":"2024-01-29T14:22:57","slug":"zcpf2-cartelera-portafolleto-colgar","status":"publish","type":"product","link":"https:\/\/royaldoor.com.ar\/home\/producto\/zcpf2-cartelera-portafolleto-colgar\/","title":{"rendered":"Cartelera Portafolleto Colgante"},"content":{"rendered":"<p>Cartelera Portafolletos Colgante<\/p>\n<p>_______________________________________________________<\/p>\n<p>GARANT\u00cdA POR 6 MESES | Todos los medios de pago | Factura A y B<br \/>\n_______________________________________________________<\/p>\n<p>ESPECIFICACIONES T\u00c9CNICAS<\/p>\n<p>\u2013 Realizada en MDF de 18 mm graficado con vinilo impreso y laminado mate.<br \/>\n\u2013 Cuatro estantes de 130 cm de largo, 4 cm de ancho, para soportar lo folletos<br \/>\n\u2013 Frente de acr\u00edlico transparente\u00a0 15 cm.<br \/>\n\u2013 Medida general 130 x 90 cm<\/p>\n<p>\u2013 Fabricante Directo.<\/p>\n<p>______________________________________________________<\/p>\n<p>*ENV\u00cdOS: PROPIOS A TRAV\u00c9S DE NUESTRA FLOTA DE CAMIONES.<\/p>\n<p>*RETIRA: DE LUNES A VIERNES DE 8 A 5 PM POR PONTEVEDRA, MERLO.<\/p>\n<p>&nbsp;<\/p>\n","protected":false},"excerpt":{"rendered":"<p>Cartelera Portafolletos Colgante _______________________________________________________ GARANT\u00cdA POR 6 MESES | Todos los medios de pago | Factura A y B _______________________________________________________ ESPECIFICACIONES T\u00c9CNICAS \u2013 Realizada en MDF de 18 mm graficado con vinilo impreso y laminado mate. \u2013 Cuatro estantes de 130 cm de largo, 4 cm de ancho, para soportar lo folletos \u2013 Frente de [&#8230;]\n","protected":false},"featured_media":621,"template":"","meta":{"_joinchat":{"telephone":"+542204923665","message_text":"\u00a1Env\u00edenos su consulta y con gusto le responderemos!","message_send":"\u00a1Hola!\nEstoy en la p\u00e1gina de Royal Door y me gustar\u00eda obtener m\u00e1s informaci\u00f3n sobre {PRODUCT} por favor."}},"yoast_head":"<!-- This site is optimized with the Yoast SEO plugin v22.7 - https:\/\/yoast.com\/wordpress\/plugins\/seo\/ -->\n<title>Cartelera Portafolleto Colgante - RoyalDoor<\/title>\n<meta name=\"robots\" content=\"index, follow, max-snippet:-1, max-image-preview:large, max-video-preview:-1\" \/>\n<link rel=\"canonical\" href=\"https:\/\/royaldoor.com.ar\/home\/producto\/zcpf2-cartelera-portafolleto-colgar\/\" \/>\n<meta property=\"og:locale\" content=\"es_ES\" \/>\n<meta property=\"og:type\" content=\"article\" \/>\n<meta property=\"og:title\" content=\"Cartelera Portafolleto Colgante - RoyalDoor\" \/>\n<meta property=\"og:description\" content=\"Cartelera Portafolletos Colgante _______________________________________________________ GARANT\u00cdA POR 6 MESES | Todos los medios de pago | Factura A y B _______________________________________________________ ESPECIFICACIONES T\u00c9CNICAS \u2013 Realizada en MDF de 18 mm graficado con vinilo impreso y laminado mate. \u2013 Cuatro estantes de 130 cm de largo, 4 cm de ancho, para soportar lo folletos \u2013 Frente de [...]\" \/>\n<meta property=\"og:url\" content=\"https:\/\/royaldoor.com.ar\/home\/producto\/zcpf2-cartelera-portafolleto-colgar\/\" \/>\n<meta property=\"og:site_name\" content=\"RoyalDoor\" \/>\n<meta property=\"article:modified_time\" content=\"2024-01-29T14:22:57+00:00\" \/>\n<meta property=\"og:image\" content=\"https:\/\/royaldoor.com.ar\/home\/wp-content\/uploads\/cartelera-portafolleto-de-colgar-300x300.jpg\" \/>\n\t<meta property=\"og:image:width\" content=\"310\" \/>\n\t<meta property=\"og:image:height\" content=\"298\" \/>\n\t<meta property=\"og:image:type\" content=\"image\/jpeg\" \/>\n<meta name=\"twitter:card\" content=\"summary_large_image\" \/>\n<script type=\"application\/ld+json\" class=\"yoast-schema-graph\">{\"@context\":\"https:\/\/schema.org\",\"@graph\":[{\"@type\":\"WebPage\",\"@id\":\"https:\/\/royaldoor.com.ar\/home\/producto\/zcpf2-cartelera-portafolleto-colgar\/\",\"url\":\"https:\/\/royaldoor.com.ar\/home\/producto\/zcpf2-cartelera-portafolleto-colgar\/\",\"name\":\"Cartelera Portafolleto Colgante - RoyalDoor\",\"isPartOf\":{\"@id\":\"https:\/\/royaldoor.com.ar\/home\/#website\"},\"primaryImageOfPage\":{\"@id\":\"https:\/\/royaldoor.com.ar\/home\/producto\/zcpf2-cartelera-portafolleto-colgar\/#primaryimage\"},\"image\":{\"@id\":\"https:\/\/royaldoor.com.ar\/home\/producto\/zcpf2-cartelera-portafolleto-colgar\/#primaryimage\"},\"thumbnailUrl\":\"https:\/\/royaldoor.com.ar\/home\/wp-content\/uploads\/cartelera-portafolleto-de-colgar-300x300.jpg\",\"datePublished\":\"2020-03-30T14:19:10+00:00\",\"dateModified\":\"2024-01-29T14:22:57+00:00\",\"breadcrumb\":{\"@id\":\"https:\/\/royaldoor.com.ar\/home\/producto\/zcpf2-cartelera-portafolleto-colgar\/#breadcrumb\"},\"inLanguage\":\"es\",\"potentialAction\":[{\"@type\":\"ReadAction\",\"target\":[\"https:\/\/royaldoor.com.ar\/home\/producto\/zcpf2-cartelera-portafolleto-colgar\/\"]}]},{\"@type\":\"ImageObject\",\"inLanguage\":\"es\",\"@id\":\"https:\/\/royaldoor.com.ar\/home\/producto\/zcpf2-cartelera-portafolleto-colgar\/#primaryimage\",\"url\":\"https:\/\/royaldoor.com.ar\/home\/wp-content\/uploads\/cartelera-portafolleto-de-colgar-300x300.jpg\",\"contentUrl\":\"https:\/\/royaldoor.com.ar\/home\/wp-content\/uploads\/cartelera-portafolleto-de-colgar-300x300.jpg\",\"width\":310,\"height\":298},{\"@type\":\"BreadcrumbList\",\"@id\":\"https:\/\/royaldoor.com.ar\/home\/producto\/zcpf2-cartelera-portafolleto-colgar\/#breadcrumb\",\"itemListElement\":[{\"@type\":\"ListItem\",\"position\":1,\"name\":\"Portada\",\"item\":\"https:\/\/royaldoor.com.ar\/home\/\"},{\"@type\":\"ListItem\",\"position\":2,\"name\":\"Productos\",\"item\":\"https:\/\/royaldoor.com.ar\/home\/productos\/\"},{\"@type\":\"ListItem\",\"position\":3,\"name\":\"Cartelera Portafolleto Colgante\"}]},{\"@type\":\"WebSite\",\"@id\":\"https:\/\/royaldoor.com.ar\/home\/#website\",\"url\":\"https:\/\/royaldoor.com.ar\/home\/\",\"name\":\"RoyalDoor\",\"description\":\"F\u00e1brica de muebles\",\"potentialAction\":[{\"@type\":\"SearchAction\",\"target\":{\"@type\":\"EntryPoint\",\"urlTemplate\":\"https:\/\/royaldoor.com.ar\/home\/?s={search_term_string}\"},\"query-input\":\"required name=search_term_string\"}],\"inLanguage\":\"es\"}]}<\/script>\n<!-- \/ Yoast SEO plugin. -->","yoast_head_json":{"title":"Cartelera Portafolleto Colgante - RoyalDoor","robots":{"index":"index","follow":"follow","max-snippet":"max-snippet:-1","max-image-preview":"max-image-preview:large","max-video-preview":"max-video-preview:-1"},"canonical":"https:\/\/royaldoor.com.ar\/home\/producto\/zcpf2-cartelera-portafolleto-colgar\/","og_locale":"es_ES","og_type":"article","og_title":"Cartelera Portafolleto Colgante - RoyalDoor","og_description":"Cartelera Portafolletos Colgante _______________________________________________________ GARANT\u00cdA POR 6 MESES | Todos los medios de pago | Factura A y B _______________________________________________________ ESPECIFICACIONES T\u00c9CNICAS \u2013 Realizada en MDF de 18 mm graficado con vinilo impreso y laminado mate. \u2013 Cuatro estantes de 130 cm de largo, 4 cm de ancho, para soportar lo folletos \u2013 Frente de [...]","og_url":"https:\/\/royaldoor.com.ar\/home\/producto\/zcpf2-cartelera-portafolleto-colgar\/","og_site_name":"RoyalDoor","article_modified_time":"2024-01-29T14:22:57+00:00","og_image":[{"width":310,"height":298,"url":"https:\/\/royaldoor.com.ar\/home\/wp-content\/uploads\/cartelera-portafolleto-de-colgar-300x300.jpg","type":"image\/jpeg"}],"twitter_card":"summary_large_image","schema":{"@context":"https:\/\/schema.org","@graph":[{"@type":"WebPage","@id":"https:\/\/royaldoor.com.ar\/home\/producto\/zcpf2-cartelera-portafolleto-colgar\/","url":"https:\/\/royaldoor.com.ar\/home\/producto\/zcpf2-cartelera-portafolleto-colgar\/","name":"Cartelera Portafolleto Colgante - RoyalDoor","isPartOf":{"@id":"https:\/\/royaldoor.com.ar\/home\/#website"},"primaryImageOfPage":{"@id":"https:\/\/royaldoor.com.ar\/home\/producto\/zcpf2-cartelera-portafolleto-colgar\/#primaryimage"},"image":{"@id":"https:\/\/royaldoor.com.ar\/home\/producto\/zcpf2-cartelera-portafolleto-colgar\/#primaryimage"},"thumbnailUrl":"https:\/\/royaldoor.com.ar\/home\/wp-content\/uploads\/cartelera-portafolleto-de-colgar-300x300.jpg","datePublished":"2020-03-30T14:19:10+00:00","dateModified":"2024-01-29T14:22:57+00:00","breadcrumb":{"@id":"https:\/\/royaldoor.com.ar\/home\/producto\/zcpf2-cartelera-portafolleto-colgar\/#breadcrumb"},"inLanguage":"es","potentialAction":[{"@type":"ReadAction","target":["https:\/\/royaldoor.com.ar\/home\/producto\/zcpf2-cartelera-portafolleto-colgar\/"]}]},{"@type":"ImageObject","inLanguage":"es","@id":"https:\/\/royaldoor.com.ar\/home\/producto\/zcpf2-cartelera-portafolleto-colgar\/#primaryimage","url":"https:\/\/royaldoor.com.ar\/home\/wp-content\/uploads\/cartelera-portafolleto-de-colgar-300x300.jpg","contentUrl":"https:\/\/royaldoor.com.ar\/home\/wp-content\/uploads\/cartelera-portafolleto-de-colgar-300x300.jpg","width":310,"height":298},{"@type":"BreadcrumbList","@id":"https:\/\/royaldoor.com.ar\/home\/producto\/zcpf2-cartelera-portafolleto-colgar\/#breadcrumb","itemListElement":[{"@type":"ListItem","position":1,"name":"Portada","item":"https:\/\/royaldoor.com.ar\/home\/"},{"@type":"ListItem","position":2,"name":"Productos","item":"https:\/\/royaldoor.com.ar\/home\/productos\/"},{"@type":"ListItem","position":3,"name":"Cartelera Portafolleto Colgante"}]},{"@type":"WebSite","@id":"https:\/\/royaldoor.com.ar\/home\/#website","url":"https:\/\/royaldoor.com.ar\/home\/","name":"RoyalDoor","description":"F\u00e1brica de muebles","potentialAction":[{"@type":"SearchAction","target":{"@type":"EntryPoint","urlTemplate":"https:\/\/royaldoor.com.ar\/home\/?s={search_term_string}"},"query-input":"required name=search_term_string"}],"inLanguage":"es"}]}},"_links":{"self":[{"href":"https:\/\/royaldoor.com.ar\/home\/wp-json\/wp\/v2\/product\/620"}],"collection":[{"href":"https:\/\/royaldoor.com.ar\/home\/wp-json\/wp\/v2\/product"}],"about":[{"href":"https:\/\/royaldoor.com.ar\/home\/wp-json\/wp\/v2\/types\/product"}],"wp:featuredmedia":[{"embeddable":true,"href":"https:\/\/royaldoor.com.ar\/home\/wp-json\/wp\/v2\/media\/621"}],"wp:attachment":[{"href":"https:\/\/royaldoor.com.ar\/home\/wp-json\/wp\/v2\/media?parent=620"}],"curies":[{"name":"wp","href":"https:\/\/api.w.org\/{rel}","templated":true}]}}