{"id":551,"date":"2019-07-03T18:16:28","date_gmt":"2019-07-03T18:16:28","guid":{"rendered":"https:\/\/royaldoor.com.ar\/home\/?post_type=product&#038;p=551"},"modified":"2024-02-06T17:26:17","modified_gmt":"2024-02-06T17:26:17","slug":"conjunto-bipersonal-antigolpe","status":"publish","type":"product","link":"https:\/\/royaldoor.com.ar\/home\/producto\/conjunto-bipersonal-antigolpe\/","title":{"rendered":"Conjunto Bipersonal Antigolpe"},"content":{"rendered":"<p>PUPITRE BIPERSONAL ANTIGOLPE + 2 SILLAS ANTIGOLPE<br \/>\n_______________________________________________________<\/p>\n<p>GARANT\u00cdA POR 6 MESES | Todos los medios de pago | Factura A y B<br \/>\n_______________________________________________________<\/p>\n<p>ESPECIFICACIONES T\u00c9CNICAS:<\/p>\n<div>PUPITRE:<\/div>\n<div>&#8211; REFUERZO EN INTERIORES Y EXTERIORES<\/div>\n<div>&#8211; MEDIDAS:<\/div>\n<div>&#8211; Largo: 42 metros<\/div>\n<div>&#8211; Ancho: 104 cm.<\/div>\n<div>&#8211; Altura: 75 cm<\/div>\n<div>&#8211; ESTRUCTURA METALICA CON CA\u00d1O DE ACERO DE 1&#8243; Y 1\/2&#8243;<\/div>\n<div>&#8211; ARO PROTECTOR EN 7\/8&#8243; PARA CUIDARLO DE GOLPES<\/div>\n<div>&#8211; PINTA EPOXI TERMOCONTRAIBLE DE ALTA RESISTENCIA<\/div>\n<div>&#8211; SOLDADURA MIG<\/div>\n<div>&#8211; ESTRUCTURA EN BEIGE, BLANCO O GRIS<\/div>\n<div>&#8211; TAPA DE MADERA DE 18 MM CON ENCHAPADO EN FORMICA Y CANTOS LUSTRADOS<\/div>\n<div>&#8211; PARRILLA PORTA UTILES<\/div>\n<div>&#8211; FABRICANTE DIRECTO<\/div>\n<div><\/div>\n<div>SILLA:<\/div>\n<div>&#8211; RESPALDO EN MDF DE 18 MM LAMINADO EN SUS DOS CARAS<\/div>\n<div>&#8211; ASIENTO LAMINADO EN LA CARA SUPERIOR<\/div>\n<div>&#8211; ESTRUCTURA DE CA\u00d1O REDONDO REFORZADO DE 1&#8243; 1\/2&#8243;<\/div>\n<div>&#8211; LA ESTRUCTURA TUBULAR ESTAR\u00c1 DISPUESTA EN SUS PARTES LATERALES DE MANERA DE PROTEGERLA CONTRA GOLPES CON UNA MEDIDA DE 1&#8243;.<\/div>\n<div>&#8211; REGATONES ANTIDESLIZANTES Y REFORZADOS<\/div>\n<div>&#8211; MEDIDAS:<\/div>\n<div>Altura 80cm aproximado<\/div>\n<div>Altura al asiento 45cm<\/div>\n<div>Medida del Asiento 45x40cm<\/div>\n<div>\u2013 PINTURA EPOXI DE ALTA CALIDAD Y DURACI\u00d3N<\/div>\n<p>______________________________________________________<\/p>\n<p>*ENV\u00cdOS: PROPIOS A TRAV\u00c9S DE NUESTRA FLOTA DE CAMIONES.<\/p>\n<p>*RETIRA: DE LUNES A VIERNES DE 8 A 5 PM POR PONTEVEDRA, MERLO.<\/p>\n","protected":false},"excerpt":{"rendered":"<p>PUPITRE BIPERSONAL ANTIGOLPE + 2 SILLAS ANTIGOLPE _______________________________________________________ GARANT\u00cdA POR 6 MESES | Todos los medios de pago | Factura A y B _______________________________________________________ ESPECIFICACIONES T\u00c9CNICAS: PUPITRE: &#8211; REFUERZO EN INTERIORES Y EXTERIORES &#8211; MEDIDAS: &#8211; Largo: 42 metros &#8211; Ancho: 104 cm. &#8211; Altura: 75 cm &#8211; ESTRUCTURA METALICA CON CA\u00d1O DE ACERO DE [&#8230;]\n","protected":false},"featured_media":596,"template":"","meta":{"_joinchat":{"telephone":"+542204923665","message_text":"\u00a1Env\u00edenos su consulta y con gusto le responderemos!","message_send":"\u00a1Hola!\nEstoy en la p\u00e1gina de Royal Door y me gustar\u00eda obtener m\u00e1s informaci\u00f3n sobre {PRODUCT} por favor."}},"yoast_head":"<!-- This site is optimized with the Yoast SEO plugin v22.7 - https:\/\/yoast.com\/wordpress\/plugins\/seo\/ -->\n<title>Conjunto Bipersonal Antigolpe - RoyalDoor<\/title>\n<meta name=\"description\" content=\"Conjunto Bipersonal Antigolpe - con dos sillas incluidas. Fabricante directo. Royal Door SRL.\" \/>\n<meta name=\"robots\" content=\"index, follow, max-snippet:-1, max-image-preview:large, max-video-preview:-1\" \/>\n<link rel=\"canonical\" href=\"https:\/\/royaldoor.com.ar\/home\/producto\/conjunto-bipersonal-antigolpe\/\" \/>\n<meta property=\"og:locale\" content=\"es_ES\" \/>\n<meta property=\"og:type\" content=\"article\" \/>\n<meta property=\"og:title\" content=\"Conjunto Bipersonal Antigolpe - RoyalDoor\" \/>\n<meta property=\"og:description\" content=\"Conjunto Bipersonal Antigolpe - con dos sillas incluidas. Fabricante directo. Royal Door SRL.\" \/>\n<meta property=\"og:url\" content=\"https:\/\/royaldoor.com.ar\/home\/producto\/conjunto-bipersonal-antigolpe\/\" \/>\n<meta property=\"og:site_name\" content=\"RoyalDoor\" \/>\n<meta property=\"article:modified_time\" content=\"2024-02-06T17:26:17+00:00\" \/>\n<meta property=\"og:image\" content=\"https:\/\/royaldoor.com.ar\/home\/wp-content\/uploads\/conjunto-bipersonal-300x300.jpg\" \/>\n\t<meta property=\"og:image:width\" content=\"300\" \/>\n\t<meta property=\"og:image:height\" content=\"301\" \/>\n\t<meta property=\"og:image:type\" content=\"image\/jpeg\" \/>\n<meta name=\"twitter:card\" content=\"summary_large_image\" \/>\n<meta name=\"twitter:label1\" content=\"Tiempo de lectura\" \/>\n\t<meta name=\"twitter:data1\" content=\"1 minuto\" \/>\n<script type=\"application\/ld+json\" class=\"yoast-schema-graph\">{\"@context\":\"https:\/\/schema.org\",\"@graph\":[{\"@type\":\"WebPage\",\"@id\":\"https:\/\/royaldoor.com.ar\/home\/producto\/conjunto-bipersonal-antigolpe\/\",\"url\":\"https:\/\/royaldoor.com.ar\/home\/producto\/conjunto-bipersonal-antigolpe\/\",\"name\":\"Conjunto Bipersonal Antigolpe - RoyalDoor\",\"isPartOf\":{\"@id\":\"https:\/\/royaldoor.com.ar\/home\/#website\"},\"primaryImageOfPage\":{\"@id\":\"https:\/\/royaldoor.com.ar\/home\/producto\/conjunto-bipersonal-antigolpe\/#primaryimage\"},\"image\":{\"@id\":\"https:\/\/royaldoor.com.ar\/home\/producto\/conjunto-bipersonal-antigolpe\/#primaryimage\"},\"thumbnailUrl\":\"https:\/\/royaldoor.com.ar\/home\/wp-content\/uploads\/conjunto-bipersonal-300x300.jpg\",\"datePublished\":\"2019-07-03T18:16:28+00:00\",\"dateModified\":\"2024-02-06T17:26:17+00:00\",\"description\":\"Conjunto Bipersonal Antigolpe - con dos sillas incluidas. Fabricante directo. Royal Door SRL.\",\"breadcrumb\":{\"@id\":\"https:\/\/royaldoor.com.ar\/home\/producto\/conjunto-bipersonal-antigolpe\/#breadcrumb\"},\"inLanguage\":\"es\",\"potentialAction\":[{\"@type\":\"ReadAction\",\"target\":[\"https:\/\/royaldoor.com.ar\/home\/producto\/conjunto-bipersonal-antigolpe\/\"]}]},{\"@type\":\"ImageObject\",\"inLanguage\":\"es\",\"@id\":\"https:\/\/royaldoor.com.ar\/home\/producto\/conjunto-bipersonal-antigolpe\/#primaryimage\",\"url\":\"https:\/\/royaldoor.com.ar\/home\/wp-content\/uploads\/conjunto-bipersonal-300x300.jpg\",\"contentUrl\":\"https:\/\/royaldoor.com.ar\/home\/wp-content\/uploads\/conjunto-bipersonal-300x300.jpg\",\"width\":300,\"height\":301},{\"@type\":\"BreadcrumbList\",\"@id\":\"https:\/\/royaldoor.com.ar\/home\/producto\/conjunto-bipersonal-antigolpe\/#breadcrumb\",\"itemListElement\":[{\"@type\":\"ListItem\",\"position\":1,\"name\":\"Portada\",\"item\":\"https:\/\/royaldoor.com.ar\/home\/\"},{\"@type\":\"ListItem\",\"position\":2,\"name\":\"Productos\",\"item\":\"https:\/\/royaldoor.com.ar\/home\/productos\/\"},{\"@type\":\"ListItem\",\"position\":3,\"name\":\"Conjunto Bipersonal Antigolpe\"}]},{\"@type\":\"WebSite\",\"@id\":\"https:\/\/royaldoor.com.ar\/home\/#website\",\"url\":\"https:\/\/royaldoor.com.ar\/home\/\",\"name\":\"RoyalDoor\",\"description\":\"F\u00e1brica de muebles\",\"potentialAction\":[{\"@type\":\"SearchAction\",\"target\":{\"@type\":\"EntryPoint\",\"urlTemplate\":\"https:\/\/royaldoor.com.ar\/home\/?s={search_term_string}\"},\"query-input\":\"required name=search_term_string\"}],\"inLanguage\":\"es\"}]}<\/script>\n<!-- \/ Yoast SEO plugin. -->","yoast_head_json":{"title":"Conjunto Bipersonal Antigolpe - RoyalDoor","description":"Conjunto Bipersonal Antigolpe - con dos sillas incluidas. Fabricante directo. Royal Door SRL.","robots":{"index":"index","follow":"follow","max-snippet":"max-snippet:-1","max-image-preview":"max-image-preview:large","max-video-preview":"max-video-preview:-1"},"canonical":"https:\/\/royaldoor.com.ar\/home\/producto\/conjunto-bipersonal-antigolpe\/","og_locale":"es_ES","og_type":"article","og_title":"Conjunto Bipersonal Antigolpe - RoyalDoor","og_description":"Conjunto Bipersonal Antigolpe - con dos sillas incluidas. Fabricante directo. Royal Door SRL.","og_url":"https:\/\/royaldoor.com.ar\/home\/producto\/conjunto-bipersonal-antigolpe\/","og_site_name":"RoyalDoor","article_modified_time":"2024-02-06T17:26:17+00:00","og_image":[{"width":300,"height":301,"url":"https:\/\/royaldoor.com.ar\/home\/wp-content\/uploads\/conjunto-bipersonal-300x300.jpg","type":"image\/jpeg"}],"twitter_card":"summary_large_image","twitter_misc":{"Tiempo de lectura":"1 minuto"},"schema":{"@context":"https:\/\/schema.org","@graph":[{"@type":"WebPage","@id":"https:\/\/royaldoor.com.ar\/home\/producto\/conjunto-bipersonal-antigolpe\/","url":"https:\/\/royaldoor.com.ar\/home\/producto\/conjunto-bipersonal-antigolpe\/","name":"Conjunto Bipersonal Antigolpe - RoyalDoor","isPartOf":{"@id":"https:\/\/royaldoor.com.ar\/home\/#website"},"primaryImageOfPage":{"@id":"https:\/\/royaldoor.com.ar\/home\/producto\/conjunto-bipersonal-antigolpe\/#primaryimage"},"image":{"@id":"https:\/\/royaldoor.com.ar\/home\/producto\/conjunto-bipersonal-antigolpe\/#primaryimage"},"thumbnailUrl":"https:\/\/royaldoor.com.ar\/home\/wp-content\/uploads\/conjunto-bipersonal-300x300.jpg","datePublished":"2019-07-03T18:16:28+00:00","dateModified":"2024-02-06T17:26:17+00:00","description":"Conjunto Bipersonal Antigolpe - con dos sillas incluidas. Fabricante directo. Royal Door SRL.","breadcrumb":{"@id":"https:\/\/royaldoor.com.ar\/home\/producto\/conjunto-bipersonal-antigolpe\/#breadcrumb"},"inLanguage":"es","potentialAction":[{"@type":"ReadAction","target":["https:\/\/royaldoor.com.ar\/home\/producto\/conjunto-bipersonal-antigolpe\/"]}]},{"@type":"ImageObject","inLanguage":"es","@id":"https:\/\/royaldoor.com.ar\/home\/producto\/conjunto-bipersonal-antigolpe\/#primaryimage","url":"https:\/\/royaldoor.com.ar\/home\/wp-content\/uploads\/conjunto-bipersonal-300x300.jpg","contentUrl":"https:\/\/royaldoor.com.ar\/home\/wp-content\/uploads\/conjunto-bipersonal-300x300.jpg","width":300,"height":301},{"@type":"BreadcrumbList","@id":"https:\/\/royaldoor.com.ar\/home\/producto\/conjunto-bipersonal-antigolpe\/#breadcrumb","itemListElement":[{"@type":"ListItem","position":1,"name":"Portada","item":"https:\/\/royaldoor.com.ar\/home\/"},{"@type":"ListItem","position":2,"name":"Productos","item":"https:\/\/royaldoor.com.ar\/home\/productos\/"},{"@type":"ListItem","position":3,"name":"Conjunto Bipersonal Antigolpe"}]},{"@type":"WebSite","@id":"https:\/\/royaldoor.com.ar\/home\/#website","url":"https:\/\/royaldoor.com.ar\/home\/","name":"RoyalDoor","description":"F\u00e1brica de muebles","potentialAction":[{"@type":"SearchAction","target":{"@type":"EntryPoint","urlTemplate":"https:\/\/royaldoor.com.ar\/home\/?s={search_term_string}"},"query-input":"required name=search_term_string"}],"inLanguage":"es"}]}},"_links":{"self":[{"href":"https:\/\/royaldoor.com.ar\/home\/wp-json\/wp\/v2\/product\/551"}],"collection":[{"href":"https:\/\/royaldoor.com.ar\/home\/wp-json\/wp\/v2\/product"}],"about":[{"href":"https:\/\/royaldoor.com.ar\/home\/wp-json\/wp\/v2\/types\/product"}],"wp:featuredmedia":[{"embeddable":true,"href":"https:\/\/royaldoor.com.ar\/home\/wp-json\/wp\/v2\/media\/596"}],"wp:attachment":[{"href":"https:\/\/royaldoor.com.ar\/home\/wp-json\/wp\/v2\/media?parent=551"}],"curies":[{"name":"wp","href":"https:\/\/api.w.org\/{rel}","templated":true}]}}