{"id":546,"date":"2019-07-03T18:07:49","date_gmt":"2019-07-03T18:07:49","guid":{"rendered":"https:\/\/royaldoor.com.ar\/home\/?post_type=product&#038;p=546"},"modified":"2024-02-06T17:12:02","modified_gmt":"2024-02-06T17:12:02","slug":"pupitre-unipersonal-clasico","status":"publish","type":"product","link":"https:\/\/royaldoor.com.ar\/home\/producto\/pupitre-unipersonal-clasico\/","title":{"rendered":"Pupitre Unipersonal Cl\u00e1sico"},"content":{"rendered":"<p>PUPITRE UNIPERSONAL CL\u00c1SICO<br \/>\n_______________________________________________________<\/p>\n<p>GARANT\u00cdA POR 6 MESES | Todos los medios de pago | Factura A y B<br \/>\n_______________________________________________________<\/p>\n<p>ESPECIFICACIONES T\u00c9CNICAS:<\/p>\n<div>PUPITRE:<\/div>\n<div>&#8211; REFUERZO EN INTERIORES Y EXTERIORES<\/div>\n<div>&#8211; MEDIDAS:<\/div>\n<div>&#8211; Largo: 42 metros<\/div>\n<div>&#8211; Ancho: 60 cm.<\/div>\n<div>&#8211; Altura: 75 cm<\/div>\n<div>&#8211; ESTRUCTURA METALICA CON CA\u00d1O DE ACERO DE 1&#8243; Y 1\/2&#8243;<\/div>\n<div>&#8211; PINTA EPOXI TERMOCONTRAIBLE DE ALTA RESISTENCIA<\/div>\n<div>&#8211; SOLDADURA MIG<\/div>\n<div>&#8211; ESTRUCTURA EN BEIGE, BLANCO O GRIS<\/div>\n<div>&#8211; TAPA DE MADERA DE 18 MM CON ENCHAPADO EN FORMICA Y CANTOS LUSTRADOS<\/div>\n<div>&#8211; PARRILLA PORTA UTILES<\/div>\n<div>&#8211; FABRICANTE DIRECTO<\/div>\n<p>______________________________________________________<\/p>\n<p>*ENV\u00cdOS: PROPIOS A TRAV\u00c9S DE NUESTRA FLOTA DE CAMIONES.<\/p>\n<p>*RETIRA: DE LUNES A VIERNES DE 8 A 5 PM POR PONTEVEDRA, MERLO.<\/p>\n","protected":false},"excerpt":{"rendered":"<p>PUPITRE UNIPERSONAL CL\u00c1SICO _______________________________________________________ GARANT\u00cdA POR 6 MESES | Todos los medios de pago | Factura A y B _______________________________________________________ ESPECIFICACIONES T\u00c9CNICAS: PUPITRE: &#8211; REFUERZO EN INTERIORES Y EXTERIORES &#8211; MEDIDAS: &#8211; Largo: 42 metros &#8211; Ancho: 60 cm. &#8211; Altura: 75 cm &#8211; ESTRUCTURA METALICA CON CA\u00d1O DE ACERO DE 1&#8243; Y 1\/2&#8243; &#8211; [&#8230;]\n","protected":false},"featured_media":547,"template":"","meta":{"_joinchat":{"telephone":"+542204923665","message_text":"\u00a1Env\u00edenos su consulta y con gusto le responderemos!","message_send":"\u00a1Hola!\nEstoy en la p\u00e1gina de Royal Door y me gustar\u00eda obtener m\u00e1s informaci\u00f3n sobre {PRODUCT} por favor."}},"yoast_head":"<!-- This site is optimized with the Yoast SEO plugin v22.7 - https:\/\/yoast.com\/wordpress\/plugins\/seo\/ -->\n<title>Pupitre Unipersonal Cl\u00e1sico - RoyalDoor<\/title>\n<meta name=\"description\" content=\"Pupitre Unipersonal Cl\u00e1sico - para escuelas primarias y secundarias. Fabricante directo. Royal Door SRL.\" \/>\n<meta name=\"robots\" content=\"index, follow, max-snippet:-1, max-image-preview:large, max-video-preview:-1\" \/>\n<link rel=\"canonical\" href=\"https:\/\/royaldoor.com.ar\/home\/producto\/pupitre-unipersonal-clasico\/\" \/>\n<meta property=\"og:locale\" content=\"es_ES\" \/>\n<meta property=\"og:type\" content=\"article\" \/>\n<meta property=\"og:title\" content=\"Pupitre Unipersonal Cl\u00e1sico - RoyalDoor\" \/>\n<meta property=\"og:description\" content=\"Pupitre Unipersonal Cl\u00e1sico - para escuelas primarias y secundarias. Fabricante directo. Royal Door SRL.\" \/>\n<meta property=\"og:url\" content=\"https:\/\/royaldoor.com.ar\/home\/producto\/pupitre-unipersonal-clasico\/\" \/>\n<meta property=\"og:site_name\" content=\"RoyalDoor\" \/>\n<meta property=\"article:modified_time\" content=\"2024-02-06T17:12:02+00:00\" \/>\n<meta property=\"og:image\" content=\"https:\/\/royaldoor.com.ar\/home\/wp-content\/uploads\/unipersonal-clasico-300x300.jpg\" \/>\n\t<meta property=\"og:image:width\" content=\"209\" \/>\n\t<meta property=\"og:image:height\" content=\"216\" \/>\n\t<meta property=\"og:image:type\" content=\"image\/jpeg\" \/>\n<meta name=\"twitter:card\" content=\"summary_large_image\" \/>\n<meta name=\"twitter:label1\" content=\"Tiempo de lectura\" \/>\n\t<meta name=\"twitter:data1\" content=\"1 minuto\" \/>\n<script type=\"application\/ld+json\" class=\"yoast-schema-graph\">{\"@context\":\"https:\/\/schema.org\",\"@graph\":[{\"@type\":\"WebPage\",\"@id\":\"https:\/\/royaldoor.com.ar\/home\/producto\/pupitre-unipersonal-clasico\/\",\"url\":\"https:\/\/royaldoor.com.ar\/home\/producto\/pupitre-unipersonal-clasico\/\",\"name\":\"Pupitre Unipersonal Cl\u00e1sico - RoyalDoor\",\"isPartOf\":{\"@id\":\"https:\/\/royaldoor.com.ar\/home\/#website\"},\"primaryImageOfPage\":{\"@id\":\"https:\/\/royaldoor.com.ar\/home\/producto\/pupitre-unipersonal-clasico\/#primaryimage\"},\"image\":{\"@id\":\"https:\/\/royaldoor.com.ar\/home\/producto\/pupitre-unipersonal-clasico\/#primaryimage\"},\"thumbnailUrl\":\"https:\/\/royaldoor.com.ar\/home\/wp-content\/uploads\/unipersonal-clasico-300x300.jpg\",\"datePublished\":\"2019-07-03T18:07:49+00:00\",\"dateModified\":\"2024-02-06T17:12:02+00:00\",\"description\":\"Pupitre Unipersonal Cl\u00e1sico - para escuelas primarias y secundarias. Fabricante directo. Royal Door SRL.\",\"breadcrumb\":{\"@id\":\"https:\/\/royaldoor.com.ar\/home\/producto\/pupitre-unipersonal-clasico\/#breadcrumb\"},\"inLanguage\":\"es\",\"potentialAction\":[{\"@type\":\"ReadAction\",\"target\":[\"https:\/\/royaldoor.com.ar\/home\/producto\/pupitre-unipersonal-clasico\/\"]}]},{\"@type\":\"ImageObject\",\"inLanguage\":\"es\",\"@id\":\"https:\/\/royaldoor.com.ar\/home\/producto\/pupitre-unipersonal-clasico\/#primaryimage\",\"url\":\"https:\/\/royaldoor.com.ar\/home\/wp-content\/uploads\/unipersonal-clasico-300x300.jpg\",\"contentUrl\":\"https:\/\/royaldoor.com.ar\/home\/wp-content\/uploads\/unipersonal-clasico-300x300.jpg\",\"width\":209,\"height\":216},{\"@type\":\"BreadcrumbList\",\"@id\":\"https:\/\/royaldoor.com.ar\/home\/producto\/pupitre-unipersonal-clasico\/#breadcrumb\",\"itemListElement\":[{\"@type\":\"ListItem\",\"position\":1,\"name\":\"Portada\",\"item\":\"https:\/\/royaldoor.com.ar\/home\/\"},{\"@type\":\"ListItem\",\"position\":2,\"name\":\"Productos\",\"item\":\"https:\/\/royaldoor.com.ar\/home\/productos\/\"},{\"@type\":\"ListItem\",\"position\":3,\"name\":\"Pupitre Unipersonal Cl\u00e1sico\"}]},{\"@type\":\"WebSite\",\"@id\":\"https:\/\/royaldoor.com.ar\/home\/#website\",\"url\":\"https:\/\/royaldoor.com.ar\/home\/\",\"name\":\"RoyalDoor\",\"description\":\"F\u00e1brica de muebles\",\"potentialAction\":[{\"@type\":\"SearchAction\",\"target\":{\"@type\":\"EntryPoint\",\"urlTemplate\":\"https:\/\/royaldoor.com.ar\/home\/?s={search_term_string}\"},\"query-input\":\"required name=search_term_string\"}],\"inLanguage\":\"es\"}]}<\/script>\n<!-- \/ Yoast SEO plugin. -->","yoast_head_json":{"title":"Pupitre Unipersonal Cl\u00e1sico - RoyalDoor","description":"Pupitre Unipersonal Cl\u00e1sico - para escuelas primarias y secundarias. Fabricante directo. Royal Door SRL.","robots":{"index":"index","follow":"follow","max-snippet":"max-snippet:-1","max-image-preview":"max-image-preview:large","max-video-preview":"max-video-preview:-1"},"canonical":"https:\/\/royaldoor.com.ar\/home\/producto\/pupitre-unipersonal-clasico\/","og_locale":"es_ES","og_type":"article","og_title":"Pupitre Unipersonal Cl\u00e1sico - RoyalDoor","og_description":"Pupitre Unipersonal Cl\u00e1sico - para escuelas primarias y secundarias. Fabricante directo. Royal Door SRL.","og_url":"https:\/\/royaldoor.com.ar\/home\/producto\/pupitre-unipersonal-clasico\/","og_site_name":"RoyalDoor","article_modified_time":"2024-02-06T17:12:02+00:00","og_image":[{"width":209,"height":216,"url":"https:\/\/royaldoor.com.ar\/home\/wp-content\/uploads\/unipersonal-clasico-300x300.jpg","type":"image\/jpeg"}],"twitter_card":"summary_large_image","twitter_misc":{"Tiempo de lectura":"1 minuto"},"schema":{"@context":"https:\/\/schema.org","@graph":[{"@type":"WebPage","@id":"https:\/\/royaldoor.com.ar\/home\/producto\/pupitre-unipersonal-clasico\/","url":"https:\/\/royaldoor.com.ar\/home\/producto\/pupitre-unipersonal-clasico\/","name":"Pupitre Unipersonal Cl\u00e1sico - RoyalDoor","isPartOf":{"@id":"https:\/\/royaldoor.com.ar\/home\/#website"},"primaryImageOfPage":{"@id":"https:\/\/royaldoor.com.ar\/home\/producto\/pupitre-unipersonal-clasico\/#primaryimage"},"image":{"@id":"https:\/\/royaldoor.com.ar\/home\/producto\/pupitre-unipersonal-clasico\/#primaryimage"},"thumbnailUrl":"https:\/\/royaldoor.com.ar\/home\/wp-content\/uploads\/unipersonal-clasico-300x300.jpg","datePublished":"2019-07-03T18:07:49+00:00","dateModified":"2024-02-06T17:12:02+00:00","description":"Pupitre Unipersonal Cl\u00e1sico - para escuelas primarias y secundarias. Fabricante directo. Royal Door SRL.","breadcrumb":{"@id":"https:\/\/royaldoor.com.ar\/home\/producto\/pupitre-unipersonal-clasico\/#breadcrumb"},"inLanguage":"es","potentialAction":[{"@type":"ReadAction","target":["https:\/\/royaldoor.com.ar\/home\/producto\/pupitre-unipersonal-clasico\/"]}]},{"@type":"ImageObject","inLanguage":"es","@id":"https:\/\/royaldoor.com.ar\/home\/producto\/pupitre-unipersonal-clasico\/#primaryimage","url":"https:\/\/royaldoor.com.ar\/home\/wp-content\/uploads\/unipersonal-clasico-300x300.jpg","contentUrl":"https:\/\/royaldoor.com.ar\/home\/wp-content\/uploads\/unipersonal-clasico-300x300.jpg","width":209,"height":216},{"@type":"BreadcrumbList","@id":"https:\/\/royaldoor.com.ar\/home\/producto\/pupitre-unipersonal-clasico\/#breadcrumb","itemListElement":[{"@type":"ListItem","position":1,"name":"Portada","item":"https:\/\/royaldoor.com.ar\/home\/"},{"@type":"ListItem","position":2,"name":"Productos","item":"https:\/\/royaldoor.com.ar\/home\/productos\/"},{"@type":"ListItem","position":3,"name":"Pupitre Unipersonal Cl\u00e1sico"}]},{"@type":"WebSite","@id":"https:\/\/royaldoor.com.ar\/home\/#website","url":"https:\/\/royaldoor.com.ar\/home\/","name":"RoyalDoor","description":"F\u00e1brica de muebles","potentialAction":[{"@type":"SearchAction","target":{"@type":"EntryPoint","urlTemplate":"https:\/\/royaldoor.com.ar\/home\/?s={search_term_string}"},"query-input":"required name=search_term_string"}],"inLanguage":"es"}]}},"_links":{"self":[{"href":"https:\/\/royaldoor.com.ar\/home\/wp-json\/wp\/v2\/product\/546"}],"collection":[{"href":"https:\/\/royaldoor.com.ar\/home\/wp-json\/wp\/v2\/product"}],"about":[{"href":"https:\/\/royaldoor.com.ar\/home\/wp-json\/wp\/v2\/types\/product"}],"wp:featuredmedia":[{"embeddable":true,"href":"https:\/\/royaldoor.com.ar\/home\/wp-json\/wp\/v2\/media\/547"}],"wp:attachment":[{"href":"https:\/\/royaldoor.com.ar\/home\/wp-json\/wp\/v2\/media?parent=546"}],"curies":[{"name":"wp","href":"https:\/\/api.w.org\/{rel}","templated":true}]}}