{"id":515,"date":"2019-07-02T20:38:48","date_gmt":"2019-07-02T20:38:48","guid":{"rendered":"https:\/\/royaldoor.com.ar\/home\/?post_type=product&#038;p=515"},"modified":"2025-06-23T15:42:17","modified_gmt":"2025-06-23T15:42:17","slug":"escritorio-moderno-base-cano","status":"publish","type":"product","link":"https:\/\/royaldoor.com.ar\/home\/producto\/escritorio-moderno-base-cano\/","title":{"rendered":"Escritorio Moderno Base Ca\u00f1o"},"content":{"rendered":"<p>Escritorio Moderno Base de Ca\u00f1o<\/p>\n<p>_______________________________________________________<\/p>\n<p>GARANT\u00cdA POR 6 MESES | Todos los medios de pago | Factura A y B<br \/>\n_______________________________________________________<\/p>\n<p>ESPECIFICACIONES T\u00c9CNICAS:<br \/>\n\u2013 Construido en base de hierro reforzado 40&#215;40 mm y tapa de melamina de 18 mm de alta calidad.<br \/>\n\u2013 Base color Negro, Blanco o Gris.<br \/>\n\u2013 Tapa Blanca, Negra, Haya, Gris Claro o Wengue.<br \/>\n\u2013 Medidas:<br \/>\nAncho: 120 cm<br \/>\nLargo: 60 cm<br \/>\nAlto: 75 cm<\/p>\n<p>\u2013 Fabricante Directo.<\/p>\n<p>______________________________________________________<\/p>\n<p>*ENV\u00cdOS: PROPIOS A TRAV\u00c9S DE NUESTRA FLOTA DE CAMIONES.<\/p>\n<p>*RETIRA: DE LUNES A VIERNES DE 8 A 5 PM POR PONTEVEDRA, MERLO.<\/p>\n","protected":false},"excerpt":{"rendered":"<p>Escritorio Moderno Base de Ca\u00f1o _______________________________________________________ GARANT\u00cdA POR 6 MESES | Todos los medios de pago | Factura A y B _______________________________________________________ ESPECIFICACIONES T\u00c9CNICAS: \u2013 Construido en base de hierro reforzado 40&#215;40 mm y tapa de melamina de 18 mm de alta calidad. \u2013 Base color Negro, Blanco o Gris. \u2013 Tapa Blanca, Negra, Haya, [&#8230;]\n","protected":false},"featured_media":1140,"template":"","meta":{"_joinchat":{"telephone":"+542204923665","message_text":"\u00a1Env\u00edenos su consulta y con gusto le responderemos!","message_send":"\u00a1Hola!\nEstoy en la p\u00e1gina de Royal Door y me gustar\u00eda obtener m\u00e1s informaci\u00f3n sobre {PRODUCT} por favor."}},"yoast_head":"<!-- This site is optimized with the Yoast SEO plugin v22.7 - https:\/\/yoast.com\/wordpress\/plugins\/seo\/ -->\n<title>Escritorio Moderno Base Ca\u00f1o - RoyalDoor<\/title>\n<meta name=\"description\" content=\"Escritorio para oficina reforzado - Royal Door - Fabricante de Muebles\" \/>\n<meta name=\"robots\" content=\"index, follow, max-snippet:-1, max-image-preview:large, max-video-preview:-1\" \/>\n<link rel=\"canonical\" href=\"https:\/\/royaldoor.com.ar\/home\/producto\/escritorio-moderno-base-cano\/\" \/>\n<meta property=\"og:locale\" content=\"es_ES\" \/>\n<meta property=\"og:type\" content=\"article\" \/>\n<meta property=\"og:title\" content=\"Escritorio Moderno Base Ca\u00f1o - RoyalDoor\" \/>\n<meta property=\"og:description\" content=\"Escritorio para oficina reforzado - Royal Door - Fabricante de Muebles\" \/>\n<meta property=\"og:url\" content=\"https:\/\/royaldoor.com.ar\/home\/producto\/escritorio-moderno-base-cano\/\" \/>\n<meta property=\"og:site_name\" content=\"RoyalDoor\" \/>\n<meta property=\"article:modified_time\" content=\"2025-06-23T15:42:17+00:00\" \/>\n<meta property=\"og:image\" content=\"https:\/\/royaldoor.com.ar\/home\/wp-content\/uploads\/WhatsApp-Image-2025-06-18-at-12.53.20-PM.jpeg\" \/>\n\t<meta property=\"og:image:width\" content=\"810\" \/>\n\t<meta property=\"og:image:height\" content=\"1080\" \/>\n\t<meta property=\"og:image:type\" content=\"image\/jpeg\" \/>\n<meta name=\"twitter:card\" content=\"summary_large_image\" \/>\n<meta name=\"twitter:label1\" content=\"Tiempo de lectura\" \/>\n\t<meta name=\"twitter:data1\" content=\"1 minuto\" \/>\n<script type=\"application\/ld+json\" class=\"yoast-schema-graph\">{\"@context\":\"https:\/\/schema.org\",\"@graph\":[{\"@type\":\"WebPage\",\"@id\":\"https:\/\/royaldoor.com.ar\/home\/producto\/escritorio-moderno-base-cano\/\",\"url\":\"https:\/\/royaldoor.com.ar\/home\/producto\/escritorio-moderno-base-cano\/\",\"name\":\"Escritorio Moderno Base Ca\u00f1o - RoyalDoor\",\"isPartOf\":{\"@id\":\"https:\/\/royaldoor.com.ar\/home\/#website\"},\"primaryImageOfPage\":{\"@id\":\"https:\/\/royaldoor.com.ar\/home\/producto\/escritorio-moderno-base-cano\/#primaryimage\"},\"image\":{\"@id\":\"https:\/\/royaldoor.com.ar\/home\/producto\/escritorio-moderno-base-cano\/#primaryimage\"},\"thumbnailUrl\":\"https:\/\/royaldoor.com.ar\/home\/wp-content\/uploads\/WhatsApp-Image-2025-06-18-at-12.53.20-PM.jpeg\",\"datePublished\":\"2019-07-02T20:38:48+00:00\",\"dateModified\":\"2025-06-23T15:42:17+00:00\",\"description\":\"Escritorio para oficina reforzado - Royal Door - Fabricante de Muebles\",\"breadcrumb\":{\"@id\":\"https:\/\/royaldoor.com.ar\/home\/producto\/escritorio-moderno-base-cano\/#breadcrumb\"},\"inLanguage\":\"es\",\"potentialAction\":[{\"@type\":\"ReadAction\",\"target\":[\"https:\/\/royaldoor.com.ar\/home\/producto\/escritorio-moderno-base-cano\/\"]}]},{\"@type\":\"ImageObject\",\"inLanguage\":\"es\",\"@id\":\"https:\/\/royaldoor.com.ar\/home\/producto\/escritorio-moderno-base-cano\/#primaryimage\",\"url\":\"https:\/\/royaldoor.com.ar\/home\/wp-content\/uploads\/WhatsApp-Image-2025-06-18-at-12.53.20-PM.jpeg\",\"contentUrl\":\"https:\/\/royaldoor.com.ar\/home\/wp-content\/uploads\/WhatsApp-Image-2025-06-18-at-12.53.20-PM.jpeg\",\"width\":810,\"height\":1080},{\"@type\":\"BreadcrumbList\",\"@id\":\"https:\/\/royaldoor.com.ar\/home\/producto\/escritorio-moderno-base-cano\/#breadcrumb\",\"itemListElement\":[{\"@type\":\"ListItem\",\"position\":1,\"name\":\"Portada\",\"item\":\"https:\/\/royaldoor.com.ar\/home\/\"},{\"@type\":\"ListItem\",\"position\":2,\"name\":\"Productos\",\"item\":\"https:\/\/royaldoor.com.ar\/home\/productos\/\"},{\"@type\":\"ListItem\",\"position\":3,\"name\":\"Escritorio Moderno Base Ca\u00f1o\"}]},{\"@type\":\"WebSite\",\"@id\":\"https:\/\/royaldoor.com.ar\/home\/#website\",\"url\":\"https:\/\/royaldoor.com.ar\/home\/\",\"name\":\"RoyalDoor\",\"description\":\"F\u00e1brica de muebles\",\"potentialAction\":[{\"@type\":\"SearchAction\",\"target\":{\"@type\":\"EntryPoint\",\"urlTemplate\":\"https:\/\/royaldoor.com.ar\/home\/?s={search_term_string}\"},\"query-input\":\"required name=search_term_string\"}],\"inLanguage\":\"es\"}]}<\/script>\n<!-- \/ Yoast SEO plugin. -->","yoast_head_json":{"title":"Escritorio Moderno Base Ca\u00f1o - RoyalDoor","description":"Escritorio para oficina reforzado - Royal Door - Fabricante de Muebles","robots":{"index":"index","follow":"follow","max-snippet":"max-snippet:-1","max-image-preview":"max-image-preview:large","max-video-preview":"max-video-preview:-1"},"canonical":"https:\/\/royaldoor.com.ar\/home\/producto\/escritorio-moderno-base-cano\/","og_locale":"es_ES","og_type":"article","og_title":"Escritorio Moderno Base Ca\u00f1o - RoyalDoor","og_description":"Escritorio para oficina reforzado - Royal Door - Fabricante de Muebles","og_url":"https:\/\/royaldoor.com.ar\/home\/producto\/escritorio-moderno-base-cano\/","og_site_name":"RoyalDoor","article_modified_time":"2025-06-23T15:42:17+00:00","og_image":[{"width":810,"height":1080,"url":"https:\/\/royaldoor.com.ar\/home\/wp-content\/uploads\/WhatsApp-Image-2025-06-18-at-12.53.20-PM.jpeg","type":"image\/jpeg"}],"twitter_card":"summary_large_image","twitter_misc":{"Tiempo de lectura":"1 minuto"},"schema":{"@context":"https:\/\/schema.org","@graph":[{"@type":"WebPage","@id":"https:\/\/royaldoor.com.ar\/home\/producto\/escritorio-moderno-base-cano\/","url":"https:\/\/royaldoor.com.ar\/home\/producto\/escritorio-moderno-base-cano\/","name":"Escritorio Moderno Base Ca\u00f1o - RoyalDoor","isPartOf":{"@id":"https:\/\/royaldoor.com.ar\/home\/#website"},"primaryImageOfPage":{"@id":"https:\/\/royaldoor.com.ar\/home\/producto\/escritorio-moderno-base-cano\/#primaryimage"},"image":{"@id":"https:\/\/royaldoor.com.ar\/home\/producto\/escritorio-moderno-base-cano\/#primaryimage"},"thumbnailUrl":"https:\/\/royaldoor.com.ar\/home\/wp-content\/uploads\/WhatsApp-Image-2025-06-18-at-12.53.20-PM.jpeg","datePublished":"2019-07-02T20:38:48+00:00","dateModified":"2025-06-23T15:42:17+00:00","description":"Escritorio para oficina reforzado - Royal Door - Fabricante de Muebles","breadcrumb":{"@id":"https:\/\/royaldoor.com.ar\/home\/producto\/escritorio-moderno-base-cano\/#breadcrumb"},"inLanguage":"es","potentialAction":[{"@type":"ReadAction","target":["https:\/\/royaldoor.com.ar\/home\/producto\/escritorio-moderno-base-cano\/"]}]},{"@type":"ImageObject","inLanguage":"es","@id":"https:\/\/royaldoor.com.ar\/home\/producto\/escritorio-moderno-base-cano\/#primaryimage","url":"https:\/\/royaldoor.com.ar\/home\/wp-content\/uploads\/WhatsApp-Image-2025-06-18-at-12.53.20-PM.jpeg","contentUrl":"https:\/\/royaldoor.com.ar\/home\/wp-content\/uploads\/WhatsApp-Image-2025-06-18-at-12.53.20-PM.jpeg","width":810,"height":1080},{"@type":"BreadcrumbList","@id":"https:\/\/royaldoor.com.ar\/home\/producto\/escritorio-moderno-base-cano\/#breadcrumb","itemListElement":[{"@type":"ListItem","position":1,"name":"Portada","item":"https:\/\/royaldoor.com.ar\/home\/"},{"@type":"ListItem","position":2,"name":"Productos","item":"https:\/\/royaldoor.com.ar\/home\/productos\/"},{"@type":"ListItem","position":3,"name":"Escritorio Moderno Base Ca\u00f1o"}]},{"@type":"WebSite","@id":"https:\/\/royaldoor.com.ar\/home\/#website","url":"https:\/\/royaldoor.com.ar\/home\/","name":"RoyalDoor","description":"F\u00e1brica de muebles","potentialAction":[{"@type":"SearchAction","target":{"@type":"EntryPoint","urlTemplate":"https:\/\/royaldoor.com.ar\/home\/?s={search_term_string}"},"query-input":"required name=search_term_string"}],"inLanguage":"es"}]}},"_links":{"self":[{"href":"https:\/\/royaldoor.com.ar\/home\/wp-json\/wp\/v2\/product\/515"}],"collection":[{"href":"https:\/\/royaldoor.com.ar\/home\/wp-json\/wp\/v2\/product"}],"about":[{"href":"https:\/\/royaldoor.com.ar\/home\/wp-json\/wp\/v2\/types\/product"}],"wp:featuredmedia":[{"embeddable":true,"href":"https:\/\/royaldoor.com.ar\/home\/wp-json\/wp\/v2\/media\/1140"}],"wp:attachment":[{"href":"https:\/\/royaldoor.com.ar\/home\/wp-json\/wp\/v2\/media?parent=515"}],"curies":[{"name":"wp","href":"https:\/\/api.w.org\/{rel}","templated":true}]}}