{"id":467,"date":"2019-06-12T14:37:57","date_gmt":"2019-06-12T14:37:57","guid":{"rendered":"https:\/\/royaldoor.com.ar\/home\/?post_type=product&#038;p=467"},"modified":"2024-01-29T17:49:11","modified_gmt":"2024-01-29T17:49:11","slug":"puesto-de-trabajo","status":"publish","type":"product","link":"https:\/\/royaldoor.com.ar\/home\/producto\/puesto-de-trabajo\/","title":{"rendered":"Puesto de trabajo 6 Personas"},"content":{"rendered":"<p>Puesto de Trabajo 6 Personas<\/p>\n<p>_______________________________________________________<\/p>\n<p>GARANT\u00cdA POR 6 MESES | Todos los medios de pago | Factura A y B<br \/>\n_______________________________________________________<\/p>\n<p>ESPECIFICACIONES T\u00c9CNICAS:<\/p>\n<p>\u2013 Construido en melamina de 18 mm de alta calidad<br \/>\n\u2013 Estructura de ca\u00f1o de 40 x 40.<br \/>\n\u2013 Con 2 cajones colgantes por puesto<br \/>\n\u2013 Medidas totales: 300 cm x 120 cm X 75cm (se realizan a medida).<br \/>\n\u2013 Medidas por puesto: 100 cm x 60 cm x 75 cm.<br \/>\n\u2013 Con porta teclado y CPU<br \/>\n\u2013 Divisores frontales de melamina, divisores laterales en estructura met\u00e1lica o melamina<br \/>\n\u2013 Fabricante directo.<\/p>\n<p>______________________________________________________<\/p>\n<p>*ENV\u00cdOS: PROPIOS A TRAV\u00c9S DE NUESTRA FLOTA DE CAMIONES.<\/p>\n<p>*RETIRA: DE LUNES A VIERNES DE 8 A 5 PM POR PONTEVEDRA, MERLO.<\/p>\n","protected":false},"excerpt":{"rendered":"<p>Puesto de Trabajo 6 Personas _______________________________________________________ GARANT\u00cdA POR 6 MESES | Todos los medios de pago | Factura A y B _______________________________________________________ ESPECIFICACIONES T\u00c9CNICAS: \u2013 Construido en melamina de 18 mm de alta calidad \u2013 Estructura de ca\u00f1o de 40 x 40. \u2013 Con 2 cajones colgantes por puesto \u2013 Medidas totales: 300 cm x [&#8230;]\n","protected":false},"featured_media":468,"template":"","meta":{"_joinchat":{"telephone":"+542204923665","message_text":"\u00a1Env\u00edenos su consulta y con gusto le responderemos!","message_send":"\u00a1Hola!\nEstoy en la p\u00e1gina de Royal Door y me gustar\u00eda obtener m\u00e1s informaci\u00f3n sobre {PRODUCT} por favor."}},"yoast_head":"<!-- This site is optimized with the Yoast SEO plugin v22.7 - https:\/\/yoast.com\/wordpress\/plugins\/seo\/ -->\n<title>Puesto de trabajo 6 Personas - RoyalDoor<\/title>\n<meta name=\"robots\" content=\"index, follow, max-snippet:-1, max-image-preview:large, max-video-preview:-1\" \/>\n<link rel=\"canonical\" href=\"https:\/\/royaldoor.com.ar\/home\/producto\/puesto-de-trabajo\/\" \/>\n<meta property=\"og:locale\" content=\"es_ES\" \/>\n<meta property=\"og:type\" content=\"article\" \/>\n<meta property=\"og:title\" content=\"Puesto de trabajo 6 Personas - RoyalDoor\" \/>\n<meta property=\"og:description\" content=\"Puesto de Trabajo 6 Personas _______________________________________________________ GARANT\u00cdA POR 6 MESES | Todos los medios de pago | Factura A y B _______________________________________________________ ESPECIFICACIONES T\u00c9CNICAS: \u2013 Construido en melamina de 18 mm de alta calidad \u2013 Estructura de ca\u00f1o de 40 x 40. \u2013 Con 2 cajones colgantes por puesto \u2013 Medidas totales: 300 cm x [...]\" \/>\n<meta property=\"og:url\" content=\"https:\/\/royaldoor.com.ar\/home\/producto\/puesto-de-trabajo\/\" \/>\n<meta property=\"og:site_name\" content=\"RoyalDoor\" \/>\n<meta property=\"article:modified_time\" content=\"2024-01-29T17:49:11+00:00\" \/>\n<meta property=\"og:image\" content=\"https:\/\/royaldoor.com.ar\/home\/wp-content\/uploads\/PUESTO-DE-TRABAJO-BL300x300.jpg\" \/>\n\t<meta property=\"og:image:width\" content=\"300\" \/>\n\t<meta property=\"og:image:height\" content=\"301\" \/>\n\t<meta property=\"og:image:type\" content=\"image\/jpeg\" \/>\n<meta name=\"twitter:card\" content=\"summary_large_image\" \/>\n<script type=\"application\/ld+json\" class=\"yoast-schema-graph\">{\"@context\":\"https:\/\/schema.org\",\"@graph\":[{\"@type\":\"WebPage\",\"@id\":\"https:\/\/royaldoor.com.ar\/home\/producto\/puesto-de-trabajo\/\",\"url\":\"https:\/\/royaldoor.com.ar\/home\/producto\/puesto-de-trabajo\/\",\"name\":\"Puesto de trabajo 6 Personas - RoyalDoor\",\"isPartOf\":{\"@id\":\"https:\/\/royaldoor.com.ar\/home\/#website\"},\"primaryImageOfPage\":{\"@id\":\"https:\/\/royaldoor.com.ar\/home\/producto\/puesto-de-trabajo\/#primaryimage\"},\"image\":{\"@id\":\"https:\/\/royaldoor.com.ar\/home\/producto\/puesto-de-trabajo\/#primaryimage\"},\"thumbnailUrl\":\"https:\/\/royaldoor.com.ar\/home\/wp-content\/uploads\/PUESTO-DE-TRABAJO-BL300x300.jpg\",\"datePublished\":\"2019-06-12T14:37:57+00:00\",\"dateModified\":\"2024-01-29T17:49:11+00:00\",\"breadcrumb\":{\"@id\":\"https:\/\/royaldoor.com.ar\/home\/producto\/puesto-de-trabajo\/#breadcrumb\"},\"inLanguage\":\"es\",\"potentialAction\":[{\"@type\":\"ReadAction\",\"target\":[\"https:\/\/royaldoor.com.ar\/home\/producto\/puesto-de-trabajo\/\"]}]},{\"@type\":\"ImageObject\",\"inLanguage\":\"es\",\"@id\":\"https:\/\/royaldoor.com.ar\/home\/producto\/puesto-de-trabajo\/#primaryimage\",\"url\":\"https:\/\/royaldoor.com.ar\/home\/wp-content\/uploads\/PUESTO-DE-TRABAJO-BL300x300.jpg\",\"contentUrl\":\"https:\/\/royaldoor.com.ar\/home\/wp-content\/uploads\/PUESTO-DE-TRABAJO-BL300x300.jpg\",\"width\":300,\"height\":301},{\"@type\":\"BreadcrumbList\",\"@id\":\"https:\/\/royaldoor.com.ar\/home\/producto\/puesto-de-trabajo\/#breadcrumb\",\"itemListElement\":[{\"@type\":\"ListItem\",\"position\":1,\"name\":\"Portada\",\"item\":\"https:\/\/royaldoor.com.ar\/home\/\"},{\"@type\":\"ListItem\",\"position\":2,\"name\":\"Productos\",\"item\":\"https:\/\/royaldoor.com.ar\/home\/productos\/\"},{\"@type\":\"ListItem\",\"position\":3,\"name\":\"Puesto de trabajo 6 Personas\"}]},{\"@type\":\"WebSite\",\"@id\":\"https:\/\/royaldoor.com.ar\/home\/#website\",\"url\":\"https:\/\/royaldoor.com.ar\/home\/\",\"name\":\"RoyalDoor\",\"description\":\"F\u00e1brica de muebles\",\"potentialAction\":[{\"@type\":\"SearchAction\",\"target\":{\"@type\":\"EntryPoint\",\"urlTemplate\":\"https:\/\/royaldoor.com.ar\/home\/?s={search_term_string}\"},\"query-input\":\"required name=search_term_string\"}],\"inLanguage\":\"es\"}]}<\/script>\n<!-- \/ Yoast SEO plugin. -->","yoast_head_json":{"title":"Puesto de trabajo 6 Personas - RoyalDoor","robots":{"index":"index","follow":"follow","max-snippet":"max-snippet:-1","max-image-preview":"max-image-preview:large","max-video-preview":"max-video-preview:-1"},"canonical":"https:\/\/royaldoor.com.ar\/home\/producto\/puesto-de-trabajo\/","og_locale":"es_ES","og_type":"article","og_title":"Puesto de trabajo 6 Personas - RoyalDoor","og_description":"Puesto de Trabajo 6 Personas _______________________________________________________ GARANT\u00cdA POR 6 MESES | Todos los medios de pago | Factura A y B _______________________________________________________ ESPECIFICACIONES T\u00c9CNICAS: \u2013 Construido en melamina de 18 mm de alta calidad \u2013 Estructura de ca\u00f1o de 40 x 40. \u2013 Con 2 cajones colgantes por puesto \u2013 Medidas totales: 300 cm x [...]","og_url":"https:\/\/royaldoor.com.ar\/home\/producto\/puesto-de-trabajo\/","og_site_name":"RoyalDoor","article_modified_time":"2024-01-29T17:49:11+00:00","og_image":[{"width":300,"height":301,"url":"https:\/\/royaldoor.com.ar\/home\/wp-content\/uploads\/PUESTO-DE-TRABAJO-BL300x300.jpg","type":"image\/jpeg"}],"twitter_card":"summary_large_image","schema":{"@context":"https:\/\/schema.org","@graph":[{"@type":"WebPage","@id":"https:\/\/royaldoor.com.ar\/home\/producto\/puesto-de-trabajo\/","url":"https:\/\/royaldoor.com.ar\/home\/producto\/puesto-de-trabajo\/","name":"Puesto de trabajo 6 Personas - RoyalDoor","isPartOf":{"@id":"https:\/\/royaldoor.com.ar\/home\/#website"},"primaryImageOfPage":{"@id":"https:\/\/royaldoor.com.ar\/home\/producto\/puesto-de-trabajo\/#primaryimage"},"image":{"@id":"https:\/\/royaldoor.com.ar\/home\/producto\/puesto-de-trabajo\/#primaryimage"},"thumbnailUrl":"https:\/\/royaldoor.com.ar\/home\/wp-content\/uploads\/PUESTO-DE-TRABAJO-BL300x300.jpg","datePublished":"2019-06-12T14:37:57+00:00","dateModified":"2024-01-29T17:49:11+00:00","breadcrumb":{"@id":"https:\/\/royaldoor.com.ar\/home\/producto\/puesto-de-trabajo\/#breadcrumb"},"inLanguage":"es","potentialAction":[{"@type":"ReadAction","target":["https:\/\/royaldoor.com.ar\/home\/producto\/puesto-de-trabajo\/"]}]},{"@type":"ImageObject","inLanguage":"es","@id":"https:\/\/royaldoor.com.ar\/home\/producto\/puesto-de-trabajo\/#primaryimage","url":"https:\/\/royaldoor.com.ar\/home\/wp-content\/uploads\/PUESTO-DE-TRABAJO-BL300x300.jpg","contentUrl":"https:\/\/royaldoor.com.ar\/home\/wp-content\/uploads\/PUESTO-DE-TRABAJO-BL300x300.jpg","width":300,"height":301},{"@type":"BreadcrumbList","@id":"https:\/\/royaldoor.com.ar\/home\/producto\/puesto-de-trabajo\/#breadcrumb","itemListElement":[{"@type":"ListItem","position":1,"name":"Portada","item":"https:\/\/royaldoor.com.ar\/home\/"},{"@type":"ListItem","position":2,"name":"Productos","item":"https:\/\/royaldoor.com.ar\/home\/productos\/"},{"@type":"ListItem","position":3,"name":"Puesto de trabajo 6 Personas"}]},{"@type":"WebSite","@id":"https:\/\/royaldoor.com.ar\/home\/#website","url":"https:\/\/royaldoor.com.ar\/home\/","name":"RoyalDoor","description":"F\u00e1brica de muebles","potentialAction":[{"@type":"SearchAction","target":{"@type":"EntryPoint","urlTemplate":"https:\/\/royaldoor.com.ar\/home\/?s={search_term_string}"},"query-input":"required name=search_term_string"}],"inLanguage":"es"}]}},"_links":{"self":[{"href":"https:\/\/royaldoor.com.ar\/home\/wp-json\/wp\/v2\/product\/467"}],"collection":[{"href":"https:\/\/royaldoor.com.ar\/home\/wp-json\/wp\/v2\/product"}],"about":[{"href":"https:\/\/royaldoor.com.ar\/home\/wp-json\/wp\/v2\/types\/product"}],"wp:featuredmedia":[{"embeddable":true,"href":"https:\/\/royaldoor.com.ar\/home\/wp-json\/wp\/v2\/media\/468"}],"wp:attachment":[{"href":"https:\/\/royaldoor.com.ar\/home\/wp-json\/wp\/v2\/media?parent=467"}],"curies":[{"name":"wp","href":"https:\/\/api.w.org\/{rel}","templated":true}]}}