{"id":465,"date":"2019-06-12T14:31:28","date_gmt":"2019-06-12T14:31:28","guid":{"rendered":"https:\/\/royaldoor.com.ar\/home\/?post_type=product&#038;p=465"},"modified":"2024-01-29T18:06:12","modified_gmt":"2024-01-29T18:06:12","slug":"escritorio-gerencial-en-l","status":"publish","type":"product","link":"https:\/\/royaldoor.com.ar\/home\/producto\/escritorio-gerencial-en-l\/","title":{"rendered":"Escritorio Gerencial en L"},"content":{"rendered":"<p>Escritorio Gerencial en L<\/p>\n<p>_______________________________________________________<\/p>\n<p>GARANT\u00cdA POR 6 MESES | Todos los medios de pago | Factura A y B<br \/>\n_______________________________________________________<\/p>\n<p>ESPECIFICACIONES T\u00c9CNICAS:<br \/>\n\u2013 Construido en tapa de melamina de 18 o 25 mm de alta calidad<br \/>\n\u2013 Estructura de ca\u00f1o 40 x 40<br \/>\n\u2013 Con bajo mesada<br \/>\n\u2013 Medidas:<br \/>\nAncho: 150 cm<br \/>\nLargo: 150 cm<br \/>\nAlto: 75 cm<\/p>\n<p>\u2013 Fabricante directo<\/p>\n<p>______________________________________________________<\/p>\n<p>*ENV\u00cdOS: PROPIOS A TRAV\u00c9S DE NUESTRA FLOTA DE CAMIONES.<\/p>\n<p>*RETIRA: DE LUNES A VIERNES DE 8 A 5 PM POR PONTEVEDRA, MERLO.<\/p>\n","protected":false},"excerpt":{"rendered":"<p>Escritorio Gerencial en L _______________________________________________________ GARANT\u00cdA POR 6 MESES | Todos los medios de pago | Factura A y B _______________________________________________________ ESPECIFICACIONES T\u00c9CNICAS: \u2013 Construido en tapa de melamina de 18 o 25 mm de alta calidad \u2013 Estructura de ca\u00f1o 40 x 40 \u2013 Con bajo mesada \u2013 Medidas: Ancho: 150 cm Largo: 150 [&#8230;]\n","protected":false},"featured_media":466,"template":"","meta":{"_joinchat":{"telephone":"+542204923665","message_text":"\u00a1Env\u00edenos su consulta y con gusto le responderemos!","message_send":"\u00a1Hola!\nEstoy en la p\u00e1gina de Royal Door y me gustar\u00eda obtener m\u00e1s informaci\u00f3n sobre {PRODUCT} por favor."}},"yoast_head":"<!-- This site is optimized with the Yoast SEO plugin v22.7 - https:\/\/yoast.com\/wordpress\/plugins\/seo\/ -->\n<title>Escritorio Gerencial en L - RoyalDoor<\/title>\n<meta name=\"description\" content=\"Royal Door SRL - Fabricante de Muebles\" \/>\n<meta name=\"robots\" content=\"index, follow, max-snippet:-1, max-image-preview:large, max-video-preview:-1\" \/>\n<link rel=\"canonical\" href=\"https:\/\/royaldoor.com.ar\/home\/producto\/escritorio-gerencial-en-l\/\" \/>\n<meta property=\"og:locale\" content=\"es_ES\" \/>\n<meta property=\"og:type\" content=\"article\" \/>\n<meta property=\"og:title\" content=\"Escritorio Gerencial en L - RoyalDoor\" \/>\n<meta property=\"og:description\" content=\"Royal Door SRL - Fabricante de Muebles\" \/>\n<meta property=\"og:url\" content=\"https:\/\/royaldoor.com.ar\/home\/producto\/escritorio-gerencial-en-l\/\" \/>\n<meta property=\"og:site_name\" content=\"RoyalDoor\" \/>\n<meta property=\"article:modified_time\" content=\"2024-01-29T18:06:12+00:00\" \/>\n<meta property=\"og:image\" content=\"https:\/\/royaldoor.com.ar\/home\/wp-content\/uploads\/ESCRITORIO-EN-L-300x300.jpg\" \/>\n\t<meta property=\"og:image:width\" content=\"300\" \/>\n\t<meta property=\"og:image:height\" content=\"293\" \/>\n\t<meta property=\"og:image:type\" content=\"image\/jpeg\" \/>\n<meta name=\"twitter:card\" content=\"summary_large_image\" \/>\n<script type=\"application\/ld+json\" class=\"yoast-schema-graph\">{\"@context\":\"https:\/\/schema.org\",\"@graph\":[{\"@type\":\"WebPage\",\"@id\":\"https:\/\/royaldoor.com.ar\/home\/producto\/escritorio-gerencial-en-l\/\",\"url\":\"https:\/\/royaldoor.com.ar\/home\/producto\/escritorio-gerencial-en-l\/\",\"name\":\"Escritorio Gerencial en L - RoyalDoor\",\"isPartOf\":{\"@id\":\"https:\/\/royaldoor.com.ar\/home\/#website\"},\"primaryImageOfPage\":{\"@id\":\"https:\/\/royaldoor.com.ar\/home\/producto\/escritorio-gerencial-en-l\/#primaryimage\"},\"image\":{\"@id\":\"https:\/\/royaldoor.com.ar\/home\/producto\/escritorio-gerencial-en-l\/#primaryimage\"},\"thumbnailUrl\":\"https:\/\/royaldoor.com.ar\/home\/wp-content\/uploads\/ESCRITORIO-EN-L-300x300.jpg\",\"datePublished\":\"2019-06-12T14:31:28+00:00\",\"dateModified\":\"2024-01-29T18:06:12+00:00\",\"description\":\"Royal Door SRL - Fabricante de Muebles\",\"breadcrumb\":{\"@id\":\"https:\/\/royaldoor.com.ar\/home\/producto\/escritorio-gerencial-en-l\/#breadcrumb\"},\"inLanguage\":\"es\",\"potentialAction\":[{\"@type\":\"ReadAction\",\"target\":[\"https:\/\/royaldoor.com.ar\/home\/producto\/escritorio-gerencial-en-l\/\"]}]},{\"@type\":\"ImageObject\",\"inLanguage\":\"es\",\"@id\":\"https:\/\/royaldoor.com.ar\/home\/producto\/escritorio-gerencial-en-l\/#primaryimage\",\"url\":\"https:\/\/royaldoor.com.ar\/home\/wp-content\/uploads\/ESCRITORIO-EN-L-300x300.jpg\",\"contentUrl\":\"https:\/\/royaldoor.com.ar\/home\/wp-content\/uploads\/ESCRITORIO-EN-L-300x300.jpg\",\"width\":300,\"height\":293},{\"@type\":\"BreadcrumbList\",\"@id\":\"https:\/\/royaldoor.com.ar\/home\/producto\/escritorio-gerencial-en-l\/#breadcrumb\",\"itemListElement\":[{\"@type\":\"ListItem\",\"position\":1,\"name\":\"Portada\",\"item\":\"https:\/\/royaldoor.com.ar\/home\/\"},{\"@type\":\"ListItem\",\"position\":2,\"name\":\"Productos\",\"item\":\"https:\/\/royaldoor.com.ar\/home\/productos\/\"},{\"@type\":\"ListItem\",\"position\":3,\"name\":\"Escritorio Gerencial en L\"}]},{\"@type\":\"WebSite\",\"@id\":\"https:\/\/royaldoor.com.ar\/home\/#website\",\"url\":\"https:\/\/royaldoor.com.ar\/home\/\",\"name\":\"RoyalDoor\",\"description\":\"F\u00e1brica de muebles\",\"potentialAction\":[{\"@type\":\"SearchAction\",\"target\":{\"@type\":\"EntryPoint\",\"urlTemplate\":\"https:\/\/royaldoor.com.ar\/home\/?s={search_term_string}\"},\"query-input\":\"required name=search_term_string\"}],\"inLanguage\":\"es\"}]}<\/script>\n<!-- \/ Yoast SEO plugin. -->","yoast_head_json":{"title":"Escritorio Gerencial en L - RoyalDoor","description":"Royal Door SRL - Fabricante de Muebles","robots":{"index":"index","follow":"follow","max-snippet":"max-snippet:-1","max-image-preview":"max-image-preview:large","max-video-preview":"max-video-preview:-1"},"canonical":"https:\/\/royaldoor.com.ar\/home\/producto\/escritorio-gerencial-en-l\/","og_locale":"es_ES","og_type":"article","og_title":"Escritorio Gerencial en L - RoyalDoor","og_description":"Royal Door SRL - Fabricante de Muebles","og_url":"https:\/\/royaldoor.com.ar\/home\/producto\/escritorio-gerencial-en-l\/","og_site_name":"RoyalDoor","article_modified_time":"2024-01-29T18:06:12+00:00","og_image":[{"width":300,"height":293,"url":"https:\/\/royaldoor.com.ar\/home\/wp-content\/uploads\/ESCRITORIO-EN-L-300x300.jpg","type":"image\/jpeg"}],"twitter_card":"summary_large_image","schema":{"@context":"https:\/\/schema.org","@graph":[{"@type":"WebPage","@id":"https:\/\/royaldoor.com.ar\/home\/producto\/escritorio-gerencial-en-l\/","url":"https:\/\/royaldoor.com.ar\/home\/producto\/escritorio-gerencial-en-l\/","name":"Escritorio Gerencial en L - RoyalDoor","isPartOf":{"@id":"https:\/\/royaldoor.com.ar\/home\/#website"},"primaryImageOfPage":{"@id":"https:\/\/royaldoor.com.ar\/home\/producto\/escritorio-gerencial-en-l\/#primaryimage"},"image":{"@id":"https:\/\/royaldoor.com.ar\/home\/producto\/escritorio-gerencial-en-l\/#primaryimage"},"thumbnailUrl":"https:\/\/royaldoor.com.ar\/home\/wp-content\/uploads\/ESCRITORIO-EN-L-300x300.jpg","datePublished":"2019-06-12T14:31:28+00:00","dateModified":"2024-01-29T18:06:12+00:00","description":"Royal Door SRL - Fabricante de Muebles","breadcrumb":{"@id":"https:\/\/royaldoor.com.ar\/home\/producto\/escritorio-gerencial-en-l\/#breadcrumb"},"inLanguage":"es","potentialAction":[{"@type":"ReadAction","target":["https:\/\/royaldoor.com.ar\/home\/producto\/escritorio-gerencial-en-l\/"]}]},{"@type":"ImageObject","inLanguage":"es","@id":"https:\/\/royaldoor.com.ar\/home\/producto\/escritorio-gerencial-en-l\/#primaryimage","url":"https:\/\/royaldoor.com.ar\/home\/wp-content\/uploads\/ESCRITORIO-EN-L-300x300.jpg","contentUrl":"https:\/\/royaldoor.com.ar\/home\/wp-content\/uploads\/ESCRITORIO-EN-L-300x300.jpg","width":300,"height":293},{"@type":"BreadcrumbList","@id":"https:\/\/royaldoor.com.ar\/home\/producto\/escritorio-gerencial-en-l\/#breadcrumb","itemListElement":[{"@type":"ListItem","position":1,"name":"Portada","item":"https:\/\/royaldoor.com.ar\/home\/"},{"@type":"ListItem","position":2,"name":"Productos","item":"https:\/\/royaldoor.com.ar\/home\/productos\/"},{"@type":"ListItem","position":3,"name":"Escritorio Gerencial en L"}]},{"@type":"WebSite","@id":"https:\/\/royaldoor.com.ar\/home\/#website","url":"https:\/\/royaldoor.com.ar\/home\/","name":"RoyalDoor","description":"F\u00e1brica de muebles","potentialAction":[{"@type":"SearchAction","target":{"@type":"EntryPoint","urlTemplate":"https:\/\/royaldoor.com.ar\/home\/?s={search_term_string}"},"query-input":"required name=search_term_string"}],"inLanguage":"es"}]}},"_links":{"self":[{"href":"https:\/\/royaldoor.com.ar\/home\/wp-json\/wp\/v2\/product\/465"}],"collection":[{"href":"https:\/\/royaldoor.com.ar\/home\/wp-json\/wp\/v2\/product"}],"about":[{"href":"https:\/\/royaldoor.com.ar\/home\/wp-json\/wp\/v2\/types\/product"}],"wp:featuredmedia":[{"embeddable":true,"href":"https:\/\/royaldoor.com.ar\/home\/wp-json\/wp\/v2\/media\/466"}],"wp:attachment":[{"href":"https:\/\/royaldoor.com.ar\/home\/wp-json\/wp\/v2\/media?parent=465"}],"curies":[{"name":"wp","href":"https:\/\/api.w.org\/{rel}","templated":true}]}}