{"id":416,"date":"2019-06-06T20:02:01","date_gmt":"2019-06-06T20:02:01","guid":{"rendered":"https:\/\/royaldoor.com.ar\/home\/?post_type=product&#038;p=416"},"modified":"2025-06-24T15:31:45","modified_gmt":"2025-06-24T15:31:45","slug":"biblioteca-baja-batiente","status":"publish","type":"product","link":"https:\/\/royaldoor.com.ar\/home\/producto\/biblioteca-baja-batiente\/","title":{"rendered":"Biblioteca Baja"},"content":{"rendered":"<p>BIBLIOTECA BAJA DE DOS PUERTAS CORREDIZAS DE MELAMINA<br \/>\n_______________________________________________________<\/p>\n<p>GARANT\u00cdA POR 6 MESES | Todos los medios de pago | Factura A y B<br \/>\n_______________________________________________________<\/p>\n<p>ESPECIFICACIONES T\u00c9CNICAS<\/p>\n<p>\u2013 Confeccionado en melamina de 18mm de alta calidad<br \/>\n\u2013 2 puertas batientes con cerradura.<br \/>\n\u2013 Estante regulable triple posici\u00f3n<br \/>\n\u2013 Medidas: 90 x 45 x 80 (h) cm<br \/>\n\u2013 Color a elecci\u00f3n del cliente<br \/>\n______________________________________________________<\/p>\n<p>*ENV\u00cdOS: A TRAV\u00c9S DE NUESTRA FLOTA DE CAMIONESO FLETE A CARGO DEL COMPRADOR.<\/p>\n<p>*RETIRA: DE LUNES A VIERNES DE 8 A 5 PM POR PONTEVEDRA, MERLO.<\/p>\n","protected":false},"excerpt":{"rendered":"<p>BIBLIOTECA BAJA DE DOS PUERTAS CORREDIZAS DE MELAMINA _______________________________________________________ GARANT\u00cdA POR 6 MESES | Todos los medios de pago | Factura A y B _______________________________________________________ ESPECIFICACIONES T\u00c9CNICAS \u2013 Confeccionado en melamina de 18mm de alta calidad \u2013 2 puertas batientes con cerradura. \u2013 Estante regulable triple posici\u00f3n \u2013 Medidas: 90 x 45 x 80 (h) [&#8230;]\n","protected":false},"featured_media":1155,"template":"","meta":{"_joinchat":{"telephone":"+542204923665","message_text":"\u00a1Env\u00edenos su consulta y con gusto le responderemos!","message_send":"\u00a1Hola!\nEstoy en la p\u00e1gina de Royal Door y me gustar\u00eda obtener m\u00e1s informaci\u00f3n sobre {PRODUCT} por favor."}},"yoast_head":"<!-- This site is optimized with the Yoast SEO plugin v22.7 - https:\/\/yoast.com\/wordpress\/plugins\/seo\/ -->\n<title>Biblioteca Baja - RoyalDoor<\/title>\n<meta name=\"robots\" content=\"index, follow, max-snippet:-1, max-image-preview:large, max-video-preview:-1\" \/>\n<link rel=\"canonical\" href=\"https:\/\/royaldoor.com.ar\/home\/producto\/biblioteca-baja-batiente\/\" \/>\n<meta property=\"og:locale\" content=\"es_ES\" \/>\n<meta property=\"og:type\" content=\"article\" \/>\n<meta property=\"og:title\" content=\"Biblioteca Baja - RoyalDoor\" \/>\n<meta property=\"og:description\" content=\"BIBLIOTECA BAJA DE DOS PUERTAS CORREDIZAS DE MELAMINA _______________________________________________________ GARANT\u00cdA POR 6 MESES | Todos los medios de pago | Factura A y B _______________________________________________________ ESPECIFICACIONES T\u00c9CNICAS \u2013 Confeccionado en melamina de 18mm de alta calidad \u2013 2 puertas batientes con cerradura. \u2013 Estante regulable triple posici\u00f3n \u2013 Medidas: 90 x 45 x 80 (h) [...]\" \/>\n<meta property=\"og:url\" content=\"https:\/\/royaldoor.com.ar\/home\/producto\/biblioteca-baja-batiente\/\" \/>\n<meta property=\"og:site_name\" content=\"RoyalDoor\" \/>\n<meta property=\"article:modified_time\" content=\"2025-06-24T15:31:45+00:00\" \/>\n<meta property=\"og:image\" content=\"https:\/\/royaldoor.com.ar\/home\/wp-content\/uploads\/WhatsApp-Image-2025-06-24-at-11.05.46-AM.jpeg\" \/>\n\t<meta property=\"og:image:width\" content=\"810\" \/>\n\t<meta property=\"og:image:height\" content=\"1080\" \/>\n\t<meta property=\"og:image:type\" content=\"image\/jpeg\" \/>\n<meta name=\"twitter:card\" content=\"summary_large_image\" \/>\n<meta name=\"twitter:label1\" content=\"Tiempo de lectura\" \/>\n\t<meta name=\"twitter:data1\" content=\"1 minuto\" \/>\n<script type=\"application\/ld+json\" class=\"yoast-schema-graph\">{\"@context\":\"https:\/\/schema.org\",\"@graph\":[{\"@type\":\"WebPage\",\"@id\":\"https:\/\/royaldoor.com.ar\/home\/producto\/biblioteca-baja-batiente\/\",\"url\":\"https:\/\/royaldoor.com.ar\/home\/producto\/biblioteca-baja-batiente\/\",\"name\":\"Biblioteca Baja - RoyalDoor\",\"isPartOf\":{\"@id\":\"https:\/\/royaldoor.com.ar\/home\/#website\"},\"primaryImageOfPage\":{\"@id\":\"https:\/\/royaldoor.com.ar\/home\/producto\/biblioteca-baja-batiente\/#primaryimage\"},\"image\":{\"@id\":\"https:\/\/royaldoor.com.ar\/home\/producto\/biblioteca-baja-batiente\/#primaryimage\"},\"thumbnailUrl\":\"https:\/\/royaldoor.com.ar\/home\/wp-content\/uploads\/WhatsApp-Image-2025-06-24-at-11.05.46-AM.jpeg\",\"datePublished\":\"2019-06-06T20:02:01+00:00\",\"dateModified\":\"2025-06-24T15:31:45+00:00\",\"breadcrumb\":{\"@id\":\"https:\/\/royaldoor.com.ar\/home\/producto\/biblioteca-baja-batiente\/#breadcrumb\"},\"inLanguage\":\"es\",\"potentialAction\":[{\"@type\":\"ReadAction\",\"target\":[\"https:\/\/royaldoor.com.ar\/home\/producto\/biblioteca-baja-batiente\/\"]}]},{\"@type\":\"ImageObject\",\"inLanguage\":\"es\",\"@id\":\"https:\/\/royaldoor.com.ar\/home\/producto\/biblioteca-baja-batiente\/#primaryimage\",\"url\":\"https:\/\/royaldoor.com.ar\/home\/wp-content\/uploads\/WhatsApp-Image-2025-06-24-at-11.05.46-AM.jpeg\",\"contentUrl\":\"https:\/\/royaldoor.com.ar\/home\/wp-content\/uploads\/WhatsApp-Image-2025-06-24-at-11.05.46-AM.jpeg\",\"width\":810,\"height\":1080},{\"@type\":\"BreadcrumbList\",\"@id\":\"https:\/\/royaldoor.com.ar\/home\/producto\/biblioteca-baja-batiente\/#breadcrumb\",\"itemListElement\":[{\"@type\":\"ListItem\",\"position\":1,\"name\":\"Portada\",\"item\":\"https:\/\/royaldoor.com.ar\/home\/\"},{\"@type\":\"ListItem\",\"position\":2,\"name\":\"Productos\",\"item\":\"https:\/\/royaldoor.com.ar\/home\/productos\/\"},{\"@type\":\"ListItem\",\"position\":3,\"name\":\"Biblioteca Baja\"}]},{\"@type\":\"WebSite\",\"@id\":\"https:\/\/royaldoor.com.ar\/home\/#website\",\"url\":\"https:\/\/royaldoor.com.ar\/home\/\",\"name\":\"RoyalDoor\",\"description\":\"F\u00e1brica de muebles\",\"potentialAction\":[{\"@type\":\"SearchAction\",\"target\":{\"@type\":\"EntryPoint\",\"urlTemplate\":\"https:\/\/royaldoor.com.ar\/home\/?s={search_term_string}\"},\"query-input\":\"required name=search_term_string\"}],\"inLanguage\":\"es\"}]}<\/script>\n<!-- \/ Yoast SEO plugin. -->","yoast_head_json":{"title":"Biblioteca Baja - RoyalDoor","robots":{"index":"index","follow":"follow","max-snippet":"max-snippet:-1","max-image-preview":"max-image-preview:large","max-video-preview":"max-video-preview:-1"},"canonical":"https:\/\/royaldoor.com.ar\/home\/producto\/biblioteca-baja-batiente\/","og_locale":"es_ES","og_type":"article","og_title":"Biblioteca Baja - RoyalDoor","og_description":"BIBLIOTECA BAJA DE DOS PUERTAS CORREDIZAS DE MELAMINA _______________________________________________________ GARANT\u00cdA POR 6 MESES | Todos los medios de pago | Factura A y B _______________________________________________________ ESPECIFICACIONES T\u00c9CNICAS \u2013 Confeccionado en melamina de 18mm de alta calidad \u2013 2 puertas batientes con cerradura. \u2013 Estante regulable triple posici\u00f3n \u2013 Medidas: 90 x 45 x 80 (h) [...]","og_url":"https:\/\/royaldoor.com.ar\/home\/producto\/biblioteca-baja-batiente\/","og_site_name":"RoyalDoor","article_modified_time":"2025-06-24T15:31:45+00:00","og_image":[{"width":810,"height":1080,"url":"https:\/\/royaldoor.com.ar\/home\/wp-content\/uploads\/WhatsApp-Image-2025-06-24-at-11.05.46-AM.jpeg","type":"image\/jpeg"}],"twitter_card":"summary_large_image","twitter_misc":{"Tiempo de lectura":"1 minuto"},"schema":{"@context":"https:\/\/schema.org","@graph":[{"@type":"WebPage","@id":"https:\/\/royaldoor.com.ar\/home\/producto\/biblioteca-baja-batiente\/","url":"https:\/\/royaldoor.com.ar\/home\/producto\/biblioteca-baja-batiente\/","name":"Biblioteca Baja - RoyalDoor","isPartOf":{"@id":"https:\/\/royaldoor.com.ar\/home\/#website"},"primaryImageOfPage":{"@id":"https:\/\/royaldoor.com.ar\/home\/producto\/biblioteca-baja-batiente\/#primaryimage"},"image":{"@id":"https:\/\/royaldoor.com.ar\/home\/producto\/biblioteca-baja-batiente\/#primaryimage"},"thumbnailUrl":"https:\/\/royaldoor.com.ar\/home\/wp-content\/uploads\/WhatsApp-Image-2025-06-24-at-11.05.46-AM.jpeg","datePublished":"2019-06-06T20:02:01+00:00","dateModified":"2025-06-24T15:31:45+00:00","breadcrumb":{"@id":"https:\/\/royaldoor.com.ar\/home\/producto\/biblioteca-baja-batiente\/#breadcrumb"},"inLanguage":"es","potentialAction":[{"@type":"ReadAction","target":["https:\/\/royaldoor.com.ar\/home\/producto\/biblioteca-baja-batiente\/"]}]},{"@type":"ImageObject","inLanguage":"es","@id":"https:\/\/royaldoor.com.ar\/home\/producto\/biblioteca-baja-batiente\/#primaryimage","url":"https:\/\/royaldoor.com.ar\/home\/wp-content\/uploads\/WhatsApp-Image-2025-06-24-at-11.05.46-AM.jpeg","contentUrl":"https:\/\/royaldoor.com.ar\/home\/wp-content\/uploads\/WhatsApp-Image-2025-06-24-at-11.05.46-AM.jpeg","width":810,"height":1080},{"@type":"BreadcrumbList","@id":"https:\/\/royaldoor.com.ar\/home\/producto\/biblioteca-baja-batiente\/#breadcrumb","itemListElement":[{"@type":"ListItem","position":1,"name":"Portada","item":"https:\/\/royaldoor.com.ar\/home\/"},{"@type":"ListItem","position":2,"name":"Productos","item":"https:\/\/royaldoor.com.ar\/home\/productos\/"},{"@type":"ListItem","position":3,"name":"Biblioteca Baja"}]},{"@type":"WebSite","@id":"https:\/\/royaldoor.com.ar\/home\/#website","url":"https:\/\/royaldoor.com.ar\/home\/","name":"RoyalDoor","description":"F\u00e1brica de muebles","potentialAction":[{"@type":"SearchAction","target":{"@type":"EntryPoint","urlTemplate":"https:\/\/royaldoor.com.ar\/home\/?s={search_term_string}"},"query-input":"required name=search_term_string"}],"inLanguage":"es"}]}},"_links":{"self":[{"href":"https:\/\/royaldoor.com.ar\/home\/wp-json\/wp\/v2\/product\/416"}],"collection":[{"href":"https:\/\/royaldoor.com.ar\/home\/wp-json\/wp\/v2\/product"}],"about":[{"href":"https:\/\/royaldoor.com.ar\/home\/wp-json\/wp\/v2\/types\/product"}],"wp:featuredmedia":[{"embeddable":true,"href":"https:\/\/royaldoor.com.ar\/home\/wp-json\/wp\/v2\/media\/1155"}],"wp:attachment":[{"href":"https:\/\/royaldoor.com.ar\/home\/wp-json\/wp\/v2\/media?parent=416"}],"curies":[{"name":"wp","href":"https:\/\/api.w.org\/{rel}","templated":true}]}}