{"id":410,"date":"2019-06-06T19:21:56","date_gmt":"2019-06-06T19:21:56","guid":{"rendered":"https:\/\/royaldoor.com.ar\/home\/?post_type=product&#038;p=410"},"modified":"2024-02-05T14:43:25","modified_gmt":"2024-02-05T14:43:25","slug":"biblioteca-2-puertas","status":"publish","type":"product","link":"https:\/\/royaldoor.com.ar\/home\/producto\/biblioteca-2-puertas\/","title":{"rendered":"Biblioteca 2 Puertas Batientes"},"content":{"rendered":"<p>BIBLIOTECA DOS PUERTAS BATIENTES<\/p>\n<p>_______________________________________________________<\/p>\n<p>GARANT\u00cdA POR 6 MESES | Todos los medios de pago | Factura A y B<br \/>\n_______________________________________________________<\/p>\n<p>ESPECIFICACIONES T\u00c9CNICAS<\/p>\n<p>\u2013 Confeccionado en melamina de 18mm de alta calidad<br \/>\n\u2013 Dos puertas batientes<br \/>\n\u2013 Medidas: 90 x 45 x 180 cm<br \/>\n\u2013 Color a elecci\u00f3n del cliente<br \/>\n______________________________________________________<\/p>\n<p>*ENV\u00cdOS: A TRAV\u00c9S DE NUESTRA FLOTA DE CAMIONESO FLETE A CARGO DEL COMPRADOR.<\/p>\n<p>*RETIRA: DE LUNES A VIERNES DE 8 A 5 PM POR PONTEVEDRA, MERLO..<\/p>\n","protected":false},"excerpt":{"rendered":"<p>BIBLIOTECA DOS PUERTAS BATIENTES _______________________________________________________ GARANT\u00cdA POR 6 MESES | Todos los medios de pago | Factura A y B _______________________________________________________ ESPECIFICACIONES T\u00c9CNICAS \u2013 Confeccionado en melamina de 18mm de alta calidad \u2013 Dos puertas batientes \u2013 Medidas: 90 x 45 x 180 cm \u2013 Color a elecci\u00f3n del cliente ______________________________________________________ *ENV\u00cdOS: A TRAV\u00c9S DE [&#8230;]\n","protected":false},"featured_media":491,"template":"","meta":{"_joinchat":{"telephone":"+542204923665","message_text":"\u00a1Env\u00edenos su consulta y con gusto le responderemos!","message_send":"\u00a1Hola!\nEstoy en la p\u00e1gina de Royal Door y me gustar\u00eda obtener m\u00e1s informaci\u00f3n sobre {PRODUCT} por favor."}},"yoast_head":"<!-- This site is optimized with the Yoast SEO plugin v22.7 - https:\/\/yoast.com\/wordpress\/plugins\/seo\/ -->\n<title>Biblioteca 2 Puertas Batientes - RoyalDoor<\/title>\n<meta name=\"robots\" content=\"index, follow, max-snippet:-1, max-image-preview:large, max-video-preview:-1\" \/>\n<link rel=\"canonical\" href=\"https:\/\/royaldoor.com.ar\/home\/producto\/biblioteca-2-puertas\/\" \/>\n<meta property=\"og:locale\" content=\"es_ES\" \/>\n<meta property=\"og:type\" content=\"article\" \/>\n<meta property=\"og:title\" content=\"Biblioteca 2 Puertas Batientes - RoyalDoor\" \/>\n<meta property=\"og:description\" content=\"BIBLIOTECA DOS PUERTAS BATIENTES _______________________________________________________ GARANT\u00cdA POR 6 MESES | Todos los medios de pago | Factura A y B _______________________________________________________ ESPECIFICACIONES T\u00c9CNICAS \u2013 Confeccionado en melamina de 18mm de alta calidad \u2013 Dos puertas batientes \u2013 Medidas: 90 x 45 x 180 cm \u2013 Color a elecci\u00f3n del cliente ______________________________________________________ *ENV\u00cdOS: A TRAV\u00c9S DE [...]\" \/>\n<meta property=\"og:url\" content=\"https:\/\/royaldoor.com.ar\/home\/producto\/biblioteca-2-puertas\/\" \/>\n<meta property=\"og:site_name\" content=\"RoyalDoor\" \/>\n<meta property=\"article:modified_time\" content=\"2024-02-05T14:43:25+00:00\" \/>\n<meta property=\"og:image\" content=\"https:\/\/royaldoor.com.ar\/home\/wp-content\/uploads\/batiente-2-ptas-300x300.jpg\" \/>\n\t<meta property=\"og:image:width\" content=\"300\" \/>\n\t<meta property=\"og:image:height\" content=\"301\" \/>\n\t<meta property=\"og:image:type\" content=\"image\/jpeg\" \/>\n<meta name=\"twitter:card\" content=\"summary_large_image\" \/>\n<script type=\"application\/ld+json\" class=\"yoast-schema-graph\">{\"@context\":\"https:\/\/schema.org\",\"@graph\":[{\"@type\":\"WebPage\",\"@id\":\"https:\/\/royaldoor.com.ar\/home\/producto\/biblioteca-2-puertas\/\",\"url\":\"https:\/\/royaldoor.com.ar\/home\/producto\/biblioteca-2-puertas\/\",\"name\":\"Biblioteca 2 Puertas Batientes - RoyalDoor\",\"isPartOf\":{\"@id\":\"https:\/\/royaldoor.com.ar\/home\/#website\"},\"primaryImageOfPage\":{\"@id\":\"https:\/\/royaldoor.com.ar\/home\/producto\/biblioteca-2-puertas\/#primaryimage\"},\"image\":{\"@id\":\"https:\/\/royaldoor.com.ar\/home\/producto\/biblioteca-2-puertas\/#primaryimage\"},\"thumbnailUrl\":\"https:\/\/royaldoor.com.ar\/home\/wp-content\/uploads\/batiente-2-ptas-300x300.jpg\",\"datePublished\":\"2019-06-06T19:21:56+00:00\",\"dateModified\":\"2024-02-05T14:43:25+00:00\",\"breadcrumb\":{\"@id\":\"https:\/\/royaldoor.com.ar\/home\/producto\/biblioteca-2-puertas\/#breadcrumb\"},\"inLanguage\":\"es\",\"potentialAction\":[{\"@type\":\"ReadAction\",\"target\":[\"https:\/\/royaldoor.com.ar\/home\/producto\/biblioteca-2-puertas\/\"]}]},{\"@type\":\"ImageObject\",\"inLanguage\":\"es\",\"@id\":\"https:\/\/royaldoor.com.ar\/home\/producto\/biblioteca-2-puertas\/#primaryimage\",\"url\":\"https:\/\/royaldoor.com.ar\/home\/wp-content\/uploads\/batiente-2-ptas-300x300.jpg\",\"contentUrl\":\"https:\/\/royaldoor.com.ar\/home\/wp-content\/uploads\/batiente-2-ptas-300x300.jpg\",\"width\":300,\"height\":301},{\"@type\":\"BreadcrumbList\",\"@id\":\"https:\/\/royaldoor.com.ar\/home\/producto\/biblioteca-2-puertas\/#breadcrumb\",\"itemListElement\":[{\"@type\":\"ListItem\",\"position\":1,\"name\":\"Portada\",\"item\":\"https:\/\/royaldoor.com.ar\/home\/\"},{\"@type\":\"ListItem\",\"position\":2,\"name\":\"Productos\",\"item\":\"https:\/\/royaldoor.com.ar\/home\/productos\/\"},{\"@type\":\"ListItem\",\"position\":3,\"name\":\"Biblioteca 2 Puertas Batientes\"}]},{\"@type\":\"WebSite\",\"@id\":\"https:\/\/royaldoor.com.ar\/home\/#website\",\"url\":\"https:\/\/royaldoor.com.ar\/home\/\",\"name\":\"RoyalDoor\",\"description\":\"F\u00e1brica de muebles\",\"potentialAction\":[{\"@type\":\"SearchAction\",\"target\":{\"@type\":\"EntryPoint\",\"urlTemplate\":\"https:\/\/royaldoor.com.ar\/home\/?s={search_term_string}\"},\"query-input\":\"required name=search_term_string\"}],\"inLanguage\":\"es\"}]}<\/script>\n<!-- \/ Yoast SEO plugin. -->","yoast_head_json":{"title":"Biblioteca 2 Puertas Batientes - RoyalDoor","robots":{"index":"index","follow":"follow","max-snippet":"max-snippet:-1","max-image-preview":"max-image-preview:large","max-video-preview":"max-video-preview:-1"},"canonical":"https:\/\/royaldoor.com.ar\/home\/producto\/biblioteca-2-puertas\/","og_locale":"es_ES","og_type":"article","og_title":"Biblioteca 2 Puertas Batientes - RoyalDoor","og_description":"BIBLIOTECA DOS PUERTAS BATIENTES _______________________________________________________ GARANT\u00cdA POR 6 MESES | Todos los medios de pago | Factura A y B _______________________________________________________ ESPECIFICACIONES T\u00c9CNICAS \u2013 Confeccionado en melamina de 18mm de alta calidad \u2013 Dos puertas batientes \u2013 Medidas: 90 x 45 x 180 cm \u2013 Color a elecci\u00f3n del cliente ______________________________________________________ *ENV\u00cdOS: A TRAV\u00c9S DE [...]","og_url":"https:\/\/royaldoor.com.ar\/home\/producto\/biblioteca-2-puertas\/","og_site_name":"RoyalDoor","article_modified_time":"2024-02-05T14:43:25+00:00","og_image":[{"width":300,"height":301,"url":"https:\/\/royaldoor.com.ar\/home\/wp-content\/uploads\/batiente-2-ptas-300x300.jpg","type":"image\/jpeg"}],"twitter_card":"summary_large_image","schema":{"@context":"https:\/\/schema.org","@graph":[{"@type":"WebPage","@id":"https:\/\/royaldoor.com.ar\/home\/producto\/biblioteca-2-puertas\/","url":"https:\/\/royaldoor.com.ar\/home\/producto\/biblioteca-2-puertas\/","name":"Biblioteca 2 Puertas Batientes - RoyalDoor","isPartOf":{"@id":"https:\/\/royaldoor.com.ar\/home\/#website"},"primaryImageOfPage":{"@id":"https:\/\/royaldoor.com.ar\/home\/producto\/biblioteca-2-puertas\/#primaryimage"},"image":{"@id":"https:\/\/royaldoor.com.ar\/home\/producto\/biblioteca-2-puertas\/#primaryimage"},"thumbnailUrl":"https:\/\/royaldoor.com.ar\/home\/wp-content\/uploads\/batiente-2-ptas-300x300.jpg","datePublished":"2019-06-06T19:21:56+00:00","dateModified":"2024-02-05T14:43:25+00:00","breadcrumb":{"@id":"https:\/\/royaldoor.com.ar\/home\/producto\/biblioteca-2-puertas\/#breadcrumb"},"inLanguage":"es","potentialAction":[{"@type":"ReadAction","target":["https:\/\/royaldoor.com.ar\/home\/producto\/biblioteca-2-puertas\/"]}]},{"@type":"ImageObject","inLanguage":"es","@id":"https:\/\/royaldoor.com.ar\/home\/producto\/biblioteca-2-puertas\/#primaryimage","url":"https:\/\/royaldoor.com.ar\/home\/wp-content\/uploads\/batiente-2-ptas-300x300.jpg","contentUrl":"https:\/\/royaldoor.com.ar\/home\/wp-content\/uploads\/batiente-2-ptas-300x300.jpg","width":300,"height":301},{"@type":"BreadcrumbList","@id":"https:\/\/royaldoor.com.ar\/home\/producto\/biblioteca-2-puertas\/#breadcrumb","itemListElement":[{"@type":"ListItem","position":1,"name":"Portada","item":"https:\/\/royaldoor.com.ar\/home\/"},{"@type":"ListItem","position":2,"name":"Productos","item":"https:\/\/royaldoor.com.ar\/home\/productos\/"},{"@type":"ListItem","position":3,"name":"Biblioteca 2 Puertas Batientes"}]},{"@type":"WebSite","@id":"https:\/\/royaldoor.com.ar\/home\/#website","url":"https:\/\/royaldoor.com.ar\/home\/","name":"RoyalDoor","description":"F\u00e1brica de muebles","potentialAction":[{"@type":"SearchAction","target":{"@type":"EntryPoint","urlTemplate":"https:\/\/royaldoor.com.ar\/home\/?s={search_term_string}"},"query-input":"required name=search_term_string"}],"inLanguage":"es"}]}},"_links":{"self":[{"href":"https:\/\/royaldoor.com.ar\/home\/wp-json\/wp\/v2\/product\/410"}],"collection":[{"href":"https:\/\/royaldoor.com.ar\/home\/wp-json\/wp\/v2\/product"}],"about":[{"href":"https:\/\/royaldoor.com.ar\/home\/wp-json\/wp\/v2\/types\/product"}],"wp:featuredmedia":[{"embeddable":true,"href":"https:\/\/royaldoor.com.ar\/home\/wp-json\/wp\/v2\/media\/491"}],"wp:attachment":[{"href":"https:\/\/royaldoor.com.ar\/home\/wp-json\/wp\/v2\/media?parent=410"}],"curies":[{"name":"wp","href":"https:\/\/api.w.org\/{rel}","templated":true}]}}