{"id":310,"date":"2019-05-08T20:03:29","date_gmt":"2019-05-08T20:03:29","guid":{"rendered":"https:\/\/royaldoor.com.ar\/home\/?post_type=product&#038;p=310"},"modified":"2025-02-03T19:18:14","modified_gmt":"2025-02-03T19:18:14","slug":"silla-lisi-tapizada","status":"publish","type":"product","link":"https:\/\/royaldoor.com.ar\/home\/producto\/silla-lisi-tapizada\/","title":{"rendered":"Silla Lisy tapizada"},"content":{"rendered":"<p>Silla Lisy Tapizada<\/p>\n<p>_______________________________________________________<\/p>\n<p>GARANT\u00cdA POR 6 MESES | Todos los medios de pago | Factura A y B<br \/>\n_______________________________________________________<\/p>\n<p>Estructura de ca\u00f1o oval de 30 x 14 x 1,2 mm<br \/>\nTerminaci\u00f3n en pintura epoxi<br \/>\nInterior de asiento y respaldo de polipropileno<br \/>\nTapizado en eco cuero o tela<br \/>\nRegatones antideslizantes.<\/p>\n","protected":false},"excerpt":{"rendered":"<p>Silla Lisy Tapizada _______________________________________________________ GARANT\u00cdA POR 6 MESES | Todos los medios de pago | Factura A y B _______________________________________________________ Estructura de ca\u00f1o oval de 30 x 14 x 1,2 mm Terminaci\u00f3n en pintura epoxi Interior de asiento y respaldo de polipropileno Tapizado en eco cuero o tela Regatones antideslizantes.<\/p>\n","protected":false},"featured_media":945,"template":"","meta":{"_joinchat":{"telephone":"+542204923665","message_text":"\u00a1Env\u00edenos su consulta y con gusto le responderemos!","message_send":"\u00a1Hola!\nEstoy en la p\u00e1gina de Royal Door y me gustar\u00eda obtener m\u00e1s informaci\u00f3n sobre {PRODUCT} por favor."}},"yoast_head":"<!-- This site is optimized with the Yoast SEO plugin v22.7 - https:\/\/yoast.com\/wordpress\/plugins\/seo\/ -->\n<title>Silla Lisy tapizada - RoyalDoor<\/title>\n<meta name=\"description\" content=\"Silla Lisy Tapizada Fija - Fabricante Directo\" \/>\n<meta name=\"robots\" content=\"index, follow, max-snippet:-1, max-image-preview:large, max-video-preview:-1\" \/>\n<link rel=\"canonical\" href=\"https:\/\/royaldoor.com.ar\/home\/producto\/silla-lisi-tapizada\/\" \/>\n<meta property=\"og:locale\" content=\"es_ES\" \/>\n<meta property=\"og:type\" content=\"article\" \/>\n<meta property=\"og:title\" content=\"Silla Lisy tapizada - RoyalDoor\" \/>\n<meta property=\"og:description\" content=\"Silla Lisy Tapizada Fija - Fabricante Directo\" \/>\n<meta property=\"og:url\" content=\"https:\/\/royaldoor.com.ar\/home\/producto\/silla-lisi-tapizada\/\" \/>\n<meta property=\"og:site_name\" content=\"RoyalDoor\" \/>\n<meta property=\"article:modified_time\" content=\"2025-02-03T19:18:14+00:00\" \/>\n<meta property=\"og:image\" content=\"https:\/\/royaldoor.com.ar\/home\/wp-content\/uploads\/lisy-tap-2.jpeg\" \/>\n\t<meta property=\"og:image:width\" content=\"1080\" \/>\n\t<meta property=\"og:image:height\" content=\"1080\" \/>\n\t<meta property=\"og:image:type\" content=\"image\/jpeg\" \/>\n<meta name=\"twitter:card\" content=\"summary_large_image\" \/>\n<meta name=\"twitter:label1\" content=\"Tiempo de lectura\" \/>\n\t<meta name=\"twitter:data1\" content=\"1 minuto\" \/>\n<script type=\"application\/ld+json\" class=\"yoast-schema-graph\">{\"@context\":\"https:\/\/schema.org\",\"@graph\":[{\"@type\":\"WebPage\",\"@id\":\"https:\/\/royaldoor.com.ar\/home\/producto\/silla-lisi-tapizada\/\",\"url\":\"https:\/\/royaldoor.com.ar\/home\/producto\/silla-lisi-tapizada\/\",\"name\":\"Silla Lisy tapizada - RoyalDoor\",\"isPartOf\":{\"@id\":\"https:\/\/royaldoor.com.ar\/home\/#website\"},\"primaryImageOfPage\":{\"@id\":\"https:\/\/royaldoor.com.ar\/home\/producto\/silla-lisi-tapizada\/#primaryimage\"},\"image\":{\"@id\":\"https:\/\/royaldoor.com.ar\/home\/producto\/silla-lisi-tapizada\/#primaryimage\"},\"thumbnailUrl\":\"https:\/\/royaldoor.com.ar\/home\/wp-content\/uploads\/lisy-tap-2.jpeg\",\"datePublished\":\"2019-05-08T20:03:29+00:00\",\"dateModified\":\"2025-02-03T19:18:14+00:00\",\"description\":\"Silla Lisy Tapizada Fija - Fabricante Directo\",\"breadcrumb\":{\"@id\":\"https:\/\/royaldoor.com.ar\/home\/producto\/silla-lisi-tapizada\/#breadcrumb\"},\"inLanguage\":\"es\",\"potentialAction\":[{\"@type\":\"ReadAction\",\"target\":[\"https:\/\/royaldoor.com.ar\/home\/producto\/silla-lisi-tapizada\/\"]}]},{\"@type\":\"ImageObject\",\"inLanguage\":\"es\",\"@id\":\"https:\/\/royaldoor.com.ar\/home\/producto\/silla-lisi-tapizada\/#primaryimage\",\"url\":\"https:\/\/royaldoor.com.ar\/home\/wp-content\/uploads\/lisy-tap-2.jpeg\",\"contentUrl\":\"https:\/\/royaldoor.com.ar\/home\/wp-content\/uploads\/lisy-tap-2.jpeg\",\"width\":1080,\"height\":1080},{\"@type\":\"BreadcrumbList\",\"@id\":\"https:\/\/royaldoor.com.ar\/home\/producto\/silla-lisi-tapizada\/#breadcrumb\",\"itemListElement\":[{\"@type\":\"ListItem\",\"position\":1,\"name\":\"Portada\",\"item\":\"https:\/\/royaldoor.com.ar\/home\/\"},{\"@type\":\"ListItem\",\"position\":2,\"name\":\"Productos\",\"item\":\"https:\/\/royaldoor.com.ar\/home\/productos\/\"},{\"@type\":\"ListItem\",\"position\":3,\"name\":\"Silla Lisy tapizada\"}]},{\"@type\":\"WebSite\",\"@id\":\"https:\/\/royaldoor.com.ar\/home\/#website\",\"url\":\"https:\/\/royaldoor.com.ar\/home\/\",\"name\":\"RoyalDoor\",\"description\":\"F\u00e1brica de muebles\",\"potentialAction\":[{\"@type\":\"SearchAction\",\"target\":{\"@type\":\"EntryPoint\",\"urlTemplate\":\"https:\/\/royaldoor.com.ar\/home\/?s={search_term_string}\"},\"query-input\":\"required name=search_term_string\"}],\"inLanguage\":\"es\"}]}<\/script>\n<!-- \/ Yoast SEO plugin. -->","yoast_head_json":{"title":"Silla Lisy tapizada - RoyalDoor","description":"Silla Lisy Tapizada Fija - Fabricante Directo","robots":{"index":"index","follow":"follow","max-snippet":"max-snippet:-1","max-image-preview":"max-image-preview:large","max-video-preview":"max-video-preview:-1"},"canonical":"https:\/\/royaldoor.com.ar\/home\/producto\/silla-lisi-tapizada\/","og_locale":"es_ES","og_type":"article","og_title":"Silla Lisy tapizada - RoyalDoor","og_description":"Silla Lisy Tapizada Fija - Fabricante Directo","og_url":"https:\/\/royaldoor.com.ar\/home\/producto\/silla-lisi-tapizada\/","og_site_name":"RoyalDoor","article_modified_time":"2025-02-03T19:18:14+00:00","og_image":[{"width":1080,"height":1080,"url":"https:\/\/royaldoor.com.ar\/home\/wp-content\/uploads\/lisy-tap-2.jpeg","type":"image\/jpeg"}],"twitter_card":"summary_large_image","twitter_misc":{"Tiempo de lectura":"1 minuto"},"schema":{"@context":"https:\/\/schema.org","@graph":[{"@type":"WebPage","@id":"https:\/\/royaldoor.com.ar\/home\/producto\/silla-lisi-tapizada\/","url":"https:\/\/royaldoor.com.ar\/home\/producto\/silla-lisi-tapizada\/","name":"Silla Lisy tapizada - RoyalDoor","isPartOf":{"@id":"https:\/\/royaldoor.com.ar\/home\/#website"},"primaryImageOfPage":{"@id":"https:\/\/royaldoor.com.ar\/home\/producto\/silla-lisi-tapizada\/#primaryimage"},"image":{"@id":"https:\/\/royaldoor.com.ar\/home\/producto\/silla-lisi-tapizada\/#primaryimage"},"thumbnailUrl":"https:\/\/royaldoor.com.ar\/home\/wp-content\/uploads\/lisy-tap-2.jpeg","datePublished":"2019-05-08T20:03:29+00:00","dateModified":"2025-02-03T19:18:14+00:00","description":"Silla Lisy Tapizada Fija - Fabricante Directo","breadcrumb":{"@id":"https:\/\/royaldoor.com.ar\/home\/producto\/silla-lisi-tapizada\/#breadcrumb"},"inLanguage":"es","potentialAction":[{"@type":"ReadAction","target":["https:\/\/royaldoor.com.ar\/home\/producto\/silla-lisi-tapizada\/"]}]},{"@type":"ImageObject","inLanguage":"es","@id":"https:\/\/royaldoor.com.ar\/home\/producto\/silla-lisi-tapizada\/#primaryimage","url":"https:\/\/royaldoor.com.ar\/home\/wp-content\/uploads\/lisy-tap-2.jpeg","contentUrl":"https:\/\/royaldoor.com.ar\/home\/wp-content\/uploads\/lisy-tap-2.jpeg","width":1080,"height":1080},{"@type":"BreadcrumbList","@id":"https:\/\/royaldoor.com.ar\/home\/producto\/silla-lisi-tapizada\/#breadcrumb","itemListElement":[{"@type":"ListItem","position":1,"name":"Portada","item":"https:\/\/royaldoor.com.ar\/home\/"},{"@type":"ListItem","position":2,"name":"Productos","item":"https:\/\/royaldoor.com.ar\/home\/productos\/"},{"@type":"ListItem","position":3,"name":"Silla Lisy tapizada"}]},{"@type":"WebSite","@id":"https:\/\/royaldoor.com.ar\/home\/#website","url":"https:\/\/royaldoor.com.ar\/home\/","name":"RoyalDoor","description":"F\u00e1brica de muebles","potentialAction":[{"@type":"SearchAction","target":{"@type":"EntryPoint","urlTemplate":"https:\/\/royaldoor.com.ar\/home\/?s={search_term_string}"},"query-input":"required name=search_term_string"}],"inLanguage":"es"}]}},"_links":{"self":[{"href":"https:\/\/royaldoor.com.ar\/home\/wp-json\/wp\/v2\/product\/310"}],"collection":[{"href":"https:\/\/royaldoor.com.ar\/home\/wp-json\/wp\/v2\/product"}],"about":[{"href":"https:\/\/royaldoor.com.ar\/home\/wp-json\/wp\/v2\/types\/product"}],"wp:featuredmedia":[{"embeddable":true,"href":"https:\/\/royaldoor.com.ar\/home\/wp-json\/wp\/v2\/media\/945"}],"wp:attachment":[{"href":"https:\/\/royaldoor.com.ar\/home\/wp-json\/wp\/v2\/media?parent=310"}],"curies":[{"name":"wp","href":"https:\/\/api.w.org\/{rel}","templated":true}]}}