{"id":308,"date":"2019-05-08T19:54:22","date_gmt":"2019-05-08T19:54:22","guid":{"rendered":"https:\/\/royaldoor.com.ar\/home\/?post_type=product&#038;p=308"},"modified":"2025-02-03T19:21:11","modified_gmt":"2025-02-03T19:21:11","slug":"silla-rudy","status":"publish","type":"product","link":"https:\/\/royaldoor.com.ar\/home\/producto\/silla-rudy\/","title":{"rendered":"Rudy Respaldo Alto Con Apoyabrazos"},"content":{"rendered":"<p>Rudy Respaldo Alto Con Apoyabrazos<\/p>\n<p>_______________________________________________________<\/p>\n<p>GARANT\u00cdA POR 6 MESES | Todos los medios de pago | Factura A y B<br \/>\n_______________________________________________________<\/p>\n<p>Silla operativa de respaldo alto de componentes intenos y tapas constru\u00eddos en polipropileno<br \/>\nRelleno de espuma de poli\u00e9ster de 30 Kg.<br \/>\nTapizado en cuero ecol\u00f3gico de primera calidad o tela.<br \/>\nRegulaci\u00f3n del respaldo en altura .<br \/>\nRegulaci\u00f3n neum\u00e1tica de altura del asiento.<br \/>\nEstrella base con ruedas de doble pista<\/p>\n","protected":false},"excerpt":{"rendered":"<p>Rudy Respaldo Alto Con Apoyabrazos _______________________________________________________ GARANT\u00cdA POR 6 MESES | Todos los medios de pago | Factura A y B _______________________________________________________ Silla operativa de respaldo alto de componentes intenos y tapas constru\u00eddos en polipropileno Relleno de espuma de poli\u00e9ster de 30 Kg. Tapizado en cuero ecol\u00f3gico de primera calidad o tela. Regulaci\u00f3n del respaldo [&#8230;]\n","protected":false},"featured_media":309,"template":"","meta":{"_joinchat":{"telephone":"+542204923665","message_text":"\u00a1Env\u00edenos su consulta y con gusto le responderemos!","message_send":"\u00a1Hola!\nEstoy en la p\u00e1gina de Royal Door y me gustar\u00eda obtener m\u00e1s informaci\u00f3n sobre {PRODUCT} por favor."}},"yoast_head":"<!-- This site is optimized with the Yoast SEO plugin v22.7 - https:\/\/yoast.com\/wordpress\/plugins\/seo\/ -->\n<title>Rudy Respaldo Alto Con Apoyabrazos - RoyalDoor<\/title>\n<meta name=\"robots\" content=\"index, follow, max-snippet:-1, max-image-preview:large, max-video-preview:-1\" \/>\n<link rel=\"canonical\" href=\"https:\/\/royaldoor.com.ar\/home\/producto\/silla-rudy\/\" \/>\n<meta property=\"og:locale\" content=\"es_ES\" \/>\n<meta property=\"og:type\" content=\"article\" \/>\n<meta property=\"og:title\" content=\"Rudy Respaldo Alto Con Apoyabrazos - RoyalDoor\" \/>\n<meta property=\"og:description\" content=\"Rudy Respaldo Alto Con Apoyabrazos _______________________________________________________ GARANT\u00cdA POR 6 MESES | Todos los medios de pago | Factura A y B _______________________________________________________ Silla operativa de respaldo alto de componentes intenos y tapas constru\u00eddos en polipropileno Relleno de espuma de poli\u00e9ster de 30 Kg. Tapizado en cuero ecol\u00f3gico de primera calidad o tela. Regulaci\u00f3n del respaldo [...]\" \/>\n<meta property=\"og:url\" content=\"https:\/\/royaldoor.com.ar\/home\/producto\/silla-rudy\/\" \/>\n<meta property=\"og:site_name\" content=\"RoyalDoor\" \/>\n<meta property=\"article:modified_time\" content=\"2025-02-03T19:21:11+00:00\" \/>\n<meta property=\"og:image\" content=\"https:\/\/royaldoor.com.ar\/home\/wp-content\/uploads\/Rudy-300x300.jpg\" \/>\n\t<meta property=\"og:image:width\" content=\"298\" \/>\n\t<meta property=\"og:image:height\" content=\"300\" \/>\n\t<meta property=\"og:image:type\" content=\"image\/jpeg\" \/>\n<meta name=\"twitter:card\" content=\"summary_large_image\" \/>\n<meta name=\"twitter:label1\" content=\"Tiempo de lectura\" \/>\n\t<meta name=\"twitter:data1\" content=\"1 minuto\" \/>\n<script type=\"application\/ld+json\" class=\"yoast-schema-graph\">{\"@context\":\"https:\/\/schema.org\",\"@graph\":[{\"@type\":\"WebPage\",\"@id\":\"https:\/\/royaldoor.com.ar\/home\/producto\/silla-rudy\/\",\"url\":\"https:\/\/royaldoor.com.ar\/home\/producto\/silla-rudy\/\",\"name\":\"Rudy Respaldo Alto Con Apoyabrazos - RoyalDoor\",\"isPartOf\":{\"@id\":\"https:\/\/royaldoor.com.ar\/home\/#website\"},\"primaryImageOfPage\":{\"@id\":\"https:\/\/royaldoor.com.ar\/home\/producto\/silla-rudy\/#primaryimage\"},\"image\":{\"@id\":\"https:\/\/royaldoor.com.ar\/home\/producto\/silla-rudy\/#primaryimage\"},\"thumbnailUrl\":\"https:\/\/royaldoor.com.ar\/home\/wp-content\/uploads\/Rudy-300x300.jpg\",\"datePublished\":\"2019-05-08T19:54:22+00:00\",\"dateModified\":\"2025-02-03T19:21:11+00:00\",\"breadcrumb\":{\"@id\":\"https:\/\/royaldoor.com.ar\/home\/producto\/silla-rudy\/#breadcrumb\"},\"inLanguage\":\"es\",\"potentialAction\":[{\"@type\":\"ReadAction\",\"target\":[\"https:\/\/royaldoor.com.ar\/home\/producto\/silla-rudy\/\"]}]},{\"@type\":\"ImageObject\",\"inLanguage\":\"es\",\"@id\":\"https:\/\/royaldoor.com.ar\/home\/producto\/silla-rudy\/#primaryimage\",\"url\":\"https:\/\/royaldoor.com.ar\/home\/wp-content\/uploads\/Rudy-300x300.jpg\",\"contentUrl\":\"https:\/\/royaldoor.com.ar\/home\/wp-content\/uploads\/Rudy-300x300.jpg\",\"width\":298,\"height\":300},{\"@type\":\"BreadcrumbList\",\"@id\":\"https:\/\/royaldoor.com.ar\/home\/producto\/silla-rudy\/#breadcrumb\",\"itemListElement\":[{\"@type\":\"ListItem\",\"position\":1,\"name\":\"Portada\",\"item\":\"https:\/\/royaldoor.com.ar\/home\/\"},{\"@type\":\"ListItem\",\"position\":2,\"name\":\"Productos\",\"item\":\"https:\/\/royaldoor.com.ar\/home\/productos\/\"},{\"@type\":\"ListItem\",\"position\":3,\"name\":\"Rudy Respaldo Alto Con Apoyabrazos\"}]},{\"@type\":\"WebSite\",\"@id\":\"https:\/\/royaldoor.com.ar\/home\/#website\",\"url\":\"https:\/\/royaldoor.com.ar\/home\/\",\"name\":\"RoyalDoor\",\"description\":\"F\u00e1brica de muebles\",\"potentialAction\":[{\"@type\":\"SearchAction\",\"target\":{\"@type\":\"EntryPoint\",\"urlTemplate\":\"https:\/\/royaldoor.com.ar\/home\/?s={search_term_string}\"},\"query-input\":\"required name=search_term_string\"}],\"inLanguage\":\"es\"}]}<\/script>\n<!-- \/ Yoast SEO plugin. -->","yoast_head_json":{"title":"Rudy Respaldo Alto Con Apoyabrazos - RoyalDoor","robots":{"index":"index","follow":"follow","max-snippet":"max-snippet:-1","max-image-preview":"max-image-preview:large","max-video-preview":"max-video-preview:-1"},"canonical":"https:\/\/royaldoor.com.ar\/home\/producto\/silla-rudy\/","og_locale":"es_ES","og_type":"article","og_title":"Rudy Respaldo Alto Con Apoyabrazos - RoyalDoor","og_description":"Rudy Respaldo Alto Con Apoyabrazos _______________________________________________________ GARANT\u00cdA POR 6 MESES | Todos los medios de pago | Factura A y B _______________________________________________________ Silla operativa de respaldo alto de componentes intenos y tapas constru\u00eddos en polipropileno Relleno de espuma de poli\u00e9ster de 30 Kg. Tapizado en cuero ecol\u00f3gico de primera calidad o tela. Regulaci\u00f3n del respaldo [...]","og_url":"https:\/\/royaldoor.com.ar\/home\/producto\/silla-rudy\/","og_site_name":"RoyalDoor","article_modified_time":"2025-02-03T19:21:11+00:00","og_image":[{"width":298,"height":300,"url":"https:\/\/royaldoor.com.ar\/home\/wp-content\/uploads\/Rudy-300x300.jpg","type":"image\/jpeg"}],"twitter_card":"summary_large_image","twitter_misc":{"Tiempo de lectura":"1 minuto"},"schema":{"@context":"https:\/\/schema.org","@graph":[{"@type":"WebPage","@id":"https:\/\/royaldoor.com.ar\/home\/producto\/silla-rudy\/","url":"https:\/\/royaldoor.com.ar\/home\/producto\/silla-rudy\/","name":"Rudy Respaldo Alto Con Apoyabrazos - RoyalDoor","isPartOf":{"@id":"https:\/\/royaldoor.com.ar\/home\/#website"},"primaryImageOfPage":{"@id":"https:\/\/royaldoor.com.ar\/home\/producto\/silla-rudy\/#primaryimage"},"image":{"@id":"https:\/\/royaldoor.com.ar\/home\/producto\/silla-rudy\/#primaryimage"},"thumbnailUrl":"https:\/\/royaldoor.com.ar\/home\/wp-content\/uploads\/Rudy-300x300.jpg","datePublished":"2019-05-08T19:54:22+00:00","dateModified":"2025-02-03T19:21:11+00:00","breadcrumb":{"@id":"https:\/\/royaldoor.com.ar\/home\/producto\/silla-rudy\/#breadcrumb"},"inLanguage":"es","potentialAction":[{"@type":"ReadAction","target":["https:\/\/royaldoor.com.ar\/home\/producto\/silla-rudy\/"]}]},{"@type":"ImageObject","inLanguage":"es","@id":"https:\/\/royaldoor.com.ar\/home\/producto\/silla-rudy\/#primaryimage","url":"https:\/\/royaldoor.com.ar\/home\/wp-content\/uploads\/Rudy-300x300.jpg","contentUrl":"https:\/\/royaldoor.com.ar\/home\/wp-content\/uploads\/Rudy-300x300.jpg","width":298,"height":300},{"@type":"BreadcrumbList","@id":"https:\/\/royaldoor.com.ar\/home\/producto\/silla-rudy\/#breadcrumb","itemListElement":[{"@type":"ListItem","position":1,"name":"Portada","item":"https:\/\/royaldoor.com.ar\/home\/"},{"@type":"ListItem","position":2,"name":"Productos","item":"https:\/\/royaldoor.com.ar\/home\/productos\/"},{"@type":"ListItem","position":3,"name":"Rudy Respaldo Alto Con Apoyabrazos"}]},{"@type":"WebSite","@id":"https:\/\/royaldoor.com.ar\/home\/#website","url":"https:\/\/royaldoor.com.ar\/home\/","name":"RoyalDoor","description":"F\u00e1brica de muebles","potentialAction":[{"@type":"SearchAction","target":{"@type":"EntryPoint","urlTemplate":"https:\/\/royaldoor.com.ar\/home\/?s={search_term_string}"},"query-input":"required name=search_term_string"}],"inLanguage":"es"}]}},"_links":{"self":[{"href":"https:\/\/royaldoor.com.ar\/home\/wp-json\/wp\/v2\/product\/308"}],"collection":[{"href":"https:\/\/royaldoor.com.ar\/home\/wp-json\/wp\/v2\/product"}],"about":[{"href":"https:\/\/royaldoor.com.ar\/home\/wp-json\/wp\/v2\/types\/product"}],"wp:featuredmedia":[{"embeddable":true,"href":"https:\/\/royaldoor.com.ar\/home\/wp-json\/wp\/v2\/media\/309"}],"wp:attachment":[{"href":"https:\/\/royaldoor.com.ar\/home\/wp-json\/wp\/v2\/media?parent=308"}],"curies":[{"name":"wp","href":"https:\/\/api.w.org\/{rel}","templated":true}]}}