{"id":281,"date":"2019-05-07T13:50:18","date_gmt":"2019-05-07T13:50:18","guid":{"rendered":"https:\/\/royaldoor.com.ar\/home\/?post_type=product&#038;p=281"},"modified":"2024-03-01T20:02:28","modified_gmt":"2024-03-01T20:02:28","slug":"silla-antigolpe-de-jardin","status":"publish","type":"product","link":"https:\/\/royaldoor.com.ar\/home\/producto\/silla-antigolpe-de-jardin\/","title":{"rendered":"Silla Antigolpe de Jard\u00edn"},"content":{"rendered":"<p>Silla Escolar Antigolpe &#8211; Nivel Inicial Apilable<\/p>\n<p>_______________________________________________________<\/p>\n<p>GARANT\u00cdA POR 6 MESES | Todos los medios de pago | Factura A y B<br \/>\n_______________________________________________________<\/p>\n<p>ESPECIFICACIONES T\u00c9CNICAS<\/p>\n<p><strong>Silla Escolar Antigolpe &#8211; Nivel Inicial Apilable<\/strong><br \/>\n&#8211; Ca\u00f1o 7\/8&#8243; x 1.2 mm de espesor.<br \/>\n&#8211; Soldado con soldadura tipo MIG\/MAG. Terminaci\u00f3n con pintura Epoxi termoconvertible horneada a 220 grados.<br \/>\n&#8211; Asiento y respaldo fabricados en multilaminado de 15 mm, terminada con dos manos de sellador y laca. Recubierto con f\u00f3rmica el asiento en su cara superior y el respaldo en ambas caras.<\/p>\n<p>&#8211; Aro protector de asiento de 7\/8&#8243; x 1.2 mm<\/p>\n<p>&#8211; Altura del piso al asiento 30cm, altura de silla 60cm, medidas de asiento 25x28cm, medidas de respaldo 28&#215;14.<br \/>\nRegat\u00f3n pl\u00e1stico.<\/p>\n<p>______________________________________________________<\/p>\n<p>*ENV\u00cdOS: PROPIOS A TRAV\u00c9S DE NUESTRA FLOTA DE CAMIONES.<\/p>\n<p>*RETIRA: DE LUNES A VIERNES DE 8 A 5 PM POR PONTEVEDRA, MERLO.<\/p>\n","protected":false},"excerpt":{"rendered":"<p>Silla Escolar Antigolpe &#8211; Nivel Inicial Apilable _______________________________________________________ GARANT\u00cdA POR 6 MESES | Todos los medios de pago | Factura A y B _______________________________________________________ ESPECIFICACIONES T\u00c9CNICAS Silla Escolar Antigolpe &#8211; Nivel Inicial Apilable &#8211; Ca\u00f1o 7\/8&#8243; x 1.2 mm de espesor. &#8211; Soldado con soldadura tipo MIG\/MAG. Terminaci\u00f3n con pintura Epoxi termoconvertible horneada a 220 [&#8230;]\n","protected":false},"featured_media":296,"template":"","meta":{"_joinchat":{"telephone":"+542204923665","message_text":"\u00a1Env\u00edenos su consulta y con gusto le responderemos!","message_send":"\u00a1Hola!\nEstoy en la p\u00e1gina de Royal Door y me gustar\u00eda obtener m\u00e1s informaci\u00f3n sobre {PRODUCT} por favor."}},"yoast_head":"<!-- This site is optimized with the Yoast SEO plugin v22.7 - https:\/\/yoast.com\/wordpress\/plugins\/seo\/ -->\n<title>Silla Antigolpe de Jard\u00edn - RoyalDoor<\/title>\n<meta name=\"description\" content=\"Silla Escolar Antigolpe de Jard\u00edn - RoyalDoor - Fabricante Directo\" \/>\n<meta name=\"robots\" content=\"index, follow, max-snippet:-1, max-image-preview:large, max-video-preview:-1\" \/>\n<link rel=\"canonical\" href=\"https:\/\/royaldoor.com.ar\/home\/producto\/silla-antigolpe-de-jardin\/\" \/>\n<meta property=\"og:locale\" content=\"es_ES\" \/>\n<meta property=\"og:type\" content=\"article\" \/>\n<meta property=\"og:title\" content=\"Silla Antigolpe de Jard\u00edn - RoyalDoor\" \/>\n<meta property=\"og:description\" content=\"Silla Escolar Antigolpe de Jard\u00edn - RoyalDoor - Fabricante Directo\" \/>\n<meta property=\"og:url\" content=\"https:\/\/royaldoor.com.ar\/home\/producto\/silla-antigolpe-de-jardin\/\" \/>\n<meta property=\"og:site_name\" content=\"RoyalDoor\" \/>\n<meta property=\"article:modified_time\" content=\"2024-03-01T20:02:28+00:00\" \/>\n<meta property=\"og:image\" content=\"https:\/\/royaldoor.com.ar\/home\/wp-content\/uploads\/SILLA-ESCOLAR-ANTIGOLPE.jpg\" \/>\n\t<meta property=\"og:image:width\" content=\"215\" \/>\n\t<meta property=\"og:image:height\" content=\"225\" \/>\n\t<meta property=\"og:image:type\" content=\"image\/jpeg\" \/>\n<meta name=\"twitter:card\" content=\"summary_large_image\" \/>\n<meta name=\"twitter:label1\" content=\"Tiempo de lectura\" \/>\n\t<meta name=\"twitter:data1\" content=\"1 minuto\" \/>\n<script type=\"application\/ld+json\" class=\"yoast-schema-graph\">{\"@context\":\"https:\/\/schema.org\",\"@graph\":[{\"@type\":\"WebPage\",\"@id\":\"https:\/\/royaldoor.com.ar\/home\/producto\/silla-antigolpe-de-jardin\/\",\"url\":\"https:\/\/royaldoor.com.ar\/home\/producto\/silla-antigolpe-de-jardin\/\",\"name\":\"Silla Antigolpe de Jard\u00edn - RoyalDoor\",\"isPartOf\":{\"@id\":\"https:\/\/royaldoor.com.ar\/home\/#website\"},\"primaryImageOfPage\":{\"@id\":\"https:\/\/royaldoor.com.ar\/home\/producto\/silla-antigolpe-de-jardin\/#primaryimage\"},\"image\":{\"@id\":\"https:\/\/royaldoor.com.ar\/home\/producto\/silla-antigolpe-de-jardin\/#primaryimage\"},\"thumbnailUrl\":\"https:\/\/royaldoor.com.ar\/home\/wp-content\/uploads\/SILLA-ESCOLAR-ANTIGOLPE.jpg\",\"datePublished\":\"2019-05-07T13:50:18+00:00\",\"dateModified\":\"2024-03-01T20:02:28+00:00\",\"description\":\"Silla Escolar Antigolpe de Jard\u00edn - RoyalDoor - Fabricante Directo\",\"breadcrumb\":{\"@id\":\"https:\/\/royaldoor.com.ar\/home\/producto\/silla-antigolpe-de-jardin\/#breadcrumb\"},\"inLanguage\":\"es\",\"potentialAction\":[{\"@type\":\"ReadAction\",\"target\":[\"https:\/\/royaldoor.com.ar\/home\/producto\/silla-antigolpe-de-jardin\/\"]}]},{\"@type\":\"ImageObject\",\"inLanguage\":\"es\",\"@id\":\"https:\/\/royaldoor.com.ar\/home\/producto\/silla-antigolpe-de-jardin\/#primaryimage\",\"url\":\"https:\/\/royaldoor.com.ar\/home\/wp-content\/uploads\/SILLA-ESCOLAR-ANTIGOLPE.jpg\",\"contentUrl\":\"https:\/\/royaldoor.com.ar\/home\/wp-content\/uploads\/SILLA-ESCOLAR-ANTIGOLPE.jpg\",\"width\":215,\"height\":225},{\"@type\":\"BreadcrumbList\",\"@id\":\"https:\/\/royaldoor.com.ar\/home\/producto\/silla-antigolpe-de-jardin\/#breadcrumb\",\"itemListElement\":[{\"@type\":\"ListItem\",\"position\":1,\"name\":\"Portada\",\"item\":\"https:\/\/royaldoor.com.ar\/home\/\"},{\"@type\":\"ListItem\",\"position\":2,\"name\":\"Productos\",\"item\":\"https:\/\/royaldoor.com.ar\/home\/productos\/\"},{\"@type\":\"ListItem\",\"position\":3,\"name\":\"Silla Antigolpe de Jard\u00edn\"}]},{\"@type\":\"WebSite\",\"@id\":\"https:\/\/royaldoor.com.ar\/home\/#website\",\"url\":\"https:\/\/royaldoor.com.ar\/home\/\",\"name\":\"RoyalDoor\",\"description\":\"F\u00e1brica de muebles\",\"potentialAction\":[{\"@type\":\"SearchAction\",\"target\":{\"@type\":\"EntryPoint\",\"urlTemplate\":\"https:\/\/royaldoor.com.ar\/home\/?s={search_term_string}\"},\"query-input\":\"required name=search_term_string\"}],\"inLanguage\":\"es\"}]}<\/script>\n<!-- \/ Yoast SEO plugin. -->","yoast_head_json":{"title":"Silla Antigolpe de Jard\u00edn - RoyalDoor","description":"Silla Escolar Antigolpe de Jard\u00edn - RoyalDoor - Fabricante Directo","robots":{"index":"index","follow":"follow","max-snippet":"max-snippet:-1","max-image-preview":"max-image-preview:large","max-video-preview":"max-video-preview:-1"},"canonical":"https:\/\/royaldoor.com.ar\/home\/producto\/silla-antigolpe-de-jardin\/","og_locale":"es_ES","og_type":"article","og_title":"Silla Antigolpe de Jard\u00edn - RoyalDoor","og_description":"Silla Escolar Antigolpe de Jard\u00edn - RoyalDoor - Fabricante Directo","og_url":"https:\/\/royaldoor.com.ar\/home\/producto\/silla-antigolpe-de-jardin\/","og_site_name":"RoyalDoor","article_modified_time":"2024-03-01T20:02:28+00:00","og_image":[{"width":215,"height":225,"url":"https:\/\/royaldoor.com.ar\/home\/wp-content\/uploads\/SILLA-ESCOLAR-ANTIGOLPE.jpg","type":"image\/jpeg"}],"twitter_card":"summary_large_image","twitter_misc":{"Tiempo de lectura":"1 minuto"},"schema":{"@context":"https:\/\/schema.org","@graph":[{"@type":"WebPage","@id":"https:\/\/royaldoor.com.ar\/home\/producto\/silla-antigolpe-de-jardin\/","url":"https:\/\/royaldoor.com.ar\/home\/producto\/silla-antigolpe-de-jardin\/","name":"Silla Antigolpe de Jard\u00edn - RoyalDoor","isPartOf":{"@id":"https:\/\/royaldoor.com.ar\/home\/#website"},"primaryImageOfPage":{"@id":"https:\/\/royaldoor.com.ar\/home\/producto\/silla-antigolpe-de-jardin\/#primaryimage"},"image":{"@id":"https:\/\/royaldoor.com.ar\/home\/producto\/silla-antigolpe-de-jardin\/#primaryimage"},"thumbnailUrl":"https:\/\/royaldoor.com.ar\/home\/wp-content\/uploads\/SILLA-ESCOLAR-ANTIGOLPE.jpg","datePublished":"2019-05-07T13:50:18+00:00","dateModified":"2024-03-01T20:02:28+00:00","description":"Silla Escolar Antigolpe de Jard\u00edn - RoyalDoor - Fabricante Directo","breadcrumb":{"@id":"https:\/\/royaldoor.com.ar\/home\/producto\/silla-antigolpe-de-jardin\/#breadcrumb"},"inLanguage":"es","potentialAction":[{"@type":"ReadAction","target":["https:\/\/royaldoor.com.ar\/home\/producto\/silla-antigolpe-de-jardin\/"]}]},{"@type":"ImageObject","inLanguage":"es","@id":"https:\/\/royaldoor.com.ar\/home\/producto\/silla-antigolpe-de-jardin\/#primaryimage","url":"https:\/\/royaldoor.com.ar\/home\/wp-content\/uploads\/SILLA-ESCOLAR-ANTIGOLPE.jpg","contentUrl":"https:\/\/royaldoor.com.ar\/home\/wp-content\/uploads\/SILLA-ESCOLAR-ANTIGOLPE.jpg","width":215,"height":225},{"@type":"BreadcrumbList","@id":"https:\/\/royaldoor.com.ar\/home\/producto\/silla-antigolpe-de-jardin\/#breadcrumb","itemListElement":[{"@type":"ListItem","position":1,"name":"Portada","item":"https:\/\/royaldoor.com.ar\/home\/"},{"@type":"ListItem","position":2,"name":"Productos","item":"https:\/\/royaldoor.com.ar\/home\/productos\/"},{"@type":"ListItem","position":3,"name":"Silla Antigolpe de Jard\u00edn"}]},{"@type":"WebSite","@id":"https:\/\/royaldoor.com.ar\/home\/#website","url":"https:\/\/royaldoor.com.ar\/home\/","name":"RoyalDoor","description":"F\u00e1brica de muebles","potentialAction":[{"@type":"SearchAction","target":{"@type":"EntryPoint","urlTemplate":"https:\/\/royaldoor.com.ar\/home\/?s={search_term_string}"},"query-input":"required name=search_term_string"}],"inLanguage":"es"}]}},"_links":{"self":[{"href":"https:\/\/royaldoor.com.ar\/home\/wp-json\/wp\/v2\/product\/281"}],"collection":[{"href":"https:\/\/royaldoor.com.ar\/home\/wp-json\/wp\/v2\/product"}],"about":[{"href":"https:\/\/royaldoor.com.ar\/home\/wp-json\/wp\/v2\/types\/product"}],"wp:featuredmedia":[{"embeddable":true,"href":"https:\/\/royaldoor.com.ar\/home\/wp-json\/wp\/v2\/media\/296"}],"wp:attachment":[{"href":"https:\/\/royaldoor.com.ar\/home\/wp-json\/wp\/v2\/media?parent=281"}],"curies":[{"name":"wp","href":"https:\/\/api.w.org\/{rel}","templated":true}]}}