{"id":138,"date":"2019-03-22T12:52:07","date_gmt":"2019-03-22T12:52:07","guid":{"rendered":"https:\/\/royaldoor.com.ar\/home\/?post_type=product&#038;p=138"},"modified":"2025-11-06T17:39:53","modified_gmt":"2025-11-06T17:39:53","slug":"escritorio-docente","status":"publish","type":"product","link":"https:\/\/royaldoor.com.ar\/home\/producto\/escritorio-docente\/","title":{"rendered":"Escritorio Docente Antigolpe"},"content":{"rendered":"<p>Pupitre Docente Antigolpe<br \/>\n_______________________________________________________<\/p>\n<p>GARANT\u00cdA POR 6 MESES | Todos los medios de pago | Factura A y B<br \/>\n_______________________________________________________<\/p>\n<p>ESPECIFICACIONES T\u00c9CNICAS<\/p>\n<p>\u2013 REFUERZO EN INTERIORES Y EXTERIORES<br \/>\n\u2013 MEDIDAS:<br \/>\n\u2013 Largo: 110 metros<br \/>\n\u2013 Ancho: 60 cm.<br \/>\n\u2013 Altura: 75 cm<br \/>\n\u2013 ESTRUCTURA METALICA CON CA\u00d1O DE ACERO DE 1\u2033 Y 1\/2\u2033<br \/>\n\u2013 ARO PROTECTOR EN 7\/8\u2033 PARA CUIDARLO DE GOLPES<br \/>\n\u2013 PINTA EPOXI TERMOCONTRAIBLE DE ALTA RESISTENCIA<br \/>\n\u2013 SOLDADURA MIG<br \/>\n\u2013 ESTRUCTURA EN BEIGE, BLANCO O GRIS<br \/>\n\u2013 TAPA DE MADERA DE 15 MM CON ENCHAPADO EN FORMICA Y CANTOS LUSTRADOS<br \/>\n\u2013 PARRILLA PORTA UTILES<br \/>\n\u2013 FABRICANTE DIRECTO<\/p>\n<p>______________________________________________________<\/p>\n<p>*ENV\u00cdOS: A TRAV\u00c9S DE NUESTRA FLOTA DE CAMIONES.<\/p>\n<p>*RETIRA: DE LUNES A VIERNES DE 8 A 5 PM POR PONTEVEDRA, MERLO.<\/p>\n","protected":false},"excerpt":{"rendered":"<p>Pupitre Docente Antigolpe _______________________________________________________ GARANT\u00cdA POR 6 MESES | Todos los medios de pago | Factura A y B _______________________________________________________ ESPECIFICACIONES T\u00c9CNICAS \u2013 REFUERZO EN INTERIORES Y EXTERIORES \u2013 MEDIDAS: \u2013 Largo: 110 metros \u2013 Ancho: 60 cm. \u2013 Altura: 75 cm \u2013 ESTRUCTURA METALICA CON CA\u00d1O DE ACERO DE 1\u2033 Y 1\/2\u2033 \u2013 ARO [&#8230;]\n","protected":false},"featured_media":137,"template":"","meta":{"_joinchat":{"telephone":"+542204923665","message_text":"\u00a1Env\u00edenos su consulta y con gusto le responderemos!","message_send":"\u00a1Hola!\nEstoy en la p\u00e1gina de Royal Door y me gustar\u00eda obtener m\u00e1s informaci\u00f3n sobre {PRODUCT} por favor."}},"yoast_head":"<!-- This site is optimized with the Yoast SEO plugin v22.7 - https:\/\/yoast.com\/wordpress\/plugins\/seo\/ -->\n<title>Escritorio Docente Antigolpe - RoyalDoor<\/title>\n<meta name=\"robots\" content=\"index, follow, max-snippet:-1, max-image-preview:large, max-video-preview:-1\" \/>\n<link rel=\"canonical\" href=\"https:\/\/royaldoor.com.ar\/home\/producto\/escritorio-docente\/\" \/>\n<meta property=\"og:locale\" content=\"es_ES\" \/>\n<meta property=\"og:type\" content=\"article\" \/>\n<meta property=\"og:title\" content=\"Escritorio Docente Antigolpe - RoyalDoor\" \/>\n<meta property=\"og:description\" content=\"Pupitre Docente Antigolpe _______________________________________________________ GARANT\u00cdA POR 6 MESES | Todos los medios de pago | Factura A y B _______________________________________________________ ESPECIFICACIONES T\u00c9CNICAS \u2013 REFUERZO EN INTERIORES Y EXTERIORES \u2013 MEDIDAS: \u2013 Largo: 110 metros \u2013 Ancho: 60 cm. \u2013 Altura: 75 cm \u2013 ESTRUCTURA METALICA CON CA\u00d1O DE ACERO DE 1\u2033 Y 1\/2\u2033 \u2013 ARO [...]\" \/>\n<meta property=\"og:url\" content=\"https:\/\/royaldoor.com.ar\/home\/producto\/escritorio-docente\/\" \/>\n<meta property=\"og:site_name\" content=\"RoyalDoor\" \/>\n<meta property=\"article:modified_time\" content=\"2025-11-06T17:39:53+00:00\" \/>\n<meta property=\"og:image\" content=\"https:\/\/royaldoor.com.ar\/home\/wp-content\/uploads\/escritorio-docente.jpg\" \/>\n\t<meta property=\"og:image:width\" content=\"300\" \/>\n\t<meta property=\"og:image:height\" content=\"300\" \/>\n\t<meta property=\"og:image:type\" content=\"image\/jpeg\" \/>\n<meta name=\"twitter:card\" content=\"summary_large_image\" \/>\n<meta name=\"twitter:label1\" content=\"Tiempo de lectura\" \/>\n\t<meta name=\"twitter:data1\" content=\"1 minuto\" \/>\n<script type=\"application\/ld+json\" class=\"yoast-schema-graph\">{\"@context\":\"https:\/\/schema.org\",\"@graph\":[{\"@type\":\"WebPage\",\"@id\":\"https:\/\/royaldoor.com.ar\/home\/producto\/escritorio-docente\/\",\"url\":\"https:\/\/royaldoor.com.ar\/home\/producto\/escritorio-docente\/\",\"name\":\"Escritorio Docente Antigolpe - RoyalDoor\",\"isPartOf\":{\"@id\":\"https:\/\/royaldoor.com.ar\/home\/#website\"},\"primaryImageOfPage\":{\"@id\":\"https:\/\/royaldoor.com.ar\/home\/producto\/escritorio-docente\/#primaryimage\"},\"image\":{\"@id\":\"https:\/\/royaldoor.com.ar\/home\/producto\/escritorio-docente\/#primaryimage\"},\"thumbnailUrl\":\"https:\/\/royaldoor.com.ar\/home\/wp-content\/uploads\/escritorio-docente.jpg\",\"datePublished\":\"2019-03-22T12:52:07+00:00\",\"dateModified\":\"2025-11-06T17:39:53+00:00\",\"breadcrumb\":{\"@id\":\"https:\/\/royaldoor.com.ar\/home\/producto\/escritorio-docente\/#breadcrumb\"},\"inLanguage\":\"es\",\"potentialAction\":[{\"@type\":\"ReadAction\",\"target\":[\"https:\/\/royaldoor.com.ar\/home\/producto\/escritorio-docente\/\"]}]},{\"@type\":\"ImageObject\",\"inLanguage\":\"es\",\"@id\":\"https:\/\/royaldoor.com.ar\/home\/producto\/escritorio-docente\/#primaryimage\",\"url\":\"https:\/\/royaldoor.com.ar\/home\/wp-content\/uploads\/escritorio-docente.jpg\",\"contentUrl\":\"https:\/\/royaldoor.com.ar\/home\/wp-content\/uploads\/escritorio-docente.jpg\",\"width\":300,\"height\":300},{\"@type\":\"BreadcrumbList\",\"@id\":\"https:\/\/royaldoor.com.ar\/home\/producto\/escritorio-docente\/#breadcrumb\",\"itemListElement\":[{\"@type\":\"ListItem\",\"position\":1,\"name\":\"Portada\",\"item\":\"https:\/\/royaldoor.com.ar\/home\/\"},{\"@type\":\"ListItem\",\"position\":2,\"name\":\"Productos\",\"item\":\"https:\/\/royaldoor.com.ar\/home\/productos\/\"},{\"@type\":\"ListItem\",\"position\":3,\"name\":\"Escritorio Docente Antigolpe\"}]},{\"@type\":\"WebSite\",\"@id\":\"https:\/\/royaldoor.com.ar\/home\/#website\",\"url\":\"https:\/\/royaldoor.com.ar\/home\/\",\"name\":\"RoyalDoor\",\"description\":\"F\u00e1brica de muebles\",\"potentialAction\":[{\"@type\":\"SearchAction\",\"target\":{\"@type\":\"EntryPoint\",\"urlTemplate\":\"https:\/\/royaldoor.com.ar\/home\/?s={search_term_string}\"},\"query-input\":\"required name=search_term_string\"}],\"inLanguage\":\"es\"}]}<\/script>\n<!-- \/ Yoast SEO plugin. -->","yoast_head_json":{"title":"Escritorio Docente Antigolpe - RoyalDoor","robots":{"index":"index","follow":"follow","max-snippet":"max-snippet:-1","max-image-preview":"max-image-preview:large","max-video-preview":"max-video-preview:-1"},"canonical":"https:\/\/royaldoor.com.ar\/home\/producto\/escritorio-docente\/","og_locale":"es_ES","og_type":"article","og_title":"Escritorio Docente Antigolpe - RoyalDoor","og_description":"Pupitre Docente Antigolpe _______________________________________________________ GARANT\u00cdA POR 6 MESES | Todos los medios de pago | Factura A y B _______________________________________________________ ESPECIFICACIONES T\u00c9CNICAS \u2013 REFUERZO EN INTERIORES Y EXTERIORES \u2013 MEDIDAS: \u2013 Largo: 110 metros \u2013 Ancho: 60 cm. \u2013 Altura: 75 cm \u2013 ESTRUCTURA METALICA CON CA\u00d1O DE ACERO DE 1\u2033 Y 1\/2\u2033 \u2013 ARO [...]","og_url":"https:\/\/royaldoor.com.ar\/home\/producto\/escritorio-docente\/","og_site_name":"RoyalDoor","article_modified_time":"2025-11-06T17:39:53+00:00","og_image":[{"width":300,"height":300,"url":"https:\/\/royaldoor.com.ar\/home\/wp-content\/uploads\/escritorio-docente.jpg","type":"image\/jpeg"}],"twitter_card":"summary_large_image","twitter_misc":{"Tiempo de lectura":"1 minuto"},"schema":{"@context":"https:\/\/schema.org","@graph":[{"@type":"WebPage","@id":"https:\/\/royaldoor.com.ar\/home\/producto\/escritorio-docente\/","url":"https:\/\/royaldoor.com.ar\/home\/producto\/escritorio-docente\/","name":"Escritorio Docente Antigolpe - RoyalDoor","isPartOf":{"@id":"https:\/\/royaldoor.com.ar\/home\/#website"},"primaryImageOfPage":{"@id":"https:\/\/royaldoor.com.ar\/home\/producto\/escritorio-docente\/#primaryimage"},"image":{"@id":"https:\/\/royaldoor.com.ar\/home\/producto\/escritorio-docente\/#primaryimage"},"thumbnailUrl":"https:\/\/royaldoor.com.ar\/home\/wp-content\/uploads\/escritorio-docente.jpg","datePublished":"2019-03-22T12:52:07+00:00","dateModified":"2025-11-06T17:39:53+00:00","breadcrumb":{"@id":"https:\/\/royaldoor.com.ar\/home\/producto\/escritorio-docente\/#breadcrumb"},"inLanguage":"es","potentialAction":[{"@type":"ReadAction","target":["https:\/\/royaldoor.com.ar\/home\/producto\/escritorio-docente\/"]}]},{"@type":"ImageObject","inLanguage":"es","@id":"https:\/\/royaldoor.com.ar\/home\/producto\/escritorio-docente\/#primaryimage","url":"https:\/\/royaldoor.com.ar\/home\/wp-content\/uploads\/escritorio-docente.jpg","contentUrl":"https:\/\/royaldoor.com.ar\/home\/wp-content\/uploads\/escritorio-docente.jpg","width":300,"height":300},{"@type":"BreadcrumbList","@id":"https:\/\/royaldoor.com.ar\/home\/producto\/escritorio-docente\/#breadcrumb","itemListElement":[{"@type":"ListItem","position":1,"name":"Portada","item":"https:\/\/royaldoor.com.ar\/home\/"},{"@type":"ListItem","position":2,"name":"Productos","item":"https:\/\/royaldoor.com.ar\/home\/productos\/"},{"@type":"ListItem","position":3,"name":"Escritorio Docente Antigolpe"}]},{"@type":"WebSite","@id":"https:\/\/royaldoor.com.ar\/home\/#website","url":"https:\/\/royaldoor.com.ar\/home\/","name":"RoyalDoor","description":"F\u00e1brica de muebles","potentialAction":[{"@type":"SearchAction","target":{"@type":"EntryPoint","urlTemplate":"https:\/\/royaldoor.com.ar\/home\/?s={search_term_string}"},"query-input":"required name=search_term_string"}],"inLanguage":"es"}]}},"_links":{"self":[{"href":"https:\/\/royaldoor.com.ar\/home\/wp-json\/wp\/v2\/product\/138"}],"collection":[{"href":"https:\/\/royaldoor.com.ar\/home\/wp-json\/wp\/v2\/product"}],"about":[{"href":"https:\/\/royaldoor.com.ar\/home\/wp-json\/wp\/v2\/types\/product"}],"wp:featuredmedia":[{"embeddable":true,"href":"https:\/\/royaldoor.com.ar\/home\/wp-json\/wp\/v2\/media\/137"}],"wp:attachment":[{"href":"https:\/\/royaldoor.com.ar\/home\/wp-json\/wp\/v2\/media?parent=138"}],"curies":[{"name":"wp","href":"https:\/\/api.w.org\/{rel}","templated":true}]}}