{"id":1294,"date":"2026-04-29T20:51:53","date_gmt":"2026-04-29T20:51:53","guid":{"rendered":"https:\/\/royaldoor.com.ar\/home\/?post_type=product&#038;p=1294"},"modified":"2026-04-29T20:55:33","modified_gmt":"2026-04-29T20:55:33","slug":"guardarropa-metalico-3-puertas-anchas-largas","status":"publish","type":"product","link":"https:\/\/royaldoor.com.ar\/home\/producto\/guardarropa-metalico-3-puertas-anchas-largas\/","title":{"rendered":"Guardarropa 3 Puertas Largas Anchas"},"content":{"rendered":"<p>GUARDARROPA DE 3 PUERTAS ANCHAS LARGAS CON CERRADURA DE CANDADO<br \/>\n___________________________________________________<br \/>\nGARANT\u00cdA POR 6 MESES | Todos los medios de pago | Factura A y B<br \/>\n____________________________________________________<br \/>\nESPECIFICACIONES T\u00c9CNICAS<br \/>\nGuardarropa met\u00e1lico 3 puertas anchas largas<br \/>\nConstruido en chapa de acero calibre 22 para m\u00e1xima fortaleza estructural<br \/>\nTerminaci\u00f3n en pintura sint\u00e9tica horneada a 180 \u00baC<br \/>\nPerfecto para guardar productos m\u00e1s grandes como cascos<br \/>\nCerradura para candado<br \/>\nPosee 2 estantes internos, para guardar zapatos, bolsos y cascos de moto de ser necesario<br \/>\nTiene 2 perchas y un porta perchas para colgar la ropa.<br \/>\nSi lo precisa en otro color escribanos y se lo cotizamos<\/p>\n<p>Medidas<br \/>\nAltura 190 cm<br \/>\nAncho 118 cm<br \/>\nProfundidad 52 cm<br \/>\n______________________________________________________<\/p>\n<p>*ENV\u00cdOS: CON CAMIONES PROPIOS EN BUENOS AIRES, TRANSPORTE EN LARGA DISTANCIA.<\/p>\n<p>*RETIRA: DE LUNES A VIERNES DE 8 A 5 PM POR PONTEVEDRA, MERLO.<\/p>\n","protected":false},"excerpt":{"rendered":"<p>GUARDARROPA DE 3 PUERTAS ANCHAS LARGAS CON CERRADURA DE CANDADO ___________________________________________________ GARANT\u00cdA POR 6 MESES | Todos los medios de pago | Factura A y B ____________________________________________________ ESPECIFICACIONES T\u00c9CNICAS Guardarropa met\u00e1lico 3 puertas anchas largas Construido en chapa de acero calibre 22 para m\u00e1xima fortaleza estructural Terminaci\u00f3n en pintura sint\u00e9tica horneada a 180 \u00baC Perfecto [&#8230;]\n","protected":false},"featured_media":1299,"template":"","meta":{"_joinchat":{"telephone":"+542204923665","message_text":"\u00a1Env\u00edenos su consulta y con gusto le responderemos!","message_send":"\u00a1Hola!\nEstoy en la p\u00e1gina de Royal Door y me gustar\u00eda obtener m\u00e1s informaci\u00f3n sobre {PRODUCT} por favor."}},"yoast_head":"<!-- This site is optimized with the Yoast SEO plugin v22.7 - https:\/\/yoast.com\/wordpress\/plugins\/seo\/ -->\n<title>Guardarropa 3 Puertas Largas Anchas - RoyalDoor<\/title>\n<meta name=\"description\" content=\"Guardarropa 3 Puertas Largas Anchas - RoyalDoor - Fabricante directo\" \/>\n<meta name=\"robots\" content=\"index, follow, max-snippet:-1, max-image-preview:large, max-video-preview:-1\" \/>\n<link rel=\"canonical\" href=\"https:\/\/royaldoor.com.ar\/home\/producto\/guardarropa-metalico-3-puertas-anchas-largas\/\" \/>\n<meta property=\"og:locale\" content=\"es_ES\" \/>\n<meta property=\"og:type\" content=\"article\" \/>\n<meta property=\"og:title\" content=\"Guardarropa 3 Puertas Largas Anchas - RoyalDoor\" \/>\n<meta property=\"og:description\" content=\"Guardarropa 3 Puertas Largas Anchas - RoyalDoor - Fabricante directo\" \/>\n<meta property=\"og:url\" content=\"https:\/\/royaldoor.com.ar\/home\/producto\/guardarropa-metalico-3-puertas-anchas-largas\/\" \/>\n<meta property=\"og:site_name\" content=\"RoyalDoor\" \/>\n<meta property=\"article:modified_time\" content=\"2026-04-29T20:55:33+00:00\" \/>\n<meta property=\"og:image\" content=\"https:\/\/royaldoor.com.ar\/home\/wp-content\/uploads\/WhatsApp-Image-2026-04-29-at-4.49.03-PM.jpeg\" \/>\n\t<meta property=\"og:image:width\" content=\"1080\" \/>\n\t<meta property=\"og:image:height\" content=\"1080\" \/>\n\t<meta property=\"og:image:type\" content=\"image\/jpeg\" \/>\n<meta name=\"twitter:card\" content=\"summary_large_image\" \/>\n<meta name=\"twitter:label1\" content=\"Tiempo de lectura\" \/>\n\t<meta name=\"twitter:data1\" content=\"1 minuto\" \/>\n<script type=\"application\/ld+json\" class=\"yoast-schema-graph\">{\"@context\":\"https:\/\/schema.org\",\"@graph\":[{\"@type\":\"WebPage\",\"@id\":\"https:\/\/royaldoor.com.ar\/home\/producto\/guardarropa-metalico-3-puertas-anchas-largas\/\",\"url\":\"https:\/\/royaldoor.com.ar\/home\/producto\/guardarropa-metalico-3-puertas-anchas-largas\/\",\"name\":\"Guardarropa 3 Puertas Largas Anchas - RoyalDoor\",\"isPartOf\":{\"@id\":\"https:\/\/royaldoor.com.ar\/home\/#website\"},\"primaryImageOfPage\":{\"@id\":\"https:\/\/royaldoor.com.ar\/home\/producto\/guardarropa-metalico-3-puertas-anchas-largas\/#primaryimage\"},\"image\":{\"@id\":\"https:\/\/royaldoor.com.ar\/home\/producto\/guardarropa-metalico-3-puertas-anchas-largas\/#primaryimage\"},\"thumbnailUrl\":\"https:\/\/royaldoor.com.ar\/home\/wp-content\/uploads\/WhatsApp-Image-2026-04-29-at-4.49.03-PM.jpeg\",\"datePublished\":\"2026-04-29T20:51:53+00:00\",\"dateModified\":\"2026-04-29T20:55:33+00:00\",\"description\":\"Guardarropa 3 Puertas Largas Anchas - RoyalDoor - Fabricante directo\",\"breadcrumb\":{\"@id\":\"https:\/\/royaldoor.com.ar\/home\/producto\/guardarropa-metalico-3-puertas-anchas-largas\/#breadcrumb\"},\"inLanguage\":\"es\",\"potentialAction\":[{\"@type\":\"ReadAction\",\"target\":[\"https:\/\/royaldoor.com.ar\/home\/producto\/guardarropa-metalico-3-puertas-anchas-largas\/\"]}]},{\"@type\":\"ImageObject\",\"inLanguage\":\"es\",\"@id\":\"https:\/\/royaldoor.com.ar\/home\/producto\/guardarropa-metalico-3-puertas-anchas-largas\/#primaryimage\",\"url\":\"https:\/\/royaldoor.com.ar\/home\/wp-content\/uploads\/WhatsApp-Image-2026-04-29-at-4.49.03-PM.jpeg\",\"contentUrl\":\"https:\/\/royaldoor.com.ar\/home\/wp-content\/uploads\/WhatsApp-Image-2026-04-29-at-4.49.03-PM.jpeg\",\"width\":1080,\"height\":1080},{\"@type\":\"BreadcrumbList\",\"@id\":\"https:\/\/royaldoor.com.ar\/home\/producto\/guardarropa-metalico-3-puertas-anchas-largas\/#breadcrumb\",\"itemListElement\":[{\"@type\":\"ListItem\",\"position\":1,\"name\":\"Portada\",\"item\":\"https:\/\/royaldoor.com.ar\/home\/\"},{\"@type\":\"ListItem\",\"position\":2,\"name\":\"Productos\",\"item\":\"https:\/\/royaldoor.com.ar\/home\/productos\/\"},{\"@type\":\"ListItem\",\"position\":3,\"name\":\"Guardarropa 3 Puertas Largas Anchas\"}]},{\"@type\":\"WebSite\",\"@id\":\"https:\/\/royaldoor.com.ar\/home\/#website\",\"url\":\"https:\/\/royaldoor.com.ar\/home\/\",\"name\":\"RoyalDoor\",\"description\":\"F\u00e1brica de muebles\",\"potentialAction\":[{\"@type\":\"SearchAction\",\"target\":{\"@type\":\"EntryPoint\",\"urlTemplate\":\"https:\/\/royaldoor.com.ar\/home\/?s={search_term_string}\"},\"query-input\":\"required name=search_term_string\"}],\"inLanguage\":\"es\"}]}<\/script>\n<!-- \/ Yoast SEO plugin. -->","yoast_head_json":{"title":"Guardarropa 3 Puertas Largas Anchas - RoyalDoor","description":"Guardarropa 3 Puertas Largas Anchas - RoyalDoor - Fabricante directo","robots":{"index":"index","follow":"follow","max-snippet":"max-snippet:-1","max-image-preview":"max-image-preview:large","max-video-preview":"max-video-preview:-1"},"canonical":"https:\/\/royaldoor.com.ar\/home\/producto\/guardarropa-metalico-3-puertas-anchas-largas\/","og_locale":"es_ES","og_type":"article","og_title":"Guardarropa 3 Puertas Largas Anchas - RoyalDoor","og_description":"Guardarropa 3 Puertas Largas Anchas - RoyalDoor - Fabricante directo","og_url":"https:\/\/royaldoor.com.ar\/home\/producto\/guardarropa-metalico-3-puertas-anchas-largas\/","og_site_name":"RoyalDoor","article_modified_time":"2026-04-29T20:55:33+00:00","og_image":[{"width":1080,"height":1080,"url":"https:\/\/royaldoor.com.ar\/home\/wp-content\/uploads\/WhatsApp-Image-2026-04-29-at-4.49.03-PM.jpeg","type":"image\/jpeg"}],"twitter_card":"summary_large_image","twitter_misc":{"Tiempo de lectura":"1 minuto"},"schema":{"@context":"https:\/\/schema.org","@graph":[{"@type":"WebPage","@id":"https:\/\/royaldoor.com.ar\/home\/producto\/guardarropa-metalico-3-puertas-anchas-largas\/","url":"https:\/\/royaldoor.com.ar\/home\/producto\/guardarropa-metalico-3-puertas-anchas-largas\/","name":"Guardarropa 3 Puertas Largas Anchas - RoyalDoor","isPartOf":{"@id":"https:\/\/royaldoor.com.ar\/home\/#website"},"primaryImageOfPage":{"@id":"https:\/\/royaldoor.com.ar\/home\/producto\/guardarropa-metalico-3-puertas-anchas-largas\/#primaryimage"},"image":{"@id":"https:\/\/royaldoor.com.ar\/home\/producto\/guardarropa-metalico-3-puertas-anchas-largas\/#primaryimage"},"thumbnailUrl":"https:\/\/royaldoor.com.ar\/home\/wp-content\/uploads\/WhatsApp-Image-2026-04-29-at-4.49.03-PM.jpeg","datePublished":"2026-04-29T20:51:53+00:00","dateModified":"2026-04-29T20:55:33+00:00","description":"Guardarropa 3 Puertas Largas Anchas - RoyalDoor - Fabricante directo","breadcrumb":{"@id":"https:\/\/royaldoor.com.ar\/home\/producto\/guardarropa-metalico-3-puertas-anchas-largas\/#breadcrumb"},"inLanguage":"es","potentialAction":[{"@type":"ReadAction","target":["https:\/\/royaldoor.com.ar\/home\/producto\/guardarropa-metalico-3-puertas-anchas-largas\/"]}]},{"@type":"ImageObject","inLanguage":"es","@id":"https:\/\/royaldoor.com.ar\/home\/producto\/guardarropa-metalico-3-puertas-anchas-largas\/#primaryimage","url":"https:\/\/royaldoor.com.ar\/home\/wp-content\/uploads\/WhatsApp-Image-2026-04-29-at-4.49.03-PM.jpeg","contentUrl":"https:\/\/royaldoor.com.ar\/home\/wp-content\/uploads\/WhatsApp-Image-2026-04-29-at-4.49.03-PM.jpeg","width":1080,"height":1080},{"@type":"BreadcrumbList","@id":"https:\/\/royaldoor.com.ar\/home\/producto\/guardarropa-metalico-3-puertas-anchas-largas\/#breadcrumb","itemListElement":[{"@type":"ListItem","position":1,"name":"Portada","item":"https:\/\/royaldoor.com.ar\/home\/"},{"@type":"ListItem","position":2,"name":"Productos","item":"https:\/\/royaldoor.com.ar\/home\/productos\/"},{"@type":"ListItem","position":3,"name":"Guardarropa 3 Puertas Largas Anchas"}]},{"@type":"WebSite","@id":"https:\/\/royaldoor.com.ar\/home\/#website","url":"https:\/\/royaldoor.com.ar\/home\/","name":"RoyalDoor","description":"F\u00e1brica de muebles","potentialAction":[{"@type":"SearchAction","target":{"@type":"EntryPoint","urlTemplate":"https:\/\/royaldoor.com.ar\/home\/?s={search_term_string}"},"query-input":"required name=search_term_string"}],"inLanguage":"es"}]}},"_links":{"self":[{"href":"https:\/\/royaldoor.com.ar\/home\/wp-json\/wp\/v2\/product\/1294"}],"collection":[{"href":"https:\/\/royaldoor.com.ar\/home\/wp-json\/wp\/v2\/product"}],"about":[{"href":"https:\/\/royaldoor.com.ar\/home\/wp-json\/wp\/v2\/types\/product"}],"wp:featuredmedia":[{"embeddable":true,"href":"https:\/\/royaldoor.com.ar\/home\/wp-json\/wp\/v2\/media\/1299"}],"wp:attachment":[{"href":"https:\/\/royaldoor.com.ar\/home\/wp-json\/wp\/v2\/media?parent=1294"}],"curies":[{"name":"wp","href":"https:\/\/api.w.org\/{rel}","templated":true}]}}