{"id":1127,"date":"2025-04-24T18:28:06","date_gmt":"2025-04-24T18:28:06","guid":{"rendered":"https:\/\/royaldoor.com.ar\/home\/?post_type=product&#038;p=1127"},"modified":"2025-04-24T18:50:53","modified_gmt":"2025-04-24T18:50:53","slug":"mesa-eames-120x60-cm","status":"publish","type":"product","link":"https:\/\/royaldoor.com.ar\/home\/producto\/mesa-eames-120x60-cm\/","title":{"rendered":"Mesa Alumine"},"content":{"rendered":"<p><strong>MESA ALUMINE EAMES<\/strong><\/p>\n<p>La Mesa Eames 120x80cm es una elegante pieza rectangular de dise\u00f1o estilo N\u00f3rdico, con una est\u00e9tica moderna y adaptable a diversos ambientes.<\/p>\n<p>Esta mesa combina madera laqueada y patas de madera de Haya con una estructura met\u00e1lica en cruz para mayor resistencia y estabilidad. Viene desarmada para un f\u00e1cil ensamblaje en tan solo 5 minutos, incluyendo un completo kit de armado.<\/p>\n<p>Caracter\u00edsticas Destacadas:<\/p>\n<p>\u2022 Estilo N\u00f3rdico: Dise\u00f1o moderno y est\u00e9tico que se adapta a diversos ambientes.<br \/>\n\u2022 Dimensiones: Largo 120 cm, Ancho 80 cm, Altura 75 cm.<br \/>\n\u2022 Material: Tabla de madera laqueada y patas de madera de Haya.<br \/>\n\u2022 Estructura Met\u00e1lica en Cruz: Aporta resistencia y estabilidad.<br \/>\n\u2022 Reguladores de Nivel y Goma en Patas: Protegen el piso y facilitan el ajuste.<br \/>\n\u2022 Desarmado y F\u00e1cil Ensamblaje: Listo para armar en 5 minutos con kit completo incluido.<\/p>\n<p>Especificaciones T\u00e9cnicas Detalladas:<\/p>\n<p>\u2022 Tipo: Mesa rectangular.<br \/>\n\u2022 Material de la Tabla: Madera MDF laqueada.<br \/>\n\u2022 Material de las Patas: Madera de Haya.<br \/>\n\u2022 Dimensiones: Largo 120 cm, Ancho 80 cm, Altura 75 cm.<br \/>\n\u2022 Estructura: Met\u00e1lica en cruz para mayor resistencia.<br \/>\n\u2022 Reguladores de Nivel: S\u00ed.<br \/>\n\u2022 Incluye: Kit de armado completo.<br \/>\n_______________________________________________________<\/p>\n<p>GARANT\u00cdA POR 6 MESES | Todos los medios de pago | Factura A y B<\/p>\n","protected":false},"excerpt":{"rendered":"<p>MESA ALUMINE EAMES La Mesa Eames 120x80cm es una elegante pieza rectangular de dise\u00f1o estilo N\u00f3rdico, con una est\u00e9tica moderna y adaptable a diversos ambientes. Esta mesa combina madera laqueada y patas de madera de Haya con una estructura met\u00e1lica en cruz para mayor resistencia y estabilidad. Viene desarmada para un f\u00e1cil ensamblaje en tan [&#8230;]\n","protected":false},"featured_media":1128,"template":"","meta":{"_joinchat":{"telephone":"+542204923665","message_text":"\u00a1Env\u00edenos su consulta y con gusto le responderemos!","message_send":"\u00a1Hola!\nEstoy en la p\u00e1gina de Royal Door y me gustar\u00eda obtener m\u00e1s informaci\u00f3n sobre {PRODUCT} por favor."}},"yoast_head":"<!-- This site is optimized with the Yoast SEO plugin v22.7 - https:\/\/yoast.com\/wordpress\/plugins\/seo\/ -->\n<title>Mesa Alumine - RoyalDoor<\/title>\n<meta name=\"description\" content=\"Mesa Alumine - RoyalDoor\" \/>\n<meta name=\"robots\" content=\"index, follow, max-snippet:-1, max-image-preview:large, max-video-preview:-1\" \/>\n<link rel=\"canonical\" href=\"https:\/\/royaldoor.com.ar\/home\/producto\/mesa-eames-120x60-cm\/\" \/>\n<meta property=\"og:locale\" content=\"es_ES\" \/>\n<meta property=\"og:type\" content=\"article\" \/>\n<meta property=\"og:title\" content=\"Mesa Alumine - RoyalDoor\" \/>\n<meta property=\"og:description\" content=\"Mesa Alumine - RoyalDoor\" \/>\n<meta property=\"og:url\" content=\"https:\/\/royaldoor.com.ar\/home\/producto\/mesa-eames-120x60-cm\/\" \/>\n<meta property=\"og:site_name\" content=\"RoyalDoor\" \/>\n<meta property=\"article:modified_time\" content=\"2025-04-24T18:50:53+00:00\" \/>\n<meta property=\"og:image\" content=\"https:\/\/royaldoor.com.ar\/home\/wp-content\/uploads\/WT-03.jpg\" \/>\n\t<meta property=\"og:image:width\" content=\"1300\" \/>\n\t<meta property=\"og:image:height\" content=\"1080\" \/>\n\t<meta property=\"og:image:type\" content=\"image\/jpeg\" \/>\n<meta name=\"twitter:card\" content=\"summary_large_image\" \/>\n<meta name=\"twitter:label1\" content=\"Tiempo de lectura\" \/>\n\t<meta name=\"twitter:data1\" content=\"2 minutos\" \/>\n<script type=\"application\/ld+json\" class=\"yoast-schema-graph\">{\"@context\":\"https:\/\/schema.org\",\"@graph\":[{\"@type\":\"WebPage\",\"@id\":\"https:\/\/royaldoor.com.ar\/home\/producto\/mesa-eames-120x60-cm\/\",\"url\":\"https:\/\/royaldoor.com.ar\/home\/producto\/mesa-eames-120x60-cm\/\",\"name\":\"Mesa Alumine - RoyalDoor\",\"isPartOf\":{\"@id\":\"https:\/\/royaldoor.com.ar\/home\/#website\"},\"primaryImageOfPage\":{\"@id\":\"https:\/\/royaldoor.com.ar\/home\/producto\/mesa-eames-120x60-cm\/#primaryimage\"},\"image\":{\"@id\":\"https:\/\/royaldoor.com.ar\/home\/producto\/mesa-eames-120x60-cm\/#primaryimage\"},\"thumbnailUrl\":\"https:\/\/royaldoor.com.ar\/home\/wp-content\/uploads\/WT-03.jpg\",\"datePublished\":\"2025-04-24T18:28:06+00:00\",\"dateModified\":\"2025-04-24T18:50:53+00:00\",\"description\":\"Mesa Alumine - RoyalDoor\",\"breadcrumb\":{\"@id\":\"https:\/\/royaldoor.com.ar\/home\/producto\/mesa-eames-120x60-cm\/#breadcrumb\"},\"inLanguage\":\"es\",\"potentialAction\":[{\"@type\":\"ReadAction\",\"target\":[\"https:\/\/royaldoor.com.ar\/home\/producto\/mesa-eames-120x60-cm\/\"]}]},{\"@type\":\"ImageObject\",\"inLanguage\":\"es\",\"@id\":\"https:\/\/royaldoor.com.ar\/home\/producto\/mesa-eames-120x60-cm\/#primaryimage\",\"url\":\"https:\/\/royaldoor.com.ar\/home\/wp-content\/uploads\/WT-03.jpg\",\"contentUrl\":\"https:\/\/royaldoor.com.ar\/home\/wp-content\/uploads\/WT-03.jpg\",\"width\":1300,\"height\":1080},{\"@type\":\"BreadcrumbList\",\"@id\":\"https:\/\/royaldoor.com.ar\/home\/producto\/mesa-eames-120x60-cm\/#breadcrumb\",\"itemListElement\":[{\"@type\":\"ListItem\",\"position\":1,\"name\":\"Portada\",\"item\":\"https:\/\/royaldoor.com.ar\/home\/\"},{\"@type\":\"ListItem\",\"position\":2,\"name\":\"Productos\",\"item\":\"https:\/\/royaldoor.com.ar\/home\/productos\/\"},{\"@type\":\"ListItem\",\"position\":3,\"name\":\"Mesa Alumine\"}]},{\"@type\":\"WebSite\",\"@id\":\"https:\/\/royaldoor.com.ar\/home\/#website\",\"url\":\"https:\/\/royaldoor.com.ar\/home\/\",\"name\":\"RoyalDoor\",\"description\":\"F\u00e1brica de muebles\",\"potentialAction\":[{\"@type\":\"SearchAction\",\"target\":{\"@type\":\"EntryPoint\",\"urlTemplate\":\"https:\/\/royaldoor.com.ar\/home\/?s={search_term_string}\"},\"query-input\":\"required name=search_term_string\"}],\"inLanguage\":\"es\"}]}<\/script>\n<!-- \/ Yoast SEO plugin. -->","yoast_head_json":{"title":"Mesa Alumine - RoyalDoor","description":"Mesa Alumine - RoyalDoor","robots":{"index":"index","follow":"follow","max-snippet":"max-snippet:-1","max-image-preview":"max-image-preview:large","max-video-preview":"max-video-preview:-1"},"canonical":"https:\/\/royaldoor.com.ar\/home\/producto\/mesa-eames-120x60-cm\/","og_locale":"es_ES","og_type":"article","og_title":"Mesa Alumine - RoyalDoor","og_description":"Mesa Alumine - RoyalDoor","og_url":"https:\/\/royaldoor.com.ar\/home\/producto\/mesa-eames-120x60-cm\/","og_site_name":"RoyalDoor","article_modified_time":"2025-04-24T18:50:53+00:00","og_image":[{"width":1300,"height":1080,"url":"https:\/\/royaldoor.com.ar\/home\/wp-content\/uploads\/WT-03.jpg","type":"image\/jpeg"}],"twitter_card":"summary_large_image","twitter_misc":{"Tiempo de lectura":"2 minutos"},"schema":{"@context":"https:\/\/schema.org","@graph":[{"@type":"WebPage","@id":"https:\/\/royaldoor.com.ar\/home\/producto\/mesa-eames-120x60-cm\/","url":"https:\/\/royaldoor.com.ar\/home\/producto\/mesa-eames-120x60-cm\/","name":"Mesa Alumine - RoyalDoor","isPartOf":{"@id":"https:\/\/royaldoor.com.ar\/home\/#website"},"primaryImageOfPage":{"@id":"https:\/\/royaldoor.com.ar\/home\/producto\/mesa-eames-120x60-cm\/#primaryimage"},"image":{"@id":"https:\/\/royaldoor.com.ar\/home\/producto\/mesa-eames-120x60-cm\/#primaryimage"},"thumbnailUrl":"https:\/\/royaldoor.com.ar\/home\/wp-content\/uploads\/WT-03.jpg","datePublished":"2025-04-24T18:28:06+00:00","dateModified":"2025-04-24T18:50:53+00:00","description":"Mesa Alumine - RoyalDoor","breadcrumb":{"@id":"https:\/\/royaldoor.com.ar\/home\/producto\/mesa-eames-120x60-cm\/#breadcrumb"},"inLanguage":"es","potentialAction":[{"@type":"ReadAction","target":["https:\/\/royaldoor.com.ar\/home\/producto\/mesa-eames-120x60-cm\/"]}]},{"@type":"ImageObject","inLanguage":"es","@id":"https:\/\/royaldoor.com.ar\/home\/producto\/mesa-eames-120x60-cm\/#primaryimage","url":"https:\/\/royaldoor.com.ar\/home\/wp-content\/uploads\/WT-03.jpg","contentUrl":"https:\/\/royaldoor.com.ar\/home\/wp-content\/uploads\/WT-03.jpg","width":1300,"height":1080},{"@type":"BreadcrumbList","@id":"https:\/\/royaldoor.com.ar\/home\/producto\/mesa-eames-120x60-cm\/#breadcrumb","itemListElement":[{"@type":"ListItem","position":1,"name":"Portada","item":"https:\/\/royaldoor.com.ar\/home\/"},{"@type":"ListItem","position":2,"name":"Productos","item":"https:\/\/royaldoor.com.ar\/home\/productos\/"},{"@type":"ListItem","position":3,"name":"Mesa Alumine"}]},{"@type":"WebSite","@id":"https:\/\/royaldoor.com.ar\/home\/#website","url":"https:\/\/royaldoor.com.ar\/home\/","name":"RoyalDoor","description":"F\u00e1brica de muebles","potentialAction":[{"@type":"SearchAction","target":{"@type":"EntryPoint","urlTemplate":"https:\/\/royaldoor.com.ar\/home\/?s={search_term_string}"},"query-input":"required name=search_term_string"}],"inLanguage":"es"}]}},"_links":{"self":[{"href":"https:\/\/royaldoor.com.ar\/home\/wp-json\/wp\/v2\/product\/1127"}],"collection":[{"href":"https:\/\/royaldoor.com.ar\/home\/wp-json\/wp\/v2\/product"}],"about":[{"href":"https:\/\/royaldoor.com.ar\/home\/wp-json\/wp\/v2\/types\/product"}],"wp:featuredmedia":[{"embeddable":true,"href":"https:\/\/royaldoor.com.ar\/home\/wp-json\/wp\/v2\/media\/1128"}],"wp:attachment":[{"href":"https:\/\/royaldoor.com.ar\/home\/wp-json\/wp\/v2\/media?parent=1127"}],"curies":[{"name":"wp","href":"https:\/\/api.w.org\/{rel}","templated":true}]}}