{"id":1071,"date":"2025-03-25T14:48:06","date_gmt":"2025-03-25T14:48:06","guid":{"rendered":"https:\/\/royaldoor.com.ar\/home\/?post_type=product&#038;p=1071"},"modified":"2026-04-07T12:33:59","modified_gmt":"2026-04-07T12:33:59","slug":"silla-deseado","status":"publish","type":"product","link":"https:\/\/royaldoor.com.ar\/home\/producto\/silla-deseado\/","title":{"rendered":"Silla Deseado"},"content":{"rendered":"<p>Silla\u00a0<strong>Deseado<\/strong><\/p>\n<p>La silla Deseado combina elegancia y comodidad con su estructura de hierro c\u00f3nico, que aporta resistencia y estilo moderno. Su asiento y respaldo acolchonados, tapizados en una suave tela, brindan una experiencia de confort superior.<br \/>\nEl dise\u00f1o envolvente del respaldo con acabado curvo a\u00f1ade un toque sofisticado, ideal para cualquier espacio contempor\u00e1neo y perfecta para salones o comedores<\/p>\n","protected":false},"excerpt":{"rendered":"<p>Silla\u00a0Deseado La silla Deseado combina elegancia y comodidad con su estructura de hierro c\u00f3nico, que aporta resistencia y estilo moderno. Su asiento y respaldo acolchonados, tapizados en una suave tela, brindan una experiencia de confort superior. El dise\u00f1o envolvente del respaldo con acabado curvo a\u00f1ade un toque sofisticado, ideal para cualquier espacio contempor\u00e1neo y perfecta [&#8230;]\n","protected":false},"featured_media":1284,"template":"","meta":{"_joinchat":{"telephone":"+542204923665","message_text":"\u00a1Env\u00edenos su consulta y con gusto le responderemos!","message_send":"\u00a1Hola!\nEstoy en la p\u00e1gina de Royal Door y me gustar\u00eda obtener m\u00e1s informaci\u00f3n sobre {PRODUCT} por favor."}},"yoast_head":"<!-- This site is optimized with the Yoast SEO plugin v22.7 - https:\/\/yoast.com\/wordpress\/plugins\/seo\/ -->\n<title>Silla Deseado - RoyalDoor<\/title>\n<meta name=\"description\" content=\"Silla Deseado de comedor reforzada - RoyalDoor\" \/>\n<meta name=\"robots\" content=\"index, follow, max-snippet:-1, max-image-preview:large, max-video-preview:-1\" \/>\n<link rel=\"canonical\" href=\"https:\/\/royaldoor.com.ar\/home\/producto\/silla-deseado\/\" \/>\n<meta property=\"og:locale\" content=\"es_ES\" \/>\n<meta property=\"og:type\" content=\"article\" \/>\n<meta property=\"og:title\" content=\"Silla Deseado - RoyalDoor\" \/>\n<meta property=\"og:description\" content=\"Silla Deseado de comedor reforzada - RoyalDoor\" \/>\n<meta property=\"og:url\" content=\"https:\/\/royaldoor.com.ar\/home\/producto\/silla-deseado\/\" \/>\n<meta property=\"og:site_name\" content=\"RoyalDoor\" \/>\n<meta property=\"article:modified_time\" content=\"2026-04-07T12:33:59+00:00\" \/>\n<meta property=\"og:image\" content=\"https:\/\/royaldoor.com.ar\/home\/wp-content\/uploads\/Image_20250825120838.jpg\" \/>\n\t<meta property=\"og:image:width\" content=\"858\" \/>\n\t<meta property=\"og:image:height\" content=\"1080\" \/>\n\t<meta property=\"og:image:type\" content=\"image\/jpeg\" \/>\n<meta name=\"twitter:card\" content=\"summary_large_image\" \/>\n<meta name=\"twitter:label1\" content=\"Tiempo de lectura\" \/>\n\t<meta name=\"twitter:data1\" content=\"1 minuto\" \/>\n<script type=\"application\/ld+json\" class=\"yoast-schema-graph\">{\"@context\":\"https:\/\/schema.org\",\"@graph\":[{\"@type\":\"WebPage\",\"@id\":\"https:\/\/royaldoor.com.ar\/home\/producto\/silla-deseado\/\",\"url\":\"https:\/\/royaldoor.com.ar\/home\/producto\/silla-deseado\/\",\"name\":\"Silla Deseado - RoyalDoor\",\"isPartOf\":{\"@id\":\"https:\/\/royaldoor.com.ar\/home\/#website\"},\"primaryImageOfPage\":{\"@id\":\"https:\/\/royaldoor.com.ar\/home\/producto\/silla-deseado\/#primaryimage\"},\"image\":{\"@id\":\"https:\/\/royaldoor.com.ar\/home\/producto\/silla-deseado\/#primaryimage\"},\"thumbnailUrl\":\"https:\/\/royaldoor.com.ar\/home\/wp-content\/uploads\/Image_20250825120838.jpg\",\"datePublished\":\"2025-03-25T14:48:06+00:00\",\"dateModified\":\"2026-04-07T12:33:59+00:00\",\"description\":\"Silla Deseado de comedor reforzada - RoyalDoor\",\"breadcrumb\":{\"@id\":\"https:\/\/royaldoor.com.ar\/home\/producto\/silla-deseado\/#breadcrumb\"},\"inLanguage\":\"es\",\"potentialAction\":[{\"@type\":\"ReadAction\",\"target\":[\"https:\/\/royaldoor.com.ar\/home\/producto\/silla-deseado\/\"]}]},{\"@type\":\"ImageObject\",\"inLanguage\":\"es\",\"@id\":\"https:\/\/royaldoor.com.ar\/home\/producto\/silla-deseado\/#primaryimage\",\"url\":\"https:\/\/royaldoor.com.ar\/home\/wp-content\/uploads\/Image_20250825120838.jpg\",\"contentUrl\":\"https:\/\/royaldoor.com.ar\/home\/wp-content\/uploads\/Image_20250825120838.jpg\",\"width\":858,\"height\":1080},{\"@type\":\"BreadcrumbList\",\"@id\":\"https:\/\/royaldoor.com.ar\/home\/producto\/silla-deseado\/#breadcrumb\",\"itemListElement\":[{\"@type\":\"ListItem\",\"position\":1,\"name\":\"Portada\",\"item\":\"https:\/\/royaldoor.com.ar\/home\/\"},{\"@type\":\"ListItem\",\"position\":2,\"name\":\"Productos\",\"item\":\"https:\/\/royaldoor.com.ar\/home\/productos\/\"},{\"@type\":\"ListItem\",\"position\":3,\"name\":\"Silla Deseado\"}]},{\"@type\":\"WebSite\",\"@id\":\"https:\/\/royaldoor.com.ar\/home\/#website\",\"url\":\"https:\/\/royaldoor.com.ar\/home\/\",\"name\":\"RoyalDoor\",\"description\":\"F\u00e1brica de muebles\",\"potentialAction\":[{\"@type\":\"SearchAction\",\"target\":{\"@type\":\"EntryPoint\",\"urlTemplate\":\"https:\/\/royaldoor.com.ar\/home\/?s={search_term_string}\"},\"query-input\":\"required name=search_term_string\"}],\"inLanguage\":\"es\"}]}<\/script>\n<!-- \/ Yoast SEO plugin. -->","yoast_head_json":{"title":"Silla Deseado - RoyalDoor","description":"Silla Deseado de comedor reforzada - RoyalDoor","robots":{"index":"index","follow":"follow","max-snippet":"max-snippet:-1","max-image-preview":"max-image-preview:large","max-video-preview":"max-video-preview:-1"},"canonical":"https:\/\/royaldoor.com.ar\/home\/producto\/silla-deseado\/","og_locale":"es_ES","og_type":"article","og_title":"Silla Deseado - RoyalDoor","og_description":"Silla Deseado de comedor reforzada - RoyalDoor","og_url":"https:\/\/royaldoor.com.ar\/home\/producto\/silla-deseado\/","og_site_name":"RoyalDoor","article_modified_time":"2026-04-07T12:33:59+00:00","og_image":[{"width":858,"height":1080,"url":"https:\/\/royaldoor.com.ar\/home\/wp-content\/uploads\/Image_20250825120838.jpg","type":"image\/jpeg"}],"twitter_card":"summary_large_image","twitter_misc":{"Tiempo de lectura":"1 minuto"},"schema":{"@context":"https:\/\/schema.org","@graph":[{"@type":"WebPage","@id":"https:\/\/royaldoor.com.ar\/home\/producto\/silla-deseado\/","url":"https:\/\/royaldoor.com.ar\/home\/producto\/silla-deseado\/","name":"Silla Deseado - RoyalDoor","isPartOf":{"@id":"https:\/\/royaldoor.com.ar\/home\/#website"},"primaryImageOfPage":{"@id":"https:\/\/royaldoor.com.ar\/home\/producto\/silla-deseado\/#primaryimage"},"image":{"@id":"https:\/\/royaldoor.com.ar\/home\/producto\/silla-deseado\/#primaryimage"},"thumbnailUrl":"https:\/\/royaldoor.com.ar\/home\/wp-content\/uploads\/Image_20250825120838.jpg","datePublished":"2025-03-25T14:48:06+00:00","dateModified":"2026-04-07T12:33:59+00:00","description":"Silla Deseado de comedor reforzada - RoyalDoor","breadcrumb":{"@id":"https:\/\/royaldoor.com.ar\/home\/producto\/silla-deseado\/#breadcrumb"},"inLanguage":"es","potentialAction":[{"@type":"ReadAction","target":["https:\/\/royaldoor.com.ar\/home\/producto\/silla-deseado\/"]}]},{"@type":"ImageObject","inLanguage":"es","@id":"https:\/\/royaldoor.com.ar\/home\/producto\/silla-deseado\/#primaryimage","url":"https:\/\/royaldoor.com.ar\/home\/wp-content\/uploads\/Image_20250825120838.jpg","contentUrl":"https:\/\/royaldoor.com.ar\/home\/wp-content\/uploads\/Image_20250825120838.jpg","width":858,"height":1080},{"@type":"BreadcrumbList","@id":"https:\/\/royaldoor.com.ar\/home\/producto\/silla-deseado\/#breadcrumb","itemListElement":[{"@type":"ListItem","position":1,"name":"Portada","item":"https:\/\/royaldoor.com.ar\/home\/"},{"@type":"ListItem","position":2,"name":"Productos","item":"https:\/\/royaldoor.com.ar\/home\/productos\/"},{"@type":"ListItem","position":3,"name":"Silla Deseado"}]},{"@type":"WebSite","@id":"https:\/\/royaldoor.com.ar\/home\/#website","url":"https:\/\/royaldoor.com.ar\/home\/","name":"RoyalDoor","description":"F\u00e1brica de muebles","potentialAction":[{"@type":"SearchAction","target":{"@type":"EntryPoint","urlTemplate":"https:\/\/royaldoor.com.ar\/home\/?s={search_term_string}"},"query-input":"required name=search_term_string"}],"inLanguage":"es"}]}},"_links":{"self":[{"href":"https:\/\/royaldoor.com.ar\/home\/wp-json\/wp\/v2\/product\/1071"}],"collection":[{"href":"https:\/\/royaldoor.com.ar\/home\/wp-json\/wp\/v2\/product"}],"about":[{"href":"https:\/\/royaldoor.com.ar\/home\/wp-json\/wp\/v2\/types\/product"}],"wp:featuredmedia":[{"embeddable":true,"href":"https:\/\/royaldoor.com.ar\/home\/wp-json\/wp\/v2\/media\/1284"}],"wp:attachment":[{"href":"https:\/\/royaldoor.com.ar\/home\/wp-json\/wp\/v2\/media?parent=1071"}],"curies":[{"name":"wp","href":"https:\/\/api.w.org\/{rel}","templated":true}]}}