{"id":1066,"date":"2025-03-25T14:44:42","date_gmt":"2025-03-25T14:44:42","guid":{"rendered":"https:\/\/royaldoor.com.ar\/home\/?post_type=product&#038;p=1066"},"modified":"2025-03-25T15:07:05","modified_gmt":"2025-03-25T15:07:05","slug":"silla-cosquin","status":"publish","type":"product","link":"https:\/\/royaldoor.com.ar\/home\/producto\/silla-cosquin\/","title":{"rendered":"Silla Cosquin"},"content":{"rendered":"<p>Silla Cosquin<\/p>\n<p>Esta silla moderna combina elegancia y confort con un dise\u00f1o sofisticado. Su estructura est\u00e1 compuesta por cuatro patas c\u00f3nicas de metal en acabado negro mate, que aportan estabilidad y un estilo contempor\u00e1neo.<\/p>\n<p>El asiento y el respaldo est\u00e1n tapizados en un tejido espeso en negro o gris oscuro, proporcionando una textura acogedora y un aspecto distinguido. Su respaldo curvado envuelve suavemente la espalda, brindando mayor confort y ergonom\u00eda. Los apoyabrazos integrados y su dise\u00f1o estilizado la convierten en una opci\u00f3n ideal para espacios modernos y elegantes.<br \/>\nEs una opci\u00f3n ideal para comedores, salas de estar o incluso espacios de trabajo con un estilo contempor\u00e1neo.<br \/>\nEl producto se env\u00eda en caja cerrada para mayor seguridad<\/p>\n","protected":false},"excerpt":{"rendered":"<p>Silla Cosquin Esta silla moderna combina elegancia y confort con un dise\u00f1o sofisticado. Su estructura est\u00e1 compuesta por cuatro patas c\u00f3nicas de metal en acabado negro mate, que aportan estabilidad y un estilo contempor\u00e1neo. El asiento y el respaldo est\u00e1n tapizados en un tejido espeso en negro o gris oscuro, proporcionando una textura acogedora y [&#8230;]\n","protected":false},"featured_media":1085,"template":"","meta":{"_joinchat":[]},"yoast_head":"<!-- This site is optimized with the Yoast SEO plugin v22.7 - https:\/\/yoast.com\/wordpress\/plugins\/seo\/ -->\n<title>Silla Cosquin - RoyalDoor<\/title>\n<meta name=\"description\" content=\"Silla Cosquin de comedor reforzada - RoyalDoor\" \/>\n<meta name=\"robots\" content=\"index, follow, max-snippet:-1, max-image-preview:large, max-video-preview:-1\" \/>\n<link rel=\"canonical\" href=\"https:\/\/royaldoor.com.ar\/home\/producto\/silla-cosquin\/\" \/>\n<meta property=\"og:locale\" content=\"es_ES\" \/>\n<meta property=\"og:type\" content=\"article\" \/>\n<meta property=\"og:title\" content=\"Silla Cosquin - RoyalDoor\" \/>\n<meta property=\"og:description\" content=\"Silla Cosquin de comedor reforzada - RoyalDoor\" \/>\n<meta property=\"og:url\" content=\"https:\/\/royaldoor.com.ar\/home\/producto\/silla-cosquin\/\" \/>\n<meta property=\"og:site_name\" content=\"RoyalDoor\" \/>\n<meta property=\"article:modified_time\" content=\"2025-03-25T15:07:05+00:00\" \/>\n<meta property=\"og:image\" content=\"https:\/\/royaldoor.com.ar\/home\/wp-content\/uploads\/C-942\uff083\uff09.jpg\" \/>\n\t<meta property=\"og:image:width\" content=\"1080\" \/>\n\t<meta property=\"og:image:height\" content=\"1080\" \/>\n\t<meta property=\"og:image:type\" content=\"image\/jpeg\" \/>\n<meta name=\"twitter:card\" content=\"summary_large_image\" \/>\n<meta name=\"twitter:label1\" content=\"Tiempo de lectura\" \/>\n\t<meta name=\"twitter:data1\" content=\"1 minuto\" \/>\n<script type=\"application\/ld+json\" class=\"yoast-schema-graph\">{\"@context\":\"https:\/\/schema.org\",\"@graph\":[{\"@type\":\"WebPage\",\"@id\":\"https:\/\/royaldoor.com.ar\/home\/producto\/silla-cosquin\/\",\"url\":\"https:\/\/royaldoor.com.ar\/home\/producto\/silla-cosquin\/\",\"name\":\"Silla Cosquin - RoyalDoor\",\"isPartOf\":{\"@id\":\"https:\/\/royaldoor.com.ar\/home\/#website\"},\"primaryImageOfPage\":{\"@id\":\"https:\/\/royaldoor.com.ar\/home\/producto\/silla-cosquin\/#primaryimage\"},\"image\":{\"@id\":\"https:\/\/royaldoor.com.ar\/home\/producto\/silla-cosquin\/#primaryimage\"},\"thumbnailUrl\":\"https:\/\/royaldoor.com.ar\/home\/wp-content\/uploads\/C-942\uff083\uff09.jpg\",\"datePublished\":\"2025-03-25T14:44:42+00:00\",\"dateModified\":\"2025-03-25T15:07:05+00:00\",\"description\":\"Silla Cosquin de comedor reforzada - RoyalDoor\",\"breadcrumb\":{\"@id\":\"https:\/\/royaldoor.com.ar\/home\/producto\/silla-cosquin\/#breadcrumb\"},\"inLanguage\":\"es\",\"potentialAction\":[{\"@type\":\"ReadAction\",\"target\":[\"https:\/\/royaldoor.com.ar\/home\/producto\/silla-cosquin\/\"]}]},{\"@type\":\"ImageObject\",\"inLanguage\":\"es\",\"@id\":\"https:\/\/royaldoor.com.ar\/home\/producto\/silla-cosquin\/#primaryimage\",\"url\":\"https:\/\/royaldoor.com.ar\/home\/wp-content\/uploads\/C-942\uff083\uff09.jpg\",\"contentUrl\":\"https:\/\/royaldoor.com.ar\/home\/wp-content\/uploads\/C-942\uff083\uff09.jpg\",\"width\":1080,\"height\":1080},{\"@type\":\"BreadcrumbList\",\"@id\":\"https:\/\/royaldoor.com.ar\/home\/producto\/silla-cosquin\/#breadcrumb\",\"itemListElement\":[{\"@type\":\"ListItem\",\"position\":1,\"name\":\"Portada\",\"item\":\"https:\/\/royaldoor.com.ar\/home\/\"},{\"@type\":\"ListItem\",\"position\":2,\"name\":\"Productos\",\"item\":\"https:\/\/royaldoor.com.ar\/home\/productos\/\"},{\"@type\":\"ListItem\",\"position\":3,\"name\":\"Silla Cosquin\"}]},{\"@type\":\"WebSite\",\"@id\":\"https:\/\/royaldoor.com.ar\/home\/#website\",\"url\":\"https:\/\/royaldoor.com.ar\/home\/\",\"name\":\"RoyalDoor\",\"description\":\"F\u00e1brica de muebles\",\"potentialAction\":[{\"@type\":\"SearchAction\",\"target\":{\"@type\":\"EntryPoint\",\"urlTemplate\":\"https:\/\/royaldoor.com.ar\/home\/?s={search_term_string}\"},\"query-input\":\"required name=search_term_string\"}],\"inLanguage\":\"es\"}]}<\/script>\n<!-- \/ Yoast SEO plugin. -->","yoast_head_json":{"title":"Silla Cosquin - RoyalDoor","description":"Silla Cosquin de comedor reforzada - RoyalDoor","robots":{"index":"index","follow":"follow","max-snippet":"max-snippet:-1","max-image-preview":"max-image-preview:large","max-video-preview":"max-video-preview:-1"},"canonical":"https:\/\/royaldoor.com.ar\/home\/producto\/silla-cosquin\/","og_locale":"es_ES","og_type":"article","og_title":"Silla Cosquin - RoyalDoor","og_description":"Silla Cosquin de comedor reforzada - RoyalDoor","og_url":"https:\/\/royaldoor.com.ar\/home\/producto\/silla-cosquin\/","og_site_name":"RoyalDoor","article_modified_time":"2025-03-25T15:07:05+00:00","og_image":[{"width":1080,"height":1080,"url":"https:\/\/royaldoor.com.ar\/home\/wp-content\/uploads\/C-942\uff083\uff09.jpg","type":"image\/jpeg"}],"twitter_card":"summary_large_image","twitter_misc":{"Tiempo de lectura":"1 minuto"},"schema":{"@context":"https:\/\/schema.org","@graph":[{"@type":"WebPage","@id":"https:\/\/royaldoor.com.ar\/home\/producto\/silla-cosquin\/","url":"https:\/\/royaldoor.com.ar\/home\/producto\/silla-cosquin\/","name":"Silla Cosquin - RoyalDoor","isPartOf":{"@id":"https:\/\/royaldoor.com.ar\/home\/#website"},"primaryImageOfPage":{"@id":"https:\/\/royaldoor.com.ar\/home\/producto\/silla-cosquin\/#primaryimage"},"image":{"@id":"https:\/\/royaldoor.com.ar\/home\/producto\/silla-cosquin\/#primaryimage"},"thumbnailUrl":"https:\/\/royaldoor.com.ar\/home\/wp-content\/uploads\/C-942\uff083\uff09.jpg","datePublished":"2025-03-25T14:44:42+00:00","dateModified":"2025-03-25T15:07:05+00:00","description":"Silla Cosquin de comedor reforzada - RoyalDoor","breadcrumb":{"@id":"https:\/\/royaldoor.com.ar\/home\/producto\/silla-cosquin\/#breadcrumb"},"inLanguage":"es","potentialAction":[{"@type":"ReadAction","target":["https:\/\/royaldoor.com.ar\/home\/producto\/silla-cosquin\/"]}]},{"@type":"ImageObject","inLanguage":"es","@id":"https:\/\/royaldoor.com.ar\/home\/producto\/silla-cosquin\/#primaryimage","url":"https:\/\/royaldoor.com.ar\/home\/wp-content\/uploads\/C-942\uff083\uff09.jpg","contentUrl":"https:\/\/royaldoor.com.ar\/home\/wp-content\/uploads\/C-942\uff083\uff09.jpg","width":1080,"height":1080},{"@type":"BreadcrumbList","@id":"https:\/\/royaldoor.com.ar\/home\/producto\/silla-cosquin\/#breadcrumb","itemListElement":[{"@type":"ListItem","position":1,"name":"Portada","item":"https:\/\/royaldoor.com.ar\/home\/"},{"@type":"ListItem","position":2,"name":"Productos","item":"https:\/\/royaldoor.com.ar\/home\/productos\/"},{"@type":"ListItem","position":3,"name":"Silla Cosquin"}]},{"@type":"WebSite","@id":"https:\/\/royaldoor.com.ar\/home\/#website","url":"https:\/\/royaldoor.com.ar\/home\/","name":"RoyalDoor","description":"F\u00e1brica de muebles","potentialAction":[{"@type":"SearchAction","target":{"@type":"EntryPoint","urlTemplate":"https:\/\/royaldoor.com.ar\/home\/?s={search_term_string}"},"query-input":"required name=search_term_string"}],"inLanguage":"es"}]}},"_links":{"self":[{"href":"https:\/\/royaldoor.com.ar\/home\/wp-json\/wp\/v2\/product\/1066"}],"collection":[{"href":"https:\/\/royaldoor.com.ar\/home\/wp-json\/wp\/v2\/product"}],"about":[{"href":"https:\/\/royaldoor.com.ar\/home\/wp-json\/wp\/v2\/types\/product"}],"wp:featuredmedia":[{"embeddable":true,"href":"https:\/\/royaldoor.com.ar\/home\/wp-json\/wp\/v2\/media\/1085"}],"wp:attachment":[{"href":"https:\/\/royaldoor.com.ar\/home\/wp-json\/wp\/v2\/media?parent=1066"}],"curies":[{"name":"wp","href":"https:\/\/api.w.org\/{rel}","templated":true}]}}