{"id":635,"date":"2020-10-23T11:32:36","date_gmt":"2020-10-23T11:32:36","guid":{"rendered":"https:\/\/royaldoor.com.ar\/home\/?page_id=635"},"modified":"2020-10-23T12:21:41","modified_gmt":"2020-10-23T12:21:41","slug":"integridad","status":"publish","type":"page","link":"https:\/\/royaldoor.com.ar\/home\/integridad\/","title":{"rendered":"Integridad"},"content":{"rendered":"\n  <div class=\"banner has-hover bg-zoom bg-overlay-remove\" id=\"banner-2017918123\">\n          <div class=\"banner-inner fill\">\n        <div class=\"banner-bg fill\" >\n            <div class=\"bg fill bg-fill \"><\/div>\n                        <div class=\"overlay\"><\/div>            \n                    <\/div>\n        <div class=\"banner-layers container\">\n            <div class=\"fill banner-link\"><\/div>            \n   <div id=\"text-box-285359823\" class=\"text-box banner-layer x50 md-x50 lg-x50 y50 md-y50 lg-y50 res-text\">\n                                <div class=\"text-box-content text dark\">\n              \n              <div class=\"text-inner text-center\">\n                  \n<h3 class=\"uppercase\"><strong>Desde 1976<\/strong><\/h3>\n              <\/div>\n           <\/div>\n                            \n<style>\n#text-box-285359823 {\n  width: 50%;\n}\n#text-box-285359823 .text-box-content {\n  font-size: 100%;\n}\n<\/style>\n    <\/div>\n \n        <\/div>\n      <\/div>\n\n            \n<style>\n#banner-2017918123 {\n  padding-top: 390px;\n}\n#banner-2017918123 .bg.bg-loaded {\n  background-image: url(https:\/\/royaldoor.com.ar\/home\/wp-content\/uploads\/integridad-768x1024.jpg);\n}\n#banner-2017918123 .overlay {\n  background-color: rgba(12, 70, 156, 0.6);\n}\n#banner-2017918123 .bg {\n  background-position: 6% 27%;\n}\n<\/style>\n  <\/div>\n\n\n\t<section class=\"section\" id=\"section_1044997473\">\n\t\t<div class=\"bg section-bg fill bg-fill  bg-loaded\" >\n\n\t\t\t\n\t\t\t\n\t\t\t\n\n\t\t<\/div>\n\n\t\t<div class=\"section-content relative\">\n\t\t\t\n<div class=\"row\"  id=\"row-1727707358\">\n\n\t<div id=\"col-1168392132\" class=\"col small-12 large-12\"  >\n\t\t\t\t<div class=\"col-inner\"  >\n\t\t\t\n\t\t\t\n<h2>Nuestro Programa de Integridad<\/h2>\n<p>En Royal Door SRL nos comprometemos a que nuestro comportamiento y nuestros valores est\u00e9n alineados con los valores de la empresa, preponderando la honestidad.<\/p>\n<p>En base a estas consideraciones en Junio de 2020 decidimos implementar un Programa de Integridad de acuerdo a los lineamientos de la oficina Anticorrupci\u00f3n a fin de crear un espacio de vinculaci\u00f3n y de cooperaci\u00f3n entre los empleados de la empresa, clientes, colaboradores y proveedores, con el objetivo de aunar fuerzas para la lucha contra la corrupci\u00f3n. La misi\u00f3n ser\u00e1 rechazar las pr\u00e1cticas que socaven nuestra integridad y nuestra reputaci\u00f3n y que afectar\u00edan nuestro crecimiento a largo plazo y da\u00f1ar\u00edan nuestras acciones actuales y futuras.<\/p>\n<p>El <strong>C\u00f3digo de \u00c9tica<\/strong> y los <strong>Procedimiento Internos Anticorrupci\u00f3n<\/strong> son los que conforman los pilares de nuestro enfoque \u00e9tico y son la base de nuestros valores compartidos, representando para cada empleado, independientemente de su posici\u00f3n, un marco de referencia para las acciones y decisiones que se toman diariamente, entre nosotros, en relaci\u00f3n a nuestros clientes, competidores, y en t\u00e9rminos m\u00e1s generales, en relaci\u00f3n a nuestro ambiente empresarial de negocio. Por eso es importante que darlo a conocer a todo el que mantenga v\u00ednculo con nuestra empresa.<\/p>\n<p>El programa integra los apoyos a la alta gerencia, los canales de denuncia, los sistemas de investigaci\u00f3n interna, los procedimientos de integridad relacionados con terceros, la capacitaci\u00f3n, la evaluaci\u00f3n y la estructura interna con la finalidad de que nuestros empleados y colaboradores conozcan sobre las practicas que podr\u00edan configurar un delito para asi evitarlas y mantener la indemnidad de la empresa.<\/p>\n<p><strong>Rechazo a las formas de Corrupci\u00f3n. <\/strong><br \/>\n<strong>La Corrupci\u00f3n no puede ser usada como un camino para obtener un mercado, de reglar un control fiscal o de realizar gestiones administrativas.<\/strong><\/p>\n<div class=\"row\"  id=\"row-252645712\">\n\n\t<div id=\"col-70936\" class=\"col small-12 large-12\"  >\n\t\t\t\t<div class=\"col-inner\"  >\n\t\t\t\n\t\t\t\n\t<div id=\"gap-1725937111\" class=\"gap-element clearfix\" style=\"display:block; height:auto;\">\n\t\t\n<style>\n#gap-1725937111 {\n  padding-top: 30px;\n}\n<\/style>\n\t<\/div>\n\t\n<h2>NUESTROS COMPROMISOS<\/h2>\n<h2>Hacia nuestros clientes<\/h2>\n<p>Basamos nuestro \u00e9xito en la calidad y la mejora de nuestras productos, as\u00ed como en la satisfacci\u00f3n de nuestros clientes. Es la raz\u00f3n por la cual lo se cuidar\u00e1n de todo comportamiento que no respete la reglamentaci\u00f3n comercial y la falsificaci\u00f3n o manipulaci\u00f3n de cifras y cuentas.<\/p>\n<h2>Hacia nuestros empleados y colaboradores<\/h2>\n<p>Confiamos en la lealtad, integridad y motivaci\u00f3n de nuestros empleados y colaboradores, as\u00ed como en su sentido de iniciativa y responsabilidad. Nos comprometemos a asegurarles un ambiente de trabajo sano y seguro, y a favorecer el desarrollo sus cualidades profesionales y sus responsabilidades individuales. Aseguramos la existencia de dispositivos que permiten a un colaborador alertar infracciones o fraudes de los que tuviera conocimiento, as\u00ed como el tratamiento apropiado y diligente de esta alerta.<\/p>\n<h2>Hacia nuestros proveedores<\/h2>\n<p>Establecemos relaciones de confianza y lealtad con nuestros proveedores y partners, a fin de beneficiar a nuestros clientes de un mejor servicio.<br \/>\nEsperamos de ellos que compartan y respeten principios \u00e9ticos.<\/p>\n<h2>Hacia nuestra competencia<\/h2>\n<p>Buscamos sobrepasar a nuestra competencia por medios honestos y legales y por la calidad de nuestros productos y servicios.<\/p>\n\t\t<\/div>\n\t\t\t\t\t<\/div>\n\n\t\n<\/div>\n\t\t<\/div>\n\t\t\t\t\t<\/div>\n\n\t\n<\/div>\n\t\t<\/div>\n\n\t\t\n<style>\n#section_1044997473 {\n  padding-top: 30px;\n  padding-bottom: 30px;\n}\n<\/style>\n\t<\/section>\n\t\n\n  <div class=\"banner has-hover bg-zoom bg-overlay-remove\" id=\"banner-1396090193\">\n          <div class=\"banner-inner fill\">\n        <div class=\"banner-bg fill\" >\n            <div class=\"bg fill bg-fill \"><\/div>\n                        <div class=\"overlay\"><\/div>            \n                    <\/div>\n        <div class=\"banner-layers container\">\n            <div class=\"fill banner-link\"><\/div>            \n   <div id=\"text-box-1479197675\" class=\"text-box banner-layer x50 md-x50 lg-x50 y50 md-y50 lg-y50 res-text\">\n                                <div class=\"text-box-content text dark\">\n              \n              <div class=\"text-inner text-center\">\n                  \n<h3 class=\"uppercase\"><strong>nuestra planta<\/strong><\/h3>\n<p>7500 m2<\/p>\n              <\/div>\n           <\/div>\n                            \n<style>\n#text-box-1479197675 {\n  width: 60%;\n}\n#text-box-1479197675 .text-box-content {\n  font-size: 100%;\n}\n<\/style>\n    <\/div>\n \n        <\/div>\n      <\/div>\n\n            \n<style>\n#banner-1396090193 {\n  padding-top: 390px;\n}\n#banner-1396090193 .bg.bg-loaded {\n  background-image: url(https:\/\/royaldoor.com.ar\/home\/wp-content\/uploads\/Royaldoor-fabrica-1024x643.jpg);\n}\n#banner-1396090193 .overlay {\n  background-color: rgba(12, 70, 156, 0.6);\n}\n<\/style>\n  <\/div>\n\n\n","protected":false},"excerpt":{"rendered":"","protected":false},"author":1,"featured_media":0,"parent":0,"menu_order":0,"comment_status":"closed","ping_status":"closed","template":"","meta":{"_joinchat":[],"footnotes":""},"yoast_head":"<!-- This site is optimized with the Yoast SEO plugin v22.7 - https:\/\/yoast.com\/wordpress\/plugins\/seo\/ -->\n<title>Integridad - RoyalDoor<\/title>\n<meta name=\"robots\" content=\"index, follow, max-snippet:-1, max-image-preview:large, max-video-preview:-1\" \/>\n<link rel=\"canonical\" href=\"https:\/\/royaldoor.com.ar\/home\/integridad\/\" \/>\n<meta property=\"og:locale\" content=\"es_ES\" \/>\n<meta property=\"og:type\" content=\"article\" \/>\n<meta property=\"og:title\" content=\"Integridad - RoyalDoor\" \/>\n<meta property=\"og:url\" content=\"https:\/\/royaldoor.com.ar\/home\/integridad\/\" \/>\n<meta property=\"og:site_name\" content=\"RoyalDoor\" \/>\n<meta property=\"article:modified_time\" content=\"2020-10-23T12:21:41+00:00\" \/>\n<meta name=\"twitter:card\" content=\"summary_large_image\" \/>\n<meta name=\"twitter:label1\" content=\"Tiempo de lectura\" \/>\n\t<meta name=\"twitter:data1\" content=\"3 minutos\" \/>\n<script type=\"application\/ld+json\" class=\"yoast-schema-graph\">{\"@context\":\"https:\/\/schema.org\",\"@graph\":[{\"@type\":\"WebPage\",\"@id\":\"https:\/\/royaldoor.com.ar\/home\/integridad\/\",\"url\":\"https:\/\/royaldoor.com.ar\/home\/integridad\/\",\"name\":\"Integridad - RoyalDoor\",\"isPartOf\":{\"@id\":\"https:\/\/royaldoor.com.ar\/home\/#website\"},\"datePublished\":\"2020-10-23T11:32:36+00:00\",\"dateModified\":\"2020-10-23T12:21:41+00:00\",\"breadcrumb\":{\"@id\":\"https:\/\/royaldoor.com.ar\/home\/integridad\/#breadcrumb\"},\"inLanguage\":\"es\",\"potentialAction\":[{\"@type\":\"ReadAction\",\"target\":[\"https:\/\/royaldoor.com.ar\/home\/integridad\/\"]}]},{\"@type\":\"BreadcrumbList\",\"@id\":\"https:\/\/royaldoor.com.ar\/home\/integridad\/#breadcrumb\",\"itemListElement\":[{\"@type\":\"ListItem\",\"position\":1,\"name\":\"Portada\",\"item\":\"https:\/\/royaldoor.com.ar\/home\/\"},{\"@type\":\"ListItem\",\"position\":2,\"name\":\"Integridad\"}]},{\"@type\":\"WebSite\",\"@id\":\"https:\/\/royaldoor.com.ar\/home\/#website\",\"url\":\"https:\/\/royaldoor.com.ar\/home\/\",\"name\":\"RoyalDoor\",\"description\":\"F\u00e1brica de muebles\",\"potentialAction\":[{\"@type\":\"SearchAction\",\"target\":{\"@type\":\"EntryPoint\",\"urlTemplate\":\"https:\/\/royaldoor.com.ar\/home\/?s={search_term_string}\"},\"query-input\":\"required name=search_term_string\"}],\"inLanguage\":\"es\"}]}<\/script>\n<!-- \/ Yoast SEO plugin. -->","yoast_head_json":{"title":"Integridad - RoyalDoor","robots":{"index":"index","follow":"follow","max-snippet":"max-snippet:-1","max-image-preview":"max-image-preview:large","max-video-preview":"max-video-preview:-1"},"canonical":"https:\/\/royaldoor.com.ar\/home\/integridad\/","og_locale":"es_ES","og_type":"article","og_title":"Integridad - RoyalDoor","og_url":"https:\/\/royaldoor.com.ar\/home\/integridad\/","og_site_name":"RoyalDoor","article_modified_time":"2020-10-23T12:21:41+00:00","twitter_card":"summary_large_image","twitter_misc":{"Tiempo de lectura":"3 minutos"},"schema":{"@context":"https:\/\/schema.org","@graph":[{"@type":"WebPage","@id":"https:\/\/royaldoor.com.ar\/home\/integridad\/","url":"https:\/\/royaldoor.com.ar\/home\/integridad\/","name":"Integridad - RoyalDoor","isPartOf":{"@id":"https:\/\/royaldoor.com.ar\/home\/#website"},"datePublished":"2020-10-23T11:32:36+00:00","dateModified":"2020-10-23T12:21:41+00:00","breadcrumb":{"@id":"https:\/\/royaldoor.com.ar\/home\/integridad\/#breadcrumb"},"inLanguage":"es","potentialAction":[{"@type":"ReadAction","target":["https:\/\/royaldoor.com.ar\/home\/integridad\/"]}]},{"@type":"BreadcrumbList","@id":"https:\/\/royaldoor.com.ar\/home\/integridad\/#breadcrumb","itemListElement":[{"@type":"ListItem","position":1,"name":"Portada","item":"https:\/\/royaldoor.com.ar\/home\/"},{"@type":"ListItem","position":2,"name":"Integridad"}]},{"@type":"WebSite","@id":"https:\/\/royaldoor.com.ar\/home\/#website","url":"https:\/\/royaldoor.com.ar\/home\/","name":"RoyalDoor","description":"F\u00e1brica de muebles","potentialAction":[{"@type":"SearchAction","target":{"@type":"EntryPoint","urlTemplate":"https:\/\/royaldoor.com.ar\/home\/?s={search_term_string}"},"query-input":"required name=search_term_string"}],"inLanguage":"es"}]}},"_links":{"self":[{"href":"https:\/\/royaldoor.com.ar\/home\/wp-json\/wp\/v2\/pages\/635"}],"collection":[{"href":"https:\/\/royaldoor.com.ar\/home\/wp-json\/wp\/v2\/pages"}],"about":[{"href":"https:\/\/royaldoor.com.ar\/home\/wp-json\/wp\/v2\/types\/page"}],"author":[{"embeddable":true,"href":"https:\/\/royaldoor.com.ar\/home\/wp-json\/wp\/v2\/users\/1"}],"replies":[{"embeddable":true,"href":"https:\/\/royaldoor.com.ar\/home\/wp-json\/wp\/v2\/comments?post=635"}],"version-history":[{"count":7,"href":"https:\/\/royaldoor.com.ar\/home\/wp-json\/wp\/v2\/pages\/635\/revisions"}],"predecessor-version":[{"id":650,"href":"https:\/\/royaldoor.com.ar\/home\/wp-json\/wp\/v2\/pages\/635\/revisions\/650"}],"wp:attachment":[{"href":"https:\/\/royaldoor.com.ar\/home\/wp-json\/wp\/v2\/media?parent=635"}],"curies":[{"name":"wp","href":"https:\/\/api.w.org\/{rel}","templated":true}]}}