{"id":14,"date":"2019-03-20T12:30:06","date_gmt":"2019-03-20T12:30:06","guid":{"rendered":"https:\/\/royaldoor.com.ar\/home\/?page_id=14"},"modified":"2025-05-14T19:55:35","modified_gmt":"2025-05-14T19:55:35","slug":"contacto","status":"publish","type":"page","link":"https:\/\/royaldoor.com.ar\/home\/contacto\/","title":{"rendered":"Contacto"},"content":{"rendered":"\n\t<section class=\"section\" id=\"section_460972655\">\n\t\t<div class=\"bg section-bg fill bg-fill  bg-loaded\" >\n\n\t\t\t\n\t\t\t<div class=\"section-bg-overlay absolute fill\"><\/div>\n\t\t\t\n\n\t\t<\/div>\n\n\t\t<div class=\"section-content relative\">\n\t\t\t\n\n<div class=\"row\"  id=\"row-1239740061\">\n\n\n\t<div id=\"col-1258095880\" class=\"col medium-6 small-12 large-6\"  >\n\t\t\t\t<div class=\"col-inner\"  >\n\t\t\t\n\t\t\t\n\n<h2>CONTACTENOS<\/h2>\n<!-- &#091;contact-form-7 id=\"10\"&#093; -->\n\n<!--  ----------------------------------------------------------------------  -->\n<!--  NOTE: Please add the following <META> element to your page <HEAD>.      -->\n<!--  If necessary, please modify the charset parameter to specify the        -->\n<!--  character set of your HTML page.                                        -->\n<!--  ----------------------------------------------------------------------  -->\n<META HTTP-EQUIV=\"Content-type\" CONTENT=\"text\/html; charset=UTF-8\">\n<!--  ----------------------------------------------------------------------  -->\n<!--  NOTE: Please add the following <FORM> element to your page.             -->\n<!--  ----------------------------------------------------------------------  -->\n<form action=\"https:\/\/webto.salesforce.com\/servlet\/servlet.WebToLead?encoding=UTF-8&#038;orgId=00DHu00000Iaci9\" method=\"POST\">\n<input type=hidden name=\"oid\" value=\"00DHu00000Iaci9\">\n<input type=\"hidden\" id=\"lead_source\" name=\"lead_source\" value=\"Sitio RoyalDoor\">\n<input type=hidden name=\"retURL\" value=\"https:\/\/royaldoor.com.ar\/home\/\">\n<!--  ----------------------------------------------------------------------  -->\n<!--  NOTE: These fields are optional debugging elements. Please uncomment    -->\n<!--  these lines if you wish to test in debug mode.                          -->\n<!--  <input type=\"hidden\" name=\"debug\" value=1>                              -->\n<!--  <input type=\"hidden\" name=\"debugEmail\"                                  -->\n<!--  value=\"lautaro@royaldoor.com.ar\">                                       -->\n<!--  ----------------------------------------------------------------------  -->\n<label for=\"first_name\">Nombre (requerido)<\/label><input  id=\"first_name\" maxlength=\"80\" name=\"first_name\" size=\"20\" type=\"text\" required \/><br>\n<label for=\"last_name\">Apellido (requerido)<\/label><input  id=\"last_name\" maxlength=\"80\" name=\"last_name\" size=\"20\" type=\"text\" required \/><br>\n<label for=\"email\">Email (requerido)<\/label><input id=\"email\" maxlength=\"80\" name=\"email\" size=\"20\" type=\"email\" required \/><br>\n<label for=\"phone\">Tel\u00e9fono (requerido)<\/label><input  id=\"phone\" maxlength=\"20\" name=\"phone\" size=\"20\" type=\"number\" required \/><br>\n<label for=\"mensaje\">Tu Mensaje<\/label><textarea  id=\"00NHu00001m921d\" name=\"00NHu00001m921d\" rows=\"3\" type=\"text\" wrap=\"soft\"><\/textarea><br>\n<input type=\"submit\" name=\"submit\">\n<\/form>\n\n\n\t\t<\/div>\n\t\t\t\t\t<\/div>\n\n\t\n\n\t<div id=\"col-538524670\" class=\"col medium-5 small-12 large-5\"  >\n\t\t\t\t<div class=\"col-inner\"  >\n\t\t\t\n\t\t\t\n\n<div class=\"is-divider divider clearfix\" style=\"margin-top:2.2em;margin-bottom:2.2em;background-color:rgba(0, 0, 0, 0);\"><\/div>\n\n<h2 class=\"uppercase\">SOLICITE SU ASESOR DE VENTAS mayorista<\/h2>\n<p><span style=\"font-size: 105%;\">Asesor de ventas:\u00a0<a href=\"mailto:lautaro@royaldoor.com.ar\">lautaro@royaldoor.com.ar<\/a><\/span><\/p>\n<p>TENEMOS A SU DISPOSICI\u00d3N NUESTRO PERSONAL ESPECIALIZADO PARA AYUDARLE A REALIZAR SU PEDIDO O RESPONDER SUS CONSULTAS.<\/p>\n\n\t\t<\/div>\n\t\t\t\t\t<\/div>\n\n\t\n\n<\/div>\n<div class=\"row row-collapse align-center\"  id=\"row-1284507631\">\n\n\n\t<div id=\"col-1896797160\" class=\"col large-12\"  >\n\t\t\t\t<div class=\"col-inner\"  >\n\t\t\t\n\t\t\t\n\n<p><iframe loading=\"lazy\" src=\"https:\/\/www.google.com\/maps\/embed?pb=!1m18!1m12!1m3!1d3279.289645421357!2d-58.72037978476716!3d-34.723092780428736!2m3!1f0!2f0!3f0!3m2!1i1024!2i768!4f13.1!3m3!1m2!1s0x95bcc1c89a8569b5%3A0x2fdf8c4cd01393af!2sAv.%20Otero%20549%2C%20B1761BWH%20Pontevedra%2C%20Buenos%20Aires!5e0!3m2!1ses-419!2sar!4v1582309340002!5m2!1ses-419!2sar\" width=\"100%\" height=\"500\" frameborder=\"0\" style=\"border:0;\" allowfullscreen=\"\"><\/iframe><\/p>\n<p>Av. Otero 549 &#8211; Pontevedra, Merlo &#8211; Buenos Aires &#8211; Argentina<\/p>\n\n\t\t<\/div>\n\t\t\t\t\t<\/div>\n\n\t\n\n<\/div>\n\n\t\t<\/div>\n\n\t\t\n<style>\n#section_460972655 {\n  padding-top: 0px;\n  padding-bottom: 0px;\n}\n#section_460972655 .section-bg-overlay {\n  background-color: rgba(255, 255, 255, 0.85);\n}\n<\/style>\n\t<\/section>\n\t\n","protected":false},"excerpt":{"rendered":"","protected":false},"author":1,"featured_media":0,"parent":0,"menu_order":0,"comment_status":"closed","ping_status":"closed","template":"","meta":{"_joinchat":[],"footnotes":""},"yoast_head":"<!-- This site is optimized with the Yoast SEO plugin v22.7 - https:\/\/yoast.com\/wordpress\/plugins\/seo\/ -->\n<title>Contacto - RoyalDoor<\/title>\n<meta name=\"description\" content=\"F\u00e1brica de muebles de Ca\u00f1o, para el Hogar y jard\u00edn, oficina y educaci\u00f3n. Todos nuestros productos se realizan con materia prima de alcalidad, con dise\u00f1os est\u00e1ndares y modernos.\" \/>\n<meta name=\"robots\" content=\"index, follow, max-snippet:-1, max-image-preview:large, max-video-preview:-1\" \/>\n<link rel=\"canonical\" href=\"https:\/\/royaldoor.com.ar\/home\/contacto\/\" \/>\n<meta property=\"og:locale\" content=\"es_ES\" \/>\n<meta property=\"og:type\" content=\"article\" \/>\n<meta property=\"og:title\" content=\"Contacto - RoyalDoor\" \/>\n<meta property=\"og:description\" content=\"F\u00e1brica de muebles de Ca\u00f1o, para el Hogar y jard\u00edn, oficina y educaci\u00f3n. Todos nuestros productos se realizan con materia prima de alcalidad, con dise\u00f1os est\u00e1ndares y modernos.\" \/>\n<meta property=\"og:url\" content=\"https:\/\/royaldoor.com.ar\/home\/contacto\/\" \/>\n<meta property=\"og:site_name\" content=\"RoyalDoor\" \/>\n<meta property=\"article:modified_time\" content=\"2025-05-14T19:55:35+00:00\" \/>\n<meta name=\"twitter:card\" content=\"summary_large_image\" \/>\n<meta name=\"twitter:label1\" content=\"Tiempo de lectura\" \/>\n\t<meta name=\"twitter:data1\" content=\"1 minuto\" \/>\n<script type=\"application\/ld+json\" class=\"yoast-schema-graph\">{\"@context\":\"https:\/\/schema.org\",\"@graph\":[{\"@type\":\"WebPage\",\"@id\":\"https:\/\/royaldoor.com.ar\/home\/contacto\/\",\"url\":\"https:\/\/royaldoor.com.ar\/home\/contacto\/\",\"name\":\"Contacto - RoyalDoor\",\"isPartOf\":{\"@id\":\"https:\/\/royaldoor.com.ar\/home\/#website\"},\"datePublished\":\"2019-03-20T12:30:06+00:00\",\"dateModified\":\"2025-05-14T19:55:35+00:00\",\"description\":\"F\u00e1brica de muebles de Ca\u00f1o, para el Hogar y jard\u00edn, oficina y educaci\u00f3n. Todos nuestros productos se realizan con materia prima de alcalidad, con dise\u00f1os est\u00e1ndares y modernos.\",\"breadcrumb\":{\"@id\":\"https:\/\/royaldoor.com.ar\/home\/contacto\/#breadcrumb\"},\"inLanguage\":\"es\",\"potentialAction\":[{\"@type\":\"ReadAction\",\"target\":[\"https:\/\/royaldoor.com.ar\/home\/contacto\/\"]}]},{\"@type\":\"BreadcrumbList\",\"@id\":\"https:\/\/royaldoor.com.ar\/home\/contacto\/#breadcrumb\",\"itemListElement\":[{\"@type\":\"ListItem\",\"position\":1,\"name\":\"Portada\",\"item\":\"https:\/\/royaldoor.com.ar\/home\/\"},{\"@type\":\"ListItem\",\"position\":2,\"name\":\"Contacto\"}]},{\"@type\":\"WebSite\",\"@id\":\"https:\/\/royaldoor.com.ar\/home\/#website\",\"url\":\"https:\/\/royaldoor.com.ar\/home\/\",\"name\":\"RoyalDoor\",\"description\":\"F\u00e1brica de muebles\",\"potentialAction\":[{\"@type\":\"SearchAction\",\"target\":{\"@type\":\"EntryPoint\",\"urlTemplate\":\"https:\/\/royaldoor.com.ar\/home\/?s={search_term_string}\"},\"query-input\":\"required name=search_term_string\"}],\"inLanguage\":\"es\"}]}<\/script>\n<!-- \/ Yoast SEO plugin. -->","yoast_head_json":{"title":"Contacto - RoyalDoor","description":"F\u00e1brica de muebles de Ca\u00f1o, para el Hogar y jard\u00edn, oficina y educaci\u00f3n. Todos nuestros productos se realizan con materia prima de alcalidad, con dise\u00f1os est\u00e1ndares y modernos.","robots":{"index":"index","follow":"follow","max-snippet":"max-snippet:-1","max-image-preview":"max-image-preview:large","max-video-preview":"max-video-preview:-1"},"canonical":"https:\/\/royaldoor.com.ar\/home\/contacto\/","og_locale":"es_ES","og_type":"article","og_title":"Contacto - RoyalDoor","og_description":"F\u00e1brica de muebles de Ca\u00f1o, para el Hogar y jard\u00edn, oficina y educaci\u00f3n. Todos nuestros productos se realizan con materia prima de alcalidad, con dise\u00f1os est\u00e1ndares y modernos.","og_url":"https:\/\/royaldoor.com.ar\/home\/contacto\/","og_site_name":"RoyalDoor","article_modified_time":"2025-05-14T19:55:35+00:00","twitter_card":"summary_large_image","twitter_misc":{"Tiempo de lectura":"1 minuto"},"schema":{"@context":"https:\/\/schema.org","@graph":[{"@type":"WebPage","@id":"https:\/\/royaldoor.com.ar\/home\/contacto\/","url":"https:\/\/royaldoor.com.ar\/home\/contacto\/","name":"Contacto - RoyalDoor","isPartOf":{"@id":"https:\/\/royaldoor.com.ar\/home\/#website"},"datePublished":"2019-03-20T12:30:06+00:00","dateModified":"2025-05-14T19:55:35+00:00","description":"F\u00e1brica de muebles de Ca\u00f1o, para el Hogar y jard\u00edn, oficina y educaci\u00f3n. Todos nuestros productos se realizan con materia prima de alcalidad, con dise\u00f1os est\u00e1ndares y modernos.","breadcrumb":{"@id":"https:\/\/royaldoor.com.ar\/home\/contacto\/#breadcrumb"},"inLanguage":"es","potentialAction":[{"@type":"ReadAction","target":["https:\/\/royaldoor.com.ar\/home\/contacto\/"]}]},{"@type":"BreadcrumbList","@id":"https:\/\/royaldoor.com.ar\/home\/contacto\/#breadcrumb","itemListElement":[{"@type":"ListItem","position":1,"name":"Portada","item":"https:\/\/royaldoor.com.ar\/home\/"},{"@type":"ListItem","position":2,"name":"Contacto"}]},{"@type":"WebSite","@id":"https:\/\/royaldoor.com.ar\/home\/#website","url":"https:\/\/royaldoor.com.ar\/home\/","name":"RoyalDoor","description":"F\u00e1brica de muebles","potentialAction":[{"@type":"SearchAction","target":{"@type":"EntryPoint","urlTemplate":"https:\/\/royaldoor.com.ar\/home\/?s={search_term_string}"},"query-input":"required name=search_term_string"}],"inLanguage":"es"}]}},"_links":{"self":[{"href":"https:\/\/royaldoor.com.ar\/home\/wp-json\/wp\/v2\/pages\/14"}],"collection":[{"href":"https:\/\/royaldoor.com.ar\/home\/wp-json\/wp\/v2\/pages"}],"about":[{"href":"https:\/\/royaldoor.com.ar\/home\/wp-json\/wp\/v2\/types\/page"}],"author":[{"embeddable":true,"href":"https:\/\/royaldoor.com.ar\/home\/wp-json\/wp\/v2\/users\/1"}],"replies":[{"embeddable":true,"href":"https:\/\/royaldoor.com.ar\/home\/wp-json\/wp\/v2\/comments?post=14"}],"version-history":[{"count":24,"href":"https:\/\/royaldoor.com.ar\/home\/wp-json\/wp\/v2\/pages\/14\/revisions"}],"predecessor-version":[{"id":1135,"href":"https:\/\/royaldoor.com.ar\/home\/wp-json\/wp\/v2\/pages\/14\/revisions\/1135"}],"wp:attachment":[{"href":"https:\/\/royaldoor.com.ar\/home\/wp-json\/wp\/v2\/media?parent=14"}],"curies":[{"name":"wp","href":"https:\/\/api.w.org\/{rel}","templated":true}]}}